{"id":13,"date":"2014-12-20T19:50:48","date_gmt":"2014-12-20T19:50:48","guid":{"rendered":"http:\/\/dreamhaven.pl\/2015\/?page_id=13"},"modified":"2015-01-18T02:12:33","modified_gmt":"2015-01-18T01:12:33","slug":"dlaczego-warto-przyjechac","status":"publish","type":"page","link":"http:\/\/dreamhaven.pl\/2015\/dlaczego-warto-przyjechac\/","title":{"rendered":"Dlaczego warto przyjecha\u0107"},"content":{"rendered":"<p>Szukasz miejsca gdzie :<\/p>\n<ul>\n<li>B\u0119dziesz m\u00f3g\u0142 w\u0142\u0105czy\u0107 si\u0119 w spo\u0142eczno\u015b\u0107<\/li>\n<li>Zostaniesz ciep\u0142o przyj\u0119ty;<\/li>\n<li>Gry s\u0105 dobre, a ludzie serdeczni;<\/li>\n<li>Prze\u017cyjesz niesamowite przygody w nieznanych \u015bwiatach;<\/li>\n<\/ul>\n<p>Oferujemy Ci festiwal, na kt\u00f3rym:<\/p>\n<ul>\n<li>Zagrasz w innowacyjne larpy, jeepy, gry;<\/li>\n<li>Poprowadzisz t\u0119 gr\u0119, kt\u00f3r\u0105 napisa\u0142e\u015b lata temu, ale nigdy nie poprowadzi\u0142e\u015b;<\/li>\n<li>B\u0119dziesz m\u00f3g\u0142 poprowadzi\u0107 gotowy scenariusz;<\/li>\n<li>Sprawny, logistyczny team postara si\u0119 spe\u0142ni\u0107 Twoje nawet najbardziej szalone pomys\u0142y;<\/li>\n<li><strong>Przez dwa dni, razem z setk\u0105 innych graczy przeniesiesz si\u0119 do miasteczka rodem z Dzikiego Zachodu;<\/strong><\/li>\n<\/ul>\n<p>\u00a0Masz pomys\u0142y, w\u0105tpliwo\u015bci, pytania?<a title=\"skontaktuj si\u0119 z nami!\" href=\"http:\/\/dreamhaven.pl\/2015\/kontakt\/\"> Skontaktuj si\u0119 z nami!<\/a><\/p>\n<p>Ju\u017c w lipcu wyrusz z nami w podr\u00f3\u017c ku przygodzie! Zapraszamy!<\/p>\n","protected":false},"excerpt":{"rendered":"<p>Szukasz miejsca gdzie : B\u0119dziesz m\u00f3g\u0142 w\u0142\u0105czy\u0107 si\u0119 w spo\u0142eczno\u015b\u0107 Zostaniesz ciep\u0142o przyj\u0119ty; Gry s\u0105 dobre, a ludzie serdeczni; Prze\u017cyjesz niesamowite przygody w nieznanych \u015bwiatach; Oferujemy Ci festiwal, na kt\u00f3rym: Zagrasz w innowacyjne larpy, jeepy, gry; Poprowadzisz t\u0119 gr\u0119, kt\u00f3r\u0105 napisa\u0142e\u015b lata temu, ale nigdy nie poprowadzi\u0142e\u015b; B\u0119dziesz m\u00f3g\u0142 poprowadzi\u0107 gotowy scenariusz; Sprawny, logistyczny team &hellip; <a href=\"http:\/\/dreamhaven.pl\/2015\/dlaczego-warto-przyjechac\/\" class=\"more-link\">Czytaj dalej <span class=\"screen-reader-text\">Dlaczego warto przyjecha\u0107<\/span><\/a><\/p>\n","protected":false},"author":1,"featured_media":297,"parent":0,"menu_order":0,"comment_status":"closed","ping_status":"open","template":"page-templates\/full-width-page.php","meta":{"_monsterinsights_skip_tracking":false,"_monsterinsights_sitenote_active":false,"_monsterinsights_sitenote_note":"","_monsterinsights_sitenote_category":0,"jetpack_post_was_ever_published":false,"footnotes":""},"class_list":["post-13","page","type-page","status-publish","has-post-thumbnail","hentry"],"yoast_head":"<!-- This site is optimized with the Yoast SEO plugin v27.2 - https:\/\/yoast.com\/product\/yoast-seo-wordpress\/ -->\n<title>Dlaczego warto przyjecha\u0107 - DreamHaven 2015<\/title>\n<meta name=\"robots\" content=\"index, follow, max-snippet:-1, max-image-preview:large, max-video-preview:-1\" \/>\n<link rel=\"canonical\" href=\"http:\/\/dreamhaven.pl\/2015\/dlaczego-warto-przyjechac\/\" \/>\n<meta property=\"og:locale\" content=\"pl_PL\" \/>\n<meta property=\"og:type\" content=\"article\" \/>\n<meta property=\"og:title\" content=\"Dlaczego warto przyjecha\u0107 - DreamHaven 2015\" \/>\n<meta property=\"og:description\" content=\"Szukasz miejsca gdzie : B\u0119dziesz m\u00f3g\u0142 w\u0142\u0105czy\u0107 si\u0119 w spo\u0142eczno\u015b\u0107 Zostaniesz ciep\u0142o przyj\u0119ty; Gry s\u0105 dobre, a ludzie serdeczni; Prze\u017cyjesz niesamowite przygody w nieznanych \u015bwiatach; Oferujemy Ci festiwal, na kt\u00f3rym: Zagrasz w innowacyjne larpy, jeepy, gry; Poprowadzisz t\u0119 gr\u0119, kt\u00f3r\u0105 napisa\u0142e\u015b lata temu, ale nigdy nie poprowadzi\u0142e\u015b; B\u0119dziesz m\u00f3g\u0142 poprowadzi\u0107 gotowy scenariusz; Sprawny, logistyczny team &hellip; Czytaj dalej Dlaczego warto przyjecha\u0107\" \/>\n<meta property=\"og:url\" content=\"http:\/\/dreamhaven.pl\/2015\/dlaczego-warto-przyjechac\/\" \/>\n<meta property=\"og:site_name\" content=\"DreamHaven 2015\" \/>\n<meta property=\"article:modified_time\" content=\"2015-01-18T01:12:33+00:00\" \/>\n<meta property=\"og:image\" content=\"https:\/\/i0.wp.com\/dreamhaven.pl\/2015\/wp-content\/uploads\/sites\/2\/2014\/12\/czemuwarto.jpg?fit=1230%2C409\" \/>\n\t<meta property=\"og:image:width\" content=\"1230\" \/>\n\t<meta property=\"og:image:height\" content=\"409\" \/>\n\t<meta property=\"og:image:type\" content=\"image\/jpeg\" \/>\n<meta name=\"twitter:card\" content=\"summary_large_image\" \/>\n<meta name=\"twitter:label1\" content=\"Szacowany czas czytania\" \/>\n\t<meta name=\"twitter:data1\" content=\"1 minuta\" \/>\n<script type=\"application\/ld+json\" class=\"yoast-schema-graph\">{\"@context\":\"https:\/\/schema.org\",\"@graph\":[{\"@type\":\"WebPage\",\"@id\":\"http:\/\/dreamhaven.pl\/2015\/dlaczego-warto-przyjechac\/\",\"url\":\"http:\/\/dreamhaven.pl\/2015\/dlaczego-warto-przyjechac\/\",\"name\":\"Dlaczego warto przyjecha\u0107 - DreamHaven 2015\",\"isPartOf\":{\"@id\":\"http:\/\/dreamhaven.pl\/2015\/#website\"},\"primaryImageOfPage\":{\"@id\":\"http:\/\/dreamhaven.pl\/2015\/dlaczego-warto-przyjechac\/#primaryimage\"},\"image\":{\"@id\":\"http:\/\/dreamhaven.pl\/2015\/dlaczego-warto-przyjechac\/#primaryimage\"},\"thumbnailUrl\":\"https:\/\/i0.wp.com\/dreamhaven.pl\/2015\/wp-content\/uploads\/sites\/2\/2014\/12\/czemuwarto.jpg?fit=1230%2C409\",\"datePublished\":\"2014-12-20T19:50:48+00:00\",\"dateModified\":\"2015-01-18T01:12:33+00:00\",\"breadcrumb\":{\"@id\":\"http:\/\/dreamhaven.pl\/2015\/dlaczego-warto-przyjechac\/#breadcrumb\"},\"inLanguage\":\"pl-PL\",\"potentialAction\":[{\"@type\":\"ReadAction\",\"target\":[\"http:\/\/dreamhaven.pl\/2015\/dlaczego-warto-przyjechac\/\"]}]},{\"@type\":\"ImageObject\",\"inLanguage\":\"pl-PL\",\"@id\":\"http:\/\/dreamhaven.pl\/2015\/dlaczego-warto-przyjechac\/#primaryimage\",\"url\":\"https:\/\/i0.wp.com\/dreamhaven.pl\/2015\/wp-content\/uploads\/sites\/2\/2014\/12\/czemuwarto.jpg?fit=1230%2C409\",\"contentUrl\":\"https:\/\/i0.wp.com\/dreamhaven.pl\/2015\/wp-content\/uploads\/sites\/2\/2014\/12\/czemuwarto.jpg?fit=1230%2C409\",\"width\":1230,\"height\":409},{\"@type\":\"BreadcrumbList\",\"@id\":\"http:\/\/dreamhaven.pl\/2015\/dlaczego-warto-przyjechac\/#breadcrumb\",\"itemListElement\":[{\"@type\":\"ListItem\",\"position\":1,\"name\":\"Home\",\"item\":\"http:\/\/dreamhaven.pl\/2015\/\"},{\"@type\":\"ListItem\",\"position\":2,\"name\":\"Dlaczego warto przyjecha\u0107\"}]},{\"@type\":\"WebSite\",\"@id\":\"http:\/\/dreamhaven.pl\/2015\/#website\",\"url\":\"http:\/\/dreamhaven.pl\/2015\/\",\"name\":\"DreamHaven 2015\",\"description\":\"Festiwal Innowacji Larpowych\",\"potentialAction\":[{\"@type\":\"SearchAction\",\"target\":{\"@type\":\"EntryPoint\",\"urlTemplate\":\"http:\/\/dreamhaven.pl\/2015\/?s={search_term_string}\"},\"query-input\":{\"@type\":\"PropertyValueSpecification\",\"valueRequired\":true,\"valueName\":\"search_term_string\"}}],\"inLanguage\":\"pl-PL\"}]}<\/script>\n<!-- \/ Yoast SEO plugin. -->","yoast_head_json":{"title":"Dlaczego warto przyjecha\u0107 - DreamHaven 2015","robots":{"index":"index","follow":"follow","max-snippet":"max-snippet:-1","max-image-preview":"max-image-preview:large","max-video-preview":"max-video-preview:-1"},"canonical":"http:\/\/dreamhaven.pl\/2015\/dlaczego-warto-przyjechac\/","og_locale":"pl_PL","og_type":"article","og_title":"Dlaczego warto przyjecha\u0107 - DreamHaven 2015","og_description":"Szukasz miejsca gdzie : B\u0119dziesz m\u00f3g\u0142 w\u0142\u0105czy\u0107 si\u0119 w spo\u0142eczno\u015b\u0107 Zostaniesz ciep\u0142o przyj\u0119ty; Gry s\u0105 dobre, a ludzie serdeczni; Prze\u017cyjesz niesamowite przygody w nieznanych \u015bwiatach; Oferujemy Ci festiwal, na kt\u00f3rym: Zagrasz w innowacyjne larpy, jeepy, gry; Poprowadzisz t\u0119 gr\u0119, kt\u00f3r\u0105 napisa\u0142e\u015b lata temu, ale nigdy nie poprowadzi\u0142e\u015b; B\u0119dziesz m\u00f3g\u0142 poprowadzi\u0107 gotowy scenariusz; Sprawny, logistyczny team &hellip; Czytaj dalej Dlaczego warto przyjecha\u0107","og_url":"http:\/\/dreamhaven.pl\/2015\/dlaczego-warto-przyjechac\/","og_site_name":"DreamHaven 2015","article_modified_time":"2015-01-18T01:12:33+00:00","og_image":[{"width":1230,"height":409,"url":"https:\/\/i0.wp.com\/dreamhaven.pl\/2015\/wp-content\/uploads\/sites\/2\/2014\/12\/czemuwarto.jpg?fit=1230%2C409","type":"image\/jpeg"}],"twitter_card":"summary_large_image","twitter_misc":{"Szacowany czas czytania":"1 minuta"},"schema":{"@context":"https:\/\/schema.org","@graph":[{"@type":"WebPage","@id":"http:\/\/dreamhaven.pl\/2015\/dlaczego-warto-przyjechac\/","url":"http:\/\/dreamhaven.pl\/2015\/dlaczego-warto-przyjechac\/","name":"Dlaczego warto przyjecha\u0107 - DreamHaven 2015","isPartOf":{"@id":"http:\/\/dreamhaven.pl\/2015\/#website"},"primaryImageOfPage":{"@id":"http:\/\/dreamhaven.pl\/2015\/dlaczego-warto-przyjechac\/#primaryimage"},"image":{"@id":"http:\/\/dreamhaven.pl\/2015\/dlaczego-warto-przyjechac\/#primaryimage"},"thumbnailUrl":"https:\/\/i0.wp.com\/dreamhaven.pl\/2015\/wp-content\/uploads\/sites\/2\/2014\/12\/czemuwarto.jpg?fit=1230%2C409","datePublished":"2014-12-20T19:50:48+00:00","dateModified":"2015-01-18T01:12:33+00:00","breadcrumb":{"@id":"http:\/\/dreamhaven.pl\/2015\/dlaczego-warto-przyjechac\/#breadcrumb"},"inLanguage":"pl-PL","potentialAction":[{"@type":"ReadAction","target":["http:\/\/dreamhaven.pl\/2015\/dlaczego-warto-przyjechac\/"]}]},{"@type":"ImageObject","inLanguage":"pl-PL","@id":"http:\/\/dreamhaven.pl\/2015\/dlaczego-warto-przyjechac\/#primaryimage","url":"https:\/\/i0.wp.com\/dreamhaven.pl\/2015\/wp-content\/uploads\/sites\/2\/2014\/12\/czemuwarto.jpg?fit=1230%2C409","contentUrl":"https:\/\/i0.wp.com\/dreamhaven.pl\/2015\/wp-content\/uploads\/sites\/2\/2014\/12\/czemuwarto.jpg?fit=1230%2C409","width":1230,"height":409},{"@type":"BreadcrumbList","@id":"http:\/\/dreamhaven.pl\/2015\/dlaczego-warto-przyjechac\/#breadcrumb","itemListElement":[{"@type":"ListItem","position":1,"name":"Home","item":"http:\/\/dreamhaven.pl\/2015\/"},{"@type":"ListItem","position":2,"name":"Dlaczego warto przyjecha\u0107"}]},{"@type":"WebSite","@id":"http:\/\/dreamhaven.pl\/2015\/#website","url":"http:\/\/dreamhaven.pl\/2015\/","name":"DreamHaven 2015","description":"Festiwal Innowacji Larpowych","potentialAction":[{"@type":"SearchAction","target":{"@type":"EntryPoint","urlTemplate":"http:\/\/dreamhaven.pl\/2015\/?s={search_term_string}"},"query-input":{"@type":"PropertyValueSpecification","valueRequired":true,"valueName":"search_term_string"}}],"inLanguage":"pl-PL"}]}},"jetpack_sharing_enabled":true,"jetpack_shortlink":"https:\/\/wp.me\/P73JPe-d","jetpack_likes_enabled":true,"_links":{"self":[{"href":"http:\/\/dreamhaven.pl\/2015\/wp-json\/wp\/v2\/pages\/13","targetHints":{"allow":["GET"]}}],"collection":[{"href":"http:\/\/dreamhaven.pl\/2015\/wp-json\/wp\/v2\/pages"}],"about":[{"href":"http:\/\/dreamhaven.pl\/2015\/wp-json\/wp\/v2\/types\/page"}],"author":[{"embeddable":true,"href":"http:\/\/dreamhaven.pl\/2015\/wp-json\/wp\/v2\/users\/1"}],"replies":[{"embeddable":true,"href":"http:\/\/dreamhaven.pl\/2015\/wp-json\/wp\/v2\/comments?post=13"}],"version-history":[{"count":1,"href":"http:\/\/dreamhaven.pl\/2015\/wp-json\/wp\/v2\/pages\/13\/revisions"}],"predecessor-version":[{"id":1376,"href":"http:\/\/dreamhaven.pl\/2015\/wp-json\/wp\/v2\/pages\/13\/revisions\/1376"}],"wp:featuredmedia":[{"embeddable":true,"href":"http:\/\/dreamhaven.pl\/2015\/wp-json\/wp\/v2\/media\/297"}],"wp:attachment":[{"href":"http:\/\/dreamhaven.pl\/2015\/wp-json\/wp\/v2\/media?parent=13"}],"curies":[{"name":"wp","href":"https:\/\/api.w.org\/{rel}","templated":true}]}}