{"id":16,"date":"2014-12-20T20:03:34","date_gmt":"2014-12-20T20:03:34","guid":{"rendered":"http:\/\/dreamhaven.pl\/2015\/?page_id=16"},"modified":"2015-03-14T10:30:48","modified_gmt":"2015-03-14T09:30:48","slug":"o-festiwalu","status":"publish","type":"page","link":"http:\/\/dreamhaven.pl\/2015\/o-festiwalu\/","title":{"rendered":"O Festiwalu"},"content":{"rendered":"<p>Jeste\u015bmy grup\u0105 graczy i organizator\u00f3w larp\u00f3w, wychowanych w r\u00f3\u017cnych \u015brodowiskach, lubi\u0105cych r\u00f3\u017cne gry. \u0141\u0105czy nas potrzeba miejsca, gdzie ka\u017cdy tw\u00f3rca i gracz b\u0119dzie wa\u017cny, gdzie ka\u017cda gra b\u0119dzie warto\u015bciowa a r\u00f3\u017cne do\u015bwiadczenia pos\u0142u\u017c\u0105 wzajemnej inspiracji.<\/p>\n<p>Chcemy wspie\u00adra\u0107 tw\u00f3r\u00adc\u00f3w w prze\u00adkszta\u0142\u00adca\u00adniu marze\u0144 i sn\u00f3w w rze\u00adczy\u00adwi\u00adsto\u015b\u0107. Szu\u00adkamy nowo\u00ad\u015bci, cie\u00adka\u00adwych opo\u00adwie\u00ad\u015bci, inte\u00adre\u00adsu\u00adj\u0105\u00adcych gier, sta\u00adwiamy na nie\u00adogra\u00adni\u00adczony wyb\u00f3r, nie dys\u00adkry\u00admi\u00adnu\u00adjemy \u2013 jeepy, kr\u00f3t\u00adkie i d\u0142u\u00adgie larpy, tere\u00adn\u00f3wki, gry miej\u00adskie \u2013 wszystko, czego <strong>Wy<\/strong> zapragnie\u00adcie.<\/p>\n<p>Chcemy razem z Wami stwo\u00adrzy\u0107 <strong>miej\u00adsce do roz\u00adwoju<\/strong>, testo\u00adwa\u00adnia nowych lar\u00adp\u00f3w, gra\u00adnia, pozna\u00adwa\u00adnia ludzi, dzie\u00adle\u00adnia si\u0119 \u2013 cza\u00adsem, zdol\u00adno\u00ad\u015bciami, przyja\u017ani\u0105.<\/p>\n<p>Chcemy miejsca gdzie nowo poznana osoba zosta\u00adnie zapro\u00adszona do sto\u00adlika. Gdzie b\u0119dzie mo\u017cna \u015bmia\u0107 si\u0119, p\u0142a\u00adka\u0107 albo po pro\u00adstu dobrze si\u0119 bawi\u0107 na lar\u00adpie. Gdzie b\u0119dzie mo\u017cna powy\u00adg\u0142u\u00adpia\u0107 si\u0119 przy ogni\u00adsku, ta\u0144\u00adczy\u0107 do bia\u00ad\u0142ego rana, k\u0105pa\u0107 si\u0119 w jezio\u00adrze, opa\u00adla\u0107 na molo. I \u2014 co naj\u00adwa\u017c\u00adniej\u00adsze \u2014 gdzie nie b\u0119dziemy sobie obcy.<\/p>\n<p>W odpowiedzi na te potrzeby, powsta\u0142<strong> Festiwal Innowacji Larpowych \u201eDreamhaven<\/strong>\u201d, jako przysta\u0144 dla inspiracji, innowacji i <strong>czego\u015b wi\u0119cej<\/strong>.<\/p>\n<p>\u201eDre\u00adam\u00adha\u00adven\u201d to nie tylko lar\u00adpowe nowo\u015bci i nie\u00adtu\u00adzin\u00adkowe histo\u00adrie. To te\u017c krysz\u00adta\u00ad\u0142owo czy\u00adste jezioro, przepi\u0119kne Kaszubskie lasy i ludzie \u2013 tak nowi jak i dobrze znani. Chcemy, \u017ceby ten impreza by\u0142 miej\u00adscem, gdzie wszy\u00adscy razem two\u00adrzymy inspiruj\u0105c\u0105 atmosfer\u0119..<\/p>\n<p>Co najwa\u017cniejsze, pami\u0119\u00adtaj\u00adcie: <strong>ten festi\u00adwal two\u00adrzy\u00adcie Wy<\/strong>.<\/p>\n","protected":false},"excerpt":{"rendered":"<p>Jeste\u015bmy grup\u0105 graczy i organizator\u00f3w larp\u00f3w, wychowanych w r\u00f3\u017cnych \u015brodowiskach, lubi\u0105cych r\u00f3\u017cne gry. \u0141\u0105czy nas potrzeba miejsca, gdzie ka\u017cdy tw\u00f3rca i gracz b\u0119dzie wa\u017cny, gdzie ka\u017cda gra b\u0119dzie warto\u015bciowa a r\u00f3\u017cne do\u015bwiadczenia pos\u0142u\u017c\u0105 wzajemnej inspiracji. Chcemy wspie\u00adra\u0107 tw\u00f3r\u00adc\u00f3w w prze\u00adkszta\u0142\u00adca\u00adniu marze\u0144 i sn\u00f3w w rze\u00adczy\u00adwi\u00adsto\u015b\u0107. Szu\u00adkamy nowo\u00ad\u015bci, cie\u00adka\u00adwych opo\u00adwie\u00ad\u015bci, inte\u00adre\u00adsu\u00adj\u0105\u00adcych gier, sta\u00adwiamy na nie\u00adogra\u00adni\u00adczony wyb\u00f3r, &hellip; <a href=\"http:\/\/dreamhaven.pl\/2015\/o-festiwalu\/\" class=\"more-link\">Czytaj dalej <span class=\"screen-reader-text\">O Festiwalu<\/span><\/a><\/p>\n","protected":false},"author":1,"featured_media":301,"parent":0,"menu_order":0,"comment_status":"closed","ping_status":"open","template":"page-templates\/full-width-page.php","meta":{"_monsterinsights_skip_tracking":false,"_monsterinsights_sitenote_active":false,"_monsterinsights_sitenote_note":"","_monsterinsights_sitenote_category":0,"jetpack_post_was_ever_published":false,"footnotes":""},"class_list":["post-16","page","type-page","status-publish","has-post-thumbnail","hentry"],"yoast_head":"<!-- This site is optimized with the Yoast SEO plugin v27.2 - https:\/\/yoast.com\/product\/yoast-seo-wordpress\/ -->\n<title>O Festiwalu - DreamHaven 2015<\/title>\n<meta name=\"robots\" content=\"index, follow, max-snippet:-1, max-image-preview:large, max-video-preview:-1\" \/>\n<link rel=\"canonical\" href=\"http:\/\/dreamhaven.pl\/2015\/o-festiwalu\/\" \/>\n<meta property=\"og:locale\" content=\"pl_PL\" \/>\n<meta property=\"og:type\" content=\"article\" \/>\n<meta property=\"og:title\" content=\"O Festiwalu - DreamHaven 2015\" \/>\n<meta property=\"og:description\" content=\"Jeste\u015bmy grup\u0105 graczy i organizator\u00f3w larp\u00f3w, wychowanych w r\u00f3\u017cnych \u015brodowiskach, lubi\u0105cych r\u00f3\u017cne gry. \u0141\u0105czy nas potrzeba miejsca, gdzie ka\u017cdy tw\u00f3rca i gracz b\u0119dzie wa\u017cny, gdzie ka\u017cda gra b\u0119dzie warto\u015bciowa a r\u00f3\u017cne do\u015bwiadczenia pos\u0142u\u017c\u0105 wzajemnej inspiracji. Chcemy wspie\u00adra\u0107 tw\u00f3r\u00adc\u00f3w w prze\u00adkszta\u0142\u00adca\u00adniu marze\u0144 i sn\u00f3w w rze\u00adczy\u00adwi\u00adsto\u015b\u0107. Szu\u00adkamy nowo\u00ad\u015bci, cie\u00adka\u00adwych opo\u00adwie\u00ad\u015bci, inte\u00adre\u00adsu\u00adj\u0105\u00adcych gier, sta\u00adwiamy na nie\u00adogra\u00adni\u00adczony wyb\u00f3r, &hellip; Czytaj dalej O Festiwalu\" \/>\n<meta property=\"og:url\" content=\"http:\/\/dreamhaven.pl\/2015\/o-festiwalu\/\" \/>\n<meta property=\"og:site_name\" content=\"DreamHaven 2015\" \/>\n<meta property=\"article:modified_time\" content=\"2015-03-14T09:30:48+00:00\" \/>\n<meta property=\"og:image\" content=\"https:\/\/i0.wp.com\/dreamhaven.pl\/2015\/wp-content\/uploads\/sites\/2\/2014\/12\/o-festiwalu.jpg?fit=1230%2C409\" \/>\n\t<meta property=\"og:image:width\" content=\"1230\" \/>\n\t<meta property=\"og:image:height\" content=\"409\" \/>\n\t<meta property=\"og:image:type\" content=\"image\/jpeg\" \/>\n<meta name=\"twitter:card\" content=\"summary_large_image\" \/>\n<meta name=\"twitter:label1\" content=\"Szacowany czas czytania\" \/>\n\t<meta name=\"twitter:data1\" content=\"2 minuty\" \/>\n<script type=\"application\/ld+json\" class=\"yoast-schema-graph\">{\"@context\":\"https:\/\/schema.org\",\"@graph\":[{\"@type\":\"WebPage\",\"@id\":\"http:\/\/dreamhaven.pl\/2015\/o-festiwalu\/\",\"url\":\"http:\/\/dreamhaven.pl\/2015\/o-festiwalu\/\",\"name\":\"O Festiwalu - DreamHaven 2015\",\"isPartOf\":{\"@id\":\"http:\/\/dreamhaven.pl\/2015\/#website\"},\"primaryImageOfPage\":{\"@id\":\"http:\/\/dreamhaven.pl\/2015\/o-festiwalu\/#primaryimage\"},\"image\":{\"@id\":\"http:\/\/dreamhaven.pl\/2015\/o-festiwalu\/#primaryimage\"},\"thumbnailUrl\":\"https:\/\/i0.wp.com\/dreamhaven.pl\/2015\/wp-content\/uploads\/sites\/2\/2014\/12\/o-festiwalu.jpg?fit=1230%2C409\",\"datePublished\":\"2014-12-20T20:03:34+00:00\",\"dateModified\":\"2015-03-14T09:30:48+00:00\",\"breadcrumb\":{\"@id\":\"http:\/\/dreamhaven.pl\/2015\/o-festiwalu\/#breadcrumb\"},\"inLanguage\":\"pl-PL\",\"potentialAction\":[{\"@type\":\"ReadAction\",\"target\":[\"http:\/\/dreamhaven.pl\/2015\/o-festiwalu\/\"]}]},{\"@type\":\"ImageObject\",\"inLanguage\":\"pl-PL\",\"@id\":\"http:\/\/dreamhaven.pl\/2015\/o-festiwalu\/#primaryimage\",\"url\":\"https:\/\/i0.wp.com\/dreamhaven.pl\/2015\/wp-content\/uploads\/sites\/2\/2014\/12\/o-festiwalu.jpg?fit=1230%2C409\",\"contentUrl\":\"https:\/\/i0.wp.com\/dreamhaven.pl\/2015\/wp-content\/uploads\/sites\/2\/2014\/12\/o-festiwalu.jpg?fit=1230%2C409\",\"width\":1230,\"height\":409},{\"@type\":\"BreadcrumbList\",\"@id\":\"http:\/\/dreamhaven.pl\/2015\/o-festiwalu\/#breadcrumb\",\"itemListElement\":[{\"@type\":\"ListItem\",\"position\":1,\"name\":\"Home\",\"item\":\"http:\/\/dreamhaven.pl\/2015\/\"},{\"@type\":\"ListItem\",\"position\":2,\"name\":\"O Festiwalu\"}]},{\"@type\":\"WebSite\",\"@id\":\"http:\/\/dreamhaven.pl\/2015\/#website\",\"url\":\"http:\/\/dreamhaven.pl\/2015\/\",\"name\":\"DreamHaven 2015\",\"description\":\"Festiwal Innowacji Larpowych\",\"potentialAction\":[{\"@type\":\"SearchAction\",\"target\":{\"@type\":\"EntryPoint\",\"urlTemplate\":\"http:\/\/dreamhaven.pl\/2015\/?s={search_term_string}\"},\"query-input\":{\"@type\":\"PropertyValueSpecification\",\"valueRequired\":true,\"valueName\":\"search_term_string\"}}],\"inLanguage\":\"pl-PL\"}]}<\/script>\n<!-- \/ Yoast SEO plugin. -->","yoast_head_json":{"title":"O Festiwalu - DreamHaven 2015","robots":{"index":"index","follow":"follow","max-snippet":"max-snippet:-1","max-image-preview":"max-image-preview:large","max-video-preview":"max-video-preview:-1"},"canonical":"http:\/\/dreamhaven.pl\/2015\/o-festiwalu\/","og_locale":"pl_PL","og_type":"article","og_title":"O Festiwalu - DreamHaven 2015","og_description":"Jeste\u015bmy grup\u0105 graczy i organizator\u00f3w larp\u00f3w, wychowanych w r\u00f3\u017cnych \u015brodowiskach, lubi\u0105cych r\u00f3\u017cne gry. \u0141\u0105czy nas potrzeba miejsca, gdzie ka\u017cdy tw\u00f3rca i gracz b\u0119dzie wa\u017cny, gdzie ka\u017cda gra b\u0119dzie warto\u015bciowa a r\u00f3\u017cne do\u015bwiadczenia pos\u0142u\u017c\u0105 wzajemnej inspiracji. Chcemy wspie\u00adra\u0107 tw\u00f3r\u00adc\u00f3w w prze\u00adkszta\u0142\u00adca\u00adniu marze\u0144 i sn\u00f3w w rze\u00adczy\u00adwi\u00adsto\u015b\u0107. Szu\u00adkamy nowo\u00ad\u015bci, cie\u00adka\u00adwych opo\u00adwie\u00ad\u015bci, inte\u00adre\u00adsu\u00adj\u0105\u00adcych gier, sta\u00adwiamy na nie\u00adogra\u00adni\u00adczony wyb\u00f3r, &hellip; Czytaj dalej O Festiwalu","og_url":"http:\/\/dreamhaven.pl\/2015\/o-festiwalu\/","og_site_name":"DreamHaven 2015","article_modified_time":"2015-03-14T09:30:48+00:00","og_image":[{"width":1230,"height":409,"url":"https:\/\/i0.wp.com\/dreamhaven.pl\/2015\/wp-content\/uploads\/sites\/2\/2014\/12\/o-festiwalu.jpg?fit=1230%2C409","type":"image\/jpeg"}],"twitter_card":"summary_large_image","twitter_misc":{"Szacowany czas czytania":"2 minuty"},"schema":{"@context":"https:\/\/schema.org","@graph":[{"@type":"WebPage","@id":"http:\/\/dreamhaven.pl\/2015\/o-festiwalu\/","url":"http:\/\/dreamhaven.pl\/2015\/o-festiwalu\/","name":"O Festiwalu - DreamHaven 2015","isPartOf":{"@id":"http:\/\/dreamhaven.pl\/2015\/#website"},"primaryImageOfPage":{"@id":"http:\/\/dreamhaven.pl\/2015\/o-festiwalu\/#primaryimage"},"image":{"@id":"http:\/\/dreamhaven.pl\/2015\/o-festiwalu\/#primaryimage"},"thumbnailUrl":"https:\/\/i0.wp.com\/dreamhaven.pl\/2015\/wp-content\/uploads\/sites\/2\/2014\/12\/o-festiwalu.jpg?fit=1230%2C409","datePublished":"2014-12-20T20:03:34+00:00","dateModified":"2015-03-14T09:30:48+00:00","breadcrumb":{"@id":"http:\/\/dreamhaven.pl\/2015\/o-festiwalu\/#breadcrumb"},"inLanguage":"pl-PL","potentialAction":[{"@type":"ReadAction","target":["http:\/\/dreamhaven.pl\/2015\/o-festiwalu\/"]}]},{"@type":"ImageObject","inLanguage":"pl-PL","@id":"http:\/\/dreamhaven.pl\/2015\/o-festiwalu\/#primaryimage","url":"https:\/\/i0.wp.com\/dreamhaven.pl\/2015\/wp-content\/uploads\/sites\/2\/2014\/12\/o-festiwalu.jpg?fit=1230%2C409","contentUrl":"https:\/\/i0.wp.com\/dreamhaven.pl\/2015\/wp-content\/uploads\/sites\/2\/2014\/12\/o-festiwalu.jpg?fit=1230%2C409","width":1230,"height":409},{"@type":"BreadcrumbList","@id":"http:\/\/dreamhaven.pl\/2015\/o-festiwalu\/#breadcrumb","itemListElement":[{"@type":"ListItem","position":1,"name":"Home","item":"http:\/\/dreamhaven.pl\/2015\/"},{"@type":"ListItem","position":2,"name":"O Festiwalu"}]},{"@type":"WebSite","@id":"http:\/\/dreamhaven.pl\/2015\/#website","url":"http:\/\/dreamhaven.pl\/2015\/","name":"DreamHaven 2015","description":"Festiwal Innowacji Larpowych","potentialAction":[{"@type":"SearchAction","target":{"@type":"EntryPoint","urlTemplate":"http:\/\/dreamhaven.pl\/2015\/?s={search_term_string}"},"query-input":{"@type":"PropertyValueSpecification","valueRequired":true,"valueName":"search_term_string"}}],"inLanguage":"pl-PL"}]}},"jetpack_sharing_enabled":true,"jetpack_shortlink":"https:\/\/wp.me\/P73JPe-g","jetpack_likes_enabled":true,"_links":{"self":[{"href":"http:\/\/dreamhaven.pl\/2015\/wp-json\/wp\/v2\/pages\/16","targetHints":{"allow":["GET"]}}],"collection":[{"href":"http:\/\/dreamhaven.pl\/2015\/wp-json\/wp\/v2\/pages"}],"about":[{"href":"http:\/\/dreamhaven.pl\/2015\/wp-json\/wp\/v2\/types\/page"}],"author":[{"embeddable":true,"href":"http:\/\/dreamhaven.pl\/2015\/wp-json\/wp\/v2\/users\/1"}],"replies":[{"embeddable":true,"href":"http:\/\/dreamhaven.pl\/2015\/wp-json\/wp\/v2\/comments?post=16"}],"version-history":[{"count":0,"href":"http:\/\/dreamhaven.pl\/2015\/wp-json\/wp\/v2\/pages\/16\/revisions"}],"wp:featuredmedia":[{"embeddable":true,"href":"http:\/\/dreamhaven.pl\/2015\/wp-json\/wp\/v2\/media\/301"}],"wp:attachment":[{"href":"http:\/\/dreamhaven.pl\/2015\/wp-json\/wp\/v2\/media?parent=16"}],"curies":[{"name":"wp","href":"https:\/\/api.w.org\/{rel}","templated":true}]}}