{"id":19,"date":"2014-12-20T20:22:56","date_gmt":"2014-12-20T20:22:56","guid":{"rendered":"http:\/\/dreamhaven.pl\/2015\/?page_id=19"},"modified":"2015-01-29T21:24:49","modified_gmt":"2015-01-29T20:24:49","slug":"gdzie-i-kiedy","status":"publish","type":"page","link":"http:\/\/dreamhaven.pl\/2015\/gdzie-i-kiedy\/","title":{"rendered":"Gdzie i kiedy"},"content":{"rendered":"<p><span style=\"font-size: 12pt;\"><strong>Festiwal Innowacji Larpowych Dreamhaven<\/strong> odb\u0119dzie si\u0119 na &#8222;Przystanku Alaska&#8221; w Gli\u015bnie Wielkim, w dniach 3-12 lipca 2015.<\/span><\/p>\n<h3>Gdzie?<\/h3>\n<table style=\"height: 335px;\" width=\"966\">\n<tbody>\n<tr>\n<td style=\"width: 50%; text-align: left;\">\n<p>&nbsp;<\/p>\n<p><strong>&#8222;Przystanek Alaska&#8221;<\/strong>,<br \/>Gli\u015bno Wielkie 3,<br \/>77-130 Lipnica.<\/p>\n<p><a title=\"Wirtualny spacer po Alasce\" href=\"http:\/\/www.artmoon.pl\/galleries\/panoramy\/alaska\/alaska.html\" target=\"_blank\">Wirtualny spacer po Alasce<\/a><\/p>\n<\/td>\n<td style=\"width: 50%; text-align: center; vertical-align: middle;\"><iframe loading=\"lazy\" style=\"border: 0;\" src=\"https:\/\/www.google.com\/maps\/embed?pb=!1m14!1m8!1m3!1d2341.738767075516!2d17.348077999999994!3d54.060641!3m2!1i1024!2i768!4f13.1!3m3!1m2!1s0x470204cd93cb0297%3A0xbe68d3ed2dc413b3!2sPrzystanek+Alaska!5e0!3m2!1spl!2spl!4v1419127939572\" width=\"300\" height=\"200\" frameborder=\"0\"><\/iframe>\u00a0<\/td>\n<\/tr>\n<\/tbody>\n<\/table>\n<h3>Co i kiedy?<\/h3>\n<p><strong>3 lipca<\/strong> &#8211; przyjazdy i rejestracja uczestnik\u00f3w.<br \/><strong>4 lipca<\/strong> &#8211;\u00a0 otwarcie festiwalu.<br \/><strong>8 &#8211; 10 lipca<\/strong> (\u015broda &#8211; pi\u0105tek) &#8211;\u00a0Gra G\u0142\u00f3wna.<br \/><strong>11 lipca<\/strong> \u2013 Chill Pill, dzie\u0144 na sprz\u0105tanie, om\u00f3wienie wra\u017ce\u0144 po grze i \u2026odpoczynek przed wyruszeniem w drog\u0119 powrotn\u0105.<br \/><strong>12 lipca<\/strong> &#8211; dzie\u0144 rozjazd\u00f3w i po\u017cegna\u0144.<\/p>\n","protected":false},"excerpt":{"rendered":"<p>Festiwal Innowacji Larpowych Dreamhaven odb\u0119dzie si\u0119 na &#8222;Przystanku Alaska&#8221; w Gli\u015bnie Wielkim, w dniach 3-12 lipca 2015. Gdzie? &nbsp; &#8222;Przystanek Alaska&#8221;,Gli\u015bno Wielkie 3,77-130 Lipnica. Wirtualny spacer po Alasce \u00a0 Co i kiedy? 3 lipca &#8211; przyjazdy i rejestracja uczestnik\u00f3w.4 lipca &#8211;\u00a0 otwarcie festiwalu.8 &#8211; 10 lipca (\u015broda &#8211; pi\u0105tek) &#8211;\u00a0Gra G\u0142\u00f3wna.11 lipca \u2013 Chill Pill, &hellip; <a href=\"http:\/\/dreamhaven.pl\/2015\/gdzie-i-kiedy\/\" class=\"more-link\">Czytaj dalej <span class=\"screen-reader-text\">Gdzie i kiedy<\/span><\/a><\/p>\n","protected":false},"author":1,"featured_media":0,"parent":0,"menu_order":0,"comment_status":"closed","ping_status":"open","template":"page-templates\/full-width-page.php","meta":{"_monsterinsights_skip_tracking":false,"_monsterinsights_sitenote_active":false,"_monsterinsights_sitenote_note":"","_monsterinsights_sitenote_category":0,"jetpack_post_was_ever_published":false,"footnotes":""},"class_list":["post-19","page","type-page","status-publish","hentry"],"yoast_head":"<!-- This site is optimized with the Yoast SEO plugin v27.2 - https:\/\/yoast.com\/product\/yoast-seo-wordpress\/ -->\n<title>Gdzie i kiedy - DreamHaven 2015<\/title>\n<meta name=\"robots\" content=\"index, follow, max-snippet:-1, max-image-preview:large, max-video-preview:-1\" \/>\n<link rel=\"canonical\" href=\"http:\/\/dreamhaven.pl\/2015\/gdzie-i-kiedy\/\" \/>\n<meta property=\"og:locale\" content=\"pl_PL\" \/>\n<meta property=\"og:type\" content=\"article\" \/>\n<meta property=\"og:title\" content=\"Gdzie i kiedy - DreamHaven 2015\" \/>\n<meta property=\"og:description\" content=\"Festiwal Innowacji Larpowych Dreamhaven odb\u0119dzie si\u0119 na &#8222;Przystanku Alaska&#8221; w Gli\u015bnie Wielkim, w dniach 3-12 lipca 2015. Gdzie? &nbsp; &#8222;Przystanek Alaska&#8221;,Gli\u015bno Wielkie 3,77-130 Lipnica. Wirtualny spacer po Alasce \u00a0 Co i kiedy? 3 lipca &#8211; przyjazdy i rejestracja uczestnik\u00f3w.4 lipca &#8211;\u00a0 otwarcie festiwalu.8 &#8211; 10 lipca (\u015broda &#8211; pi\u0105tek) &#8211;\u00a0Gra G\u0142\u00f3wna.11 lipca \u2013 Chill Pill, &hellip; Czytaj dalej Gdzie i kiedy\" \/>\n<meta property=\"og:url\" content=\"http:\/\/dreamhaven.pl\/2015\/gdzie-i-kiedy\/\" \/>\n<meta property=\"og:site_name\" content=\"DreamHaven 2015\" \/>\n<meta property=\"article:modified_time\" content=\"2015-01-29T20:24:49+00:00\" \/>\n<meta name=\"twitter:card\" content=\"summary_large_image\" \/>\n<script type=\"application\/ld+json\" class=\"yoast-schema-graph\">{\"@context\":\"https:\/\/schema.org\",\"@graph\":[{\"@type\":\"WebPage\",\"@id\":\"http:\/\/dreamhaven.pl\/2015\/gdzie-i-kiedy\/\",\"url\":\"http:\/\/dreamhaven.pl\/2015\/gdzie-i-kiedy\/\",\"name\":\"Gdzie i kiedy - DreamHaven 2015\",\"isPartOf\":{\"@id\":\"http:\/\/dreamhaven.pl\/2015\/#website\"},\"datePublished\":\"2014-12-20T20:22:56+00:00\",\"dateModified\":\"2015-01-29T20:24:49+00:00\",\"breadcrumb\":{\"@id\":\"http:\/\/dreamhaven.pl\/2015\/gdzie-i-kiedy\/#breadcrumb\"},\"inLanguage\":\"pl-PL\",\"potentialAction\":[{\"@type\":\"ReadAction\",\"target\":[\"http:\/\/dreamhaven.pl\/2015\/gdzie-i-kiedy\/\"]}]},{\"@type\":\"BreadcrumbList\",\"@id\":\"http:\/\/dreamhaven.pl\/2015\/gdzie-i-kiedy\/#breadcrumb\",\"itemListElement\":[{\"@type\":\"ListItem\",\"position\":1,\"name\":\"Home\",\"item\":\"http:\/\/dreamhaven.pl\/2015\/\"},{\"@type\":\"ListItem\",\"position\":2,\"name\":\"Gdzie i kiedy\"}]},{\"@type\":\"WebSite\",\"@id\":\"http:\/\/dreamhaven.pl\/2015\/#website\",\"url\":\"http:\/\/dreamhaven.pl\/2015\/\",\"name\":\"DreamHaven 2015\",\"description\":\"Festiwal Innowacji Larpowych\",\"potentialAction\":[{\"@type\":\"SearchAction\",\"target\":{\"@type\":\"EntryPoint\",\"urlTemplate\":\"http:\/\/dreamhaven.pl\/2015\/?s={search_term_string}\"},\"query-input\":{\"@type\":\"PropertyValueSpecification\",\"valueRequired\":true,\"valueName\":\"search_term_string\"}}],\"inLanguage\":\"pl-PL\"}]}<\/script>\n<!-- \/ Yoast SEO plugin. -->","yoast_head_json":{"title":"Gdzie i kiedy - DreamHaven 2015","robots":{"index":"index","follow":"follow","max-snippet":"max-snippet:-1","max-image-preview":"max-image-preview:large","max-video-preview":"max-video-preview:-1"},"canonical":"http:\/\/dreamhaven.pl\/2015\/gdzie-i-kiedy\/","og_locale":"pl_PL","og_type":"article","og_title":"Gdzie i kiedy - DreamHaven 2015","og_description":"Festiwal Innowacji Larpowych Dreamhaven odb\u0119dzie si\u0119 na &#8222;Przystanku Alaska&#8221; w Gli\u015bnie Wielkim, w dniach 3-12 lipca 2015. Gdzie? &nbsp; &#8222;Przystanek Alaska&#8221;,Gli\u015bno Wielkie 3,77-130 Lipnica. Wirtualny spacer po Alasce \u00a0 Co i kiedy? 3 lipca &#8211; przyjazdy i rejestracja uczestnik\u00f3w.4 lipca &#8211;\u00a0 otwarcie festiwalu.8 &#8211; 10 lipca (\u015broda &#8211; pi\u0105tek) &#8211;\u00a0Gra G\u0142\u00f3wna.11 lipca \u2013 Chill Pill, &hellip; Czytaj dalej Gdzie i kiedy","og_url":"http:\/\/dreamhaven.pl\/2015\/gdzie-i-kiedy\/","og_site_name":"DreamHaven 2015","article_modified_time":"2015-01-29T20:24:49+00:00","twitter_card":"summary_large_image","schema":{"@context":"https:\/\/schema.org","@graph":[{"@type":"WebPage","@id":"http:\/\/dreamhaven.pl\/2015\/gdzie-i-kiedy\/","url":"http:\/\/dreamhaven.pl\/2015\/gdzie-i-kiedy\/","name":"Gdzie i kiedy - DreamHaven 2015","isPartOf":{"@id":"http:\/\/dreamhaven.pl\/2015\/#website"},"datePublished":"2014-12-20T20:22:56+00:00","dateModified":"2015-01-29T20:24:49+00:00","breadcrumb":{"@id":"http:\/\/dreamhaven.pl\/2015\/gdzie-i-kiedy\/#breadcrumb"},"inLanguage":"pl-PL","potentialAction":[{"@type":"ReadAction","target":["http:\/\/dreamhaven.pl\/2015\/gdzie-i-kiedy\/"]}]},{"@type":"BreadcrumbList","@id":"http:\/\/dreamhaven.pl\/2015\/gdzie-i-kiedy\/#breadcrumb","itemListElement":[{"@type":"ListItem","position":1,"name":"Home","item":"http:\/\/dreamhaven.pl\/2015\/"},{"@type":"ListItem","position":2,"name":"Gdzie i kiedy"}]},{"@type":"WebSite","@id":"http:\/\/dreamhaven.pl\/2015\/#website","url":"http:\/\/dreamhaven.pl\/2015\/","name":"DreamHaven 2015","description":"Festiwal Innowacji Larpowych","potentialAction":[{"@type":"SearchAction","target":{"@type":"EntryPoint","urlTemplate":"http:\/\/dreamhaven.pl\/2015\/?s={search_term_string}"},"query-input":{"@type":"PropertyValueSpecification","valueRequired":true,"valueName":"search_term_string"}}],"inLanguage":"pl-PL"}]}},"jetpack_sharing_enabled":true,"jetpack_shortlink":"https:\/\/wp.me\/P73JPe-j","jetpack_likes_enabled":true,"_links":{"self":[{"href":"http:\/\/dreamhaven.pl\/2015\/wp-json\/wp\/v2\/pages\/19","targetHints":{"allow":["GET"]}}],"collection":[{"href":"http:\/\/dreamhaven.pl\/2015\/wp-json\/wp\/v2\/pages"}],"about":[{"href":"http:\/\/dreamhaven.pl\/2015\/wp-json\/wp\/v2\/types\/page"}],"author":[{"embeddable":true,"href":"http:\/\/dreamhaven.pl\/2015\/wp-json\/wp\/v2\/users\/1"}],"replies":[{"embeddable":true,"href":"http:\/\/dreamhaven.pl\/2015\/wp-json\/wp\/v2\/comments?post=19"}],"version-history":[{"count":0,"href":"http:\/\/dreamhaven.pl\/2015\/wp-json\/wp\/v2\/pages\/19\/revisions"}],"wp:attachment":[{"href":"http:\/\/dreamhaven.pl\/2015\/wp-json\/wp\/v2\/media?parent=19"}],"curies":[{"name":"wp","href":"https:\/\/api.w.org\/{rel}","templated":true}]}}