{"id":25,"date":"2014-12-20T20:57:31","date_gmt":"2014-12-20T20:57:31","guid":{"rendered":"http:\/\/dreamhaven.pl\/2015\/?page_id=25"},"modified":"2015-01-18T02:12:34","modified_gmt":"2015-01-18T01:12:34","slug":"regulamin-festiwalu-dreamhaven","status":"publish","type":"page","link":"http:\/\/dreamhaven.pl\/2015\/regulamin-festiwalu-dreamhaven\/","title":{"rendered":"Regulamin Festiwalu Dreamhaven"},"content":{"rendered":"<h3>Regulamin:<\/h3>\n<ol style=\"line-height: 200%;\">\n<li>Uczestnikiem jest ka\u017cda osoba, kt\u00f3ra ui\u015bci\u0142a akredytacj\u0119 i podpisa\u0142a list\u0119 uczestnik\u00f3w lub jest organizatorem festiwalu. Przez akredytacj\u0119 nale\u017cy rozumie\u0107 op\u0142at\u0119 w wyznaczonej kwocie, kt\u00f3ra nie stanowi przychodu i kt\u00f3ra w ca\u0142o\u015bci zostanie przeznaczona na pokrycie koszt\u00f3w zwi\u0105zanych z obs\u0142ug\u0105 festiwalu.<\/li>\n<li>Na terenie festiwalu mog\u0105 przebywa\u0107 tylko uczestnicy i organizatorzy festiwalu.<\/li>\n<li>Uczestnicy Dreamhaven zobowi\u0105zani s\u0105 do przestrzegania postanowie\u0144 niniejszego regulaminu, przepis\u00f3w przeciwpo\u017carowych i innych regulamin\u00f3w obowi\u0105zuj\u0105cych w miejscach stanowi\u0105cych obozowisko i teren gry, co nie wy\u0142\u0105cza obowi\u0105zk\u00f3w wynikaj\u0105cych z przepis\u00f3w prawa.<\/li>\n<li>Uczestnikiem Dreamhaven mo\u017ce by\u0107 jedynie osoba pe\u0142noletnia, legitymuj\u0105ca si\u0119 dokumentem potwierdzaj\u0105cym uko\u0144czenie 18 roku \u017cycia.<\/li>\n<li>Uczestnicy op\u0142acaj\u0105 ubezpieczenie we w\u0142asnym zakresie.<\/li>\n<li>Od momentu przyjazdu na teren festiwalu, przez kt\u00f3ry nale\u017cy rozumie\u0107 gospodarstwo agroturystyczne \u201ePrzystanek Alaska\u201d, do momentu zako\u0144czenia imprezy ka\u017cdy z uczestnik\u00f3w ponosi za swoje post\u0119powanie pe\u0142n\u0105 odpowiedzialno\u015b\u0107 finansow\u0105 i prawn\u0105. Organizatorzy nie odpowiadaj\u0105 za wypadki i\/lub szkody powsta\u0142e z przyczyn le\u017c\u0105cych po stronie kt\u00f3regokolwiek z uczestnik\u00f3w, lub inne zdarzenia prowadz\u0105ce lub mog\u0105ce prowadzi\u0107 do podobnych skutk\u00f3w.<\/li>\n<li>Organizatorzy nie ponosz\u0105 odpowiedzialno\u015bci za rzeczy zgubione, uszkodzone, utracone i\/lub pozostawione bez opieki podczas trwania festiwalu.<\/li>\n<li>Uczestnicy zobowi\u0105zani s\u0105 do kulturalnego zachowania si\u0119, szczeg\u00f3lnie w porze nocnej, tj. takiego, kt\u00f3re nie mo\u017ce by\u0107 uci\u0105\u017cliwe dla os\u00f3b trzecich ponad przeci\u0119tn\u0105 miar\u0119 przyj\u0119t\u0105 w stosunkach danego rodzaju.<\/li>\n<li>Uczestnikom zabrania si\u0119 w szczeg\u00f3lno\u015bci wnoszenia na teren festiwalu broni lub innych niebezpiecznych przedmiot\u00f3w (\u0142uki, kusze, proce itp.) oraz materia\u0142\u00f3w wybuchowych i wyrob\u00f3w pirotechnicznych bez oficjalnej zgody organizator\u00f3w, co nie b\u0119dzie oznacza\u0142o przej\u0119cie przez organizator\u00f3w odpowiedzialno\u015bci za skutki ich u\u017cycia.<\/li>\n<li>Uczestnicy s\u0105 zobowi\u0105zani zachowywa\u0107 si\u0119 w spos\u00f3b zapewniaj\u0105cy bezpiecze\u0144stwo wszystkim uczestnikom oraz osobom trzecim, a w szczeg\u00f3lno\u015bci przestrzega\u0107 postanowie\u0144 regulaminu imprezy.<\/li>\n<li>Osoby stwarzaj\u0105ce zagro\u017cenie dla mienia, \u017cycia i\/lub zdrowia w\u0142asnego lub innych uczestnik\u00f3w b\u0105d\u017a os\u00f3b trzecich b\u0119d\u0105 usuwane z Dreamhaven bez prawa powrotu i bez zwrotu akredytacji.<\/li>\n<li>Nadu\u017cywanie napoj\u00f3w alkoholowych i\/lub \u015brodk\u00f3w odurzaj\u0105cych mo\u017ce spowodowa\u0107 wyci\u0105gni\u0119cie konsekwencji, a\u017c do usuni\u0119cia z Dreamhaven bez zwrotu akredytacji.<\/li>\n<li>Uczestnicy s\u0105 zobowi\u0105zani do posiadania przy sobie identyfikatora przez ca\u0142y czas trwania festiwalu i bezzw\u0142ocznego okazania go na ka\u017cde wezwanie organizator\u00f3w.<\/li>\n<li>W przypadku wyst\u0105pienia zagro\u017cenia przeciwpo\u017carowego obowi\u0105zuje zakaz palenia z wyj\u0105tkiem miejsca do tego wyznaczonego. Miejsca takie wyznaczaj\u0105 organizatorzy.<\/li>\n<li>Uczestnicy zobowi\u0105zani s\u0105 do utrzymania porz\u0105dku i czysto\u015bci na terenie festiwalu, w szczeg\u00f3lno\u015bci w miejscu biwakowania.<\/li>\n<li>Uczestnicy bior\u0105cy udzia\u0142 w grach terenowych s\u0105 zobowi\u0105zani do przestrzegania ich zasad.<\/li>\n<li>Podpisanie listy uczestnik\u00f3w, jest r\u00f3wnoznaczne z potwierdzeniem zapoznania si\u0119 z tre\u015bci\u0105 regulaminu i zobowi\u0105zaniem do jego bezwarunkowego przestrzegania. Ka\u017cda osoba kt\u00f3ra w dowolnej formie bierze udzia\u0142 w festiwalu (go\u015b\u0107, uczestnik, obserwator) zobowi\u0105zana jest do podporz\u0105dkowania si\u0119 regulaminowi, z kt\u00f3rego tre\u015bci\u0105 si\u0119 zapozna\u0142a i akceptuje go w ca\u0142o\u015bci.<\/li>\n<li>We wszystkich przypadkach spornych obowi\u0105zuj\u0105 odpowiednie przepisy prawa.<\/li>\n<li>Nieznajomo\u015b\u0107 lub niezrozumienie postanowie\u0144 regulaminu nie zwalnia z jego przestrzegania.<\/li>\n<li>W sprawach spornych g\u0142os decyzyjny maj\u0105 organizatorzy.<\/li>\n<\/ol>\n","protected":false},"excerpt":{"rendered":"<p>Regulamin: Uczestnikiem jest ka\u017cda osoba, kt\u00f3ra ui\u015bci\u0142a akredytacj\u0119 i podpisa\u0142a list\u0119 uczestnik\u00f3w lub jest organizatorem festiwalu. Przez akredytacj\u0119 nale\u017cy rozumie\u0107 op\u0142at\u0119 w wyznaczonej kwocie, kt\u00f3ra nie stanowi przychodu i kt\u00f3ra w ca\u0142o\u015bci zostanie przeznaczona na pokrycie koszt\u00f3w zwi\u0105zanych z obs\u0142ug\u0105 festiwalu. Na terenie festiwalu mog\u0105 przebywa\u0107 tylko uczestnicy i organizatorzy festiwalu. Uczestnicy Dreamhaven zobowi\u0105zani s\u0105 &hellip; <a href=\"http:\/\/dreamhaven.pl\/2015\/regulamin-festiwalu-dreamhaven\/\" class=\"more-link\">Czytaj dalej <span class=\"screen-reader-text\">Regulamin Festiwalu Dreamhaven<\/span><\/a><\/p>\n","protected":false},"author":1,"featured_media":0,"parent":0,"menu_order":0,"comment_status":"closed","ping_status":"closed","template":"page-templates\/full-width-page.php","meta":{"_monsterinsights_skip_tracking":false,"_monsterinsights_sitenote_active":false,"_monsterinsights_sitenote_note":"","_monsterinsights_sitenote_category":0,"jetpack_post_was_ever_published":false,"footnotes":""},"class_list":["post-25","page","type-page","status-publish","hentry"],"yoast_head":"<!-- This site is optimized with the Yoast SEO plugin v27.2 - https:\/\/yoast.com\/product\/yoast-seo-wordpress\/ -->\n<title>Regulamin Festiwalu Dreamhaven - DreamHaven 2015<\/title>\n<meta name=\"robots\" content=\"index, follow, max-snippet:-1, max-image-preview:large, max-video-preview:-1\" \/>\n<link rel=\"canonical\" href=\"http:\/\/dreamhaven.pl\/2015\/regulamin-festiwalu-dreamhaven\/\" \/>\n<meta property=\"og:locale\" content=\"pl_PL\" \/>\n<meta property=\"og:type\" content=\"article\" \/>\n<meta property=\"og:title\" content=\"Regulamin Festiwalu Dreamhaven - DreamHaven 2015\" \/>\n<meta property=\"og:description\" content=\"Regulamin: Uczestnikiem jest ka\u017cda osoba, kt\u00f3ra ui\u015bci\u0142a akredytacj\u0119 i podpisa\u0142a list\u0119 uczestnik\u00f3w lub jest organizatorem festiwalu. Przez akredytacj\u0119 nale\u017cy rozumie\u0107 op\u0142at\u0119 w wyznaczonej kwocie, kt\u00f3ra nie stanowi przychodu i kt\u00f3ra w ca\u0142o\u015bci zostanie przeznaczona na pokrycie koszt\u00f3w zwi\u0105zanych z obs\u0142ug\u0105 festiwalu. Na terenie festiwalu mog\u0105 przebywa\u0107 tylko uczestnicy i organizatorzy festiwalu. Uczestnicy Dreamhaven zobowi\u0105zani s\u0105 &hellip; Czytaj dalej Regulamin Festiwalu Dreamhaven\" \/>\n<meta property=\"og:url\" content=\"http:\/\/dreamhaven.pl\/2015\/regulamin-festiwalu-dreamhaven\/\" \/>\n<meta property=\"og:site_name\" content=\"DreamHaven 2015\" \/>\n<meta property=\"article:modified_time\" content=\"2015-01-18T01:12:34+00:00\" \/>\n<meta name=\"twitter:card\" content=\"summary_large_image\" \/>\n<meta name=\"twitter:label1\" content=\"Szacowany czas czytania\" \/>\n\t<meta name=\"twitter:data1\" content=\"3 minuty\" \/>\n<script type=\"application\/ld+json\" class=\"yoast-schema-graph\">{\"@context\":\"https:\/\/schema.org\",\"@graph\":[{\"@type\":\"WebPage\",\"@id\":\"http:\/\/dreamhaven.pl\/2015\/regulamin-festiwalu-dreamhaven\/\",\"url\":\"http:\/\/dreamhaven.pl\/2015\/regulamin-festiwalu-dreamhaven\/\",\"name\":\"Regulamin Festiwalu Dreamhaven - DreamHaven 2015\",\"isPartOf\":{\"@id\":\"http:\/\/dreamhaven.pl\/2015\/#website\"},\"datePublished\":\"2014-12-20T20:57:31+00:00\",\"dateModified\":\"2015-01-18T01:12:34+00:00\",\"breadcrumb\":{\"@id\":\"http:\/\/dreamhaven.pl\/2015\/regulamin-festiwalu-dreamhaven\/#breadcrumb\"},\"inLanguage\":\"pl-PL\",\"potentialAction\":[{\"@type\":\"ReadAction\",\"target\":[\"http:\/\/dreamhaven.pl\/2015\/regulamin-festiwalu-dreamhaven\/\"]}]},{\"@type\":\"BreadcrumbList\",\"@id\":\"http:\/\/dreamhaven.pl\/2015\/regulamin-festiwalu-dreamhaven\/#breadcrumb\",\"itemListElement\":[{\"@type\":\"ListItem\",\"position\":1,\"name\":\"Home\",\"item\":\"http:\/\/dreamhaven.pl\/2015\/\"},{\"@type\":\"ListItem\",\"position\":2,\"name\":\"Regulamin Festiwalu Dreamhaven\"}]},{\"@type\":\"WebSite\",\"@id\":\"http:\/\/dreamhaven.pl\/2015\/#website\",\"url\":\"http:\/\/dreamhaven.pl\/2015\/\",\"name\":\"DreamHaven 2015\",\"description\":\"Festiwal Innowacji Larpowych\",\"potentialAction\":[{\"@type\":\"SearchAction\",\"target\":{\"@type\":\"EntryPoint\",\"urlTemplate\":\"http:\/\/dreamhaven.pl\/2015\/?s={search_term_string}\"},\"query-input\":{\"@type\":\"PropertyValueSpecification\",\"valueRequired\":true,\"valueName\":\"search_term_string\"}}],\"inLanguage\":\"pl-PL\"}]}<\/script>\n<!-- \/ Yoast SEO plugin. -->","yoast_head_json":{"title":"Regulamin Festiwalu Dreamhaven - DreamHaven 2015","robots":{"index":"index","follow":"follow","max-snippet":"max-snippet:-1","max-image-preview":"max-image-preview:large","max-video-preview":"max-video-preview:-1"},"canonical":"http:\/\/dreamhaven.pl\/2015\/regulamin-festiwalu-dreamhaven\/","og_locale":"pl_PL","og_type":"article","og_title":"Regulamin Festiwalu Dreamhaven - DreamHaven 2015","og_description":"Regulamin: Uczestnikiem jest ka\u017cda osoba, kt\u00f3ra ui\u015bci\u0142a akredytacj\u0119 i podpisa\u0142a list\u0119 uczestnik\u00f3w lub jest organizatorem festiwalu. Przez akredytacj\u0119 nale\u017cy rozumie\u0107 op\u0142at\u0119 w wyznaczonej kwocie, kt\u00f3ra nie stanowi przychodu i kt\u00f3ra w ca\u0142o\u015bci zostanie przeznaczona na pokrycie koszt\u00f3w zwi\u0105zanych z obs\u0142ug\u0105 festiwalu. Na terenie festiwalu mog\u0105 przebywa\u0107 tylko uczestnicy i organizatorzy festiwalu. Uczestnicy Dreamhaven zobowi\u0105zani s\u0105 &hellip; Czytaj dalej Regulamin Festiwalu Dreamhaven","og_url":"http:\/\/dreamhaven.pl\/2015\/regulamin-festiwalu-dreamhaven\/","og_site_name":"DreamHaven 2015","article_modified_time":"2015-01-18T01:12:34+00:00","twitter_card":"summary_large_image","twitter_misc":{"Szacowany czas czytania":"3 minuty"},"schema":{"@context":"https:\/\/schema.org","@graph":[{"@type":"WebPage","@id":"http:\/\/dreamhaven.pl\/2015\/regulamin-festiwalu-dreamhaven\/","url":"http:\/\/dreamhaven.pl\/2015\/regulamin-festiwalu-dreamhaven\/","name":"Regulamin Festiwalu Dreamhaven - DreamHaven 2015","isPartOf":{"@id":"http:\/\/dreamhaven.pl\/2015\/#website"},"datePublished":"2014-12-20T20:57:31+00:00","dateModified":"2015-01-18T01:12:34+00:00","breadcrumb":{"@id":"http:\/\/dreamhaven.pl\/2015\/regulamin-festiwalu-dreamhaven\/#breadcrumb"},"inLanguage":"pl-PL","potentialAction":[{"@type":"ReadAction","target":["http:\/\/dreamhaven.pl\/2015\/regulamin-festiwalu-dreamhaven\/"]}]},{"@type":"BreadcrumbList","@id":"http:\/\/dreamhaven.pl\/2015\/regulamin-festiwalu-dreamhaven\/#breadcrumb","itemListElement":[{"@type":"ListItem","position":1,"name":"Home","item":"http:\/\/dreamhaven.pl\/2015\/"},{"@type":"ListItem","position":2,"name":"Regulamin Festiwalu Dreamhaven"}]},{"@type":"WebSite","@id":"http:\/\/dreamhaven.pl\/2015\/#website","url":"http:\/\/dreamhaven.pl\/2015\/","name":"DreamHaven 2015","description":"Festiwal Innowacji Larpowych","potentialAction":[{"@type":"SearchAction","target":{"@type":"EntryPoint","urlTemplate":"http:\/\/dreamhaven.pl\/2015\/?s={search_term_string}"},"query-input":{"@type":"PropertyValueSpecification","valueRequired":true,"valueName":"search_term_string"}}],"inLanguage":"pl-PL"}]}},"jetpack_sharing_enabled":true,"jetpack_shortlink":"https:\/\/wp.me\/P73JPe-p","jetpack_likes_enabled":true,"_links":{"self":[{"href":"http:\/\/dreamhaven.pl\/2015\/wp-json\/wp\/v2\/pages\/25","targetHints":{"allow":["GET"]}}],"collection":[{"href":"http:\/\/dreamhaven.pl\/2015\/wp-json\/wp\/v2\/pages"}],"about":[{"href":"http:\/\/dreamhaven.pl\/2015\/wp-json\/wp\/v2\/types\/page"}],"author":[{"embeddable":true,"href":"http:\/\/dreamhaven.pl\/2015\/wp-json\/wp\/v2\/users\/1"}],"replies":[{"embeddable":true,"href":"http:\/\/dreamhaven.pl\/2015\/wp-json\/wp\/v2\/comments?post=25"}],"version-history":[{"count":0,"href":"http:\/\/dreamhaven.pl\/2015\/wp-json\/wp\/v2\/pages\/25\/revisions"}],"wp:attachment":[{"href":"http:\/\/dreamhaven.pl\/2015\/wp-json\/wp\/v2\/media?parent=25"}],"curies":[{"name":"wp","href":"https:\/\/api.w.org\/{rel}","templated":true}]}}