{"id":41,"date":"2014-12-20T22:46:49","date_gmt":"2014-12-20T22:46:49","guid":{"rendered":"http:\/\/dreamhaven.pl\/2015\/?page_id=41"},"modified":"2015-01-18T02:12:33","modified_gmt":"2015-01-18T01:12:33","slug":"jak-dotrzec","status":"publish","type":"page","link":"http:\/\/dreamhaven.pl\/2015\/jak-dotrzec\/","title":{"rendered":"Jak dotrze\u0107"},"content":{"rendered":"<h3>Dojazd transportem publicznym<\/h3>\n<p>Najbli\u017csze miasteczka to Gli\u015bno, Lipnica, Tuchomie i Byt\u00f3w.<\/p>\n<p>Do Bytowa doje\u017cd\u017caj\u0105 PKS\u2019y z wszystkich wi\u0119kszych miejscowo\u015bci.<\/p>\n<p>Z Bytowa do Tuchomia i Lipnicy je\u017cd\u017c\u0105 autobusy (Uwaga! Ostatni o 16.21!)<\/p>\n<p>Polecamy wyszukiwark\u0119 po\u0142\u0105cze\u0144 <a href=\"http:\/\/www.e-podroznik.pl\" target=\"_blank\">E-podr\u00f3\u017cnik<\/a><\/p>\n<h3>Transport alternatywny<\/h3>\n<p>Na Facebooku istniej\u0105 grupy dla os\u00f3b chc\u0105cych\u00a0zabra\u0107 si\u0119 carpoolingiem z\u00a0<a href=\"https:\/\/www.facebook.com\/groups\/362857147087071\/?fref=ts\" target=\"_blank\">Gda\u0144ska<\/a>\u00a0i <a href=\"https:\/\/www.facebook.com\/groups\/485768014811392\/?fref=ts\" target=\"_blank\">Gdyni<\/a>. \u00a0<\/p>\n<p>Polecamy serwis\u00a0<a href=\"http:\/\/www.blablacar.pl\" target=\"_blank\">Blablacar<\/a> oraz grup\u0119 FB<a href=\"https:\/\/www.facebook.com\/groups\/dojadenakrakon\/?fref=ts\"> Dojad\u0119 na Konwent.<\/a><\/p>\n","protected":false},"excerpt":{"rendered":"<p>Dojazd transportem publicznym Najbli\u017csze miasteczka to Gli\u015bno, Lipnica, Tuchomie i Byt\u00f3w. Do Bytowa doje\u017cd\u017caj\u0105 PKS\u2019y z wszystkich wi\u0119kszych miejscowo\u015bci. Z Bytowa do Tuchomia i Lipnicy je\u017cd\u017c\u0105 autobusy (Uwaga! Ostatni o 16.21!) Polecamy wyszukiwark\u0119 po\u0142\u0105cze\u0144 E-podr\u00f3\u017cnik Transport alternatywny Na Facebooku istniej\u0105 grupy dla os\u00f3b chc\u0105cych\u00a0zabra\u0107 si\u0119 carpoolingiem z\u00a0Gda\u0144ska\u00a0i Gdyni. \u00a0 Polecamy serwis\u00a0Blablacar oraz grup\u0119 FB Dojad\u0119 &hellip; <a href=\"http:\/\/dreamhaven.pl\/2015\/jak-dotrzec\/\" class=\"more-link\">Czytaj dalej <span class=\"screen-reader-text\">Jak dotrze\u0107<\/span><\/a><\/p>\n","protected":false},"author":1,"featured_media":0,"parent":0,"menu_order":0,"comment_status":"closed","ping_status":"closed","template":"page-templates\/full-width-page.php","meta":{"_monsterinsights_skip_tracking":false,"_monsterinsights_sitenote_active":false,"_monsterinsights_sitenote_note":"","_monsterinsights_sitenote_category":0,"jetpack_post_was_ever_published":false,"footnotes":""},"class_list":["post-41","page","type-page","status-publish","hentry"],"yoast_head":"<!-- This site is optimized with the Yoast SEO plugin v27.2 - https:\/\/yoast.com\/product\/yoast-seo-wordpress\/ -->\n<title>Jak dotrze\u0107 - DreamHaven 2015<\/title>\n<meta name=\"robots\" content=\"index, follow, max-snippet:-1, max-image-preview:large, max-video-preview:-1\" \/>\n<link rel=\"canonical\" href=\"http:\/\/dreamhaven.pl\/2015\/jak-dotrzec\/\" \/>\n<meta property=\"og:locale\" content=\"pl_PL\" \/>\n<meta property=\"og:type\" content=\"article\" \/>\n<meta property=\"og:title\" content=\"Jak dotrze\u0107 - DreamHaven 2015\" \/>\n<meta property=\"og:description\" content=\"Dojazd transportem publicznym Najbli\u017csze miasteczka to Gli\u015bno, Lipnica, Tuchomie i Byt\u00f3w. Do Bytowa doje\u017cd\u017caj\u0105 PKS\u2019y z wszystkich wi\u0119kszych miejscowo\u015bci. Z Bytowa do Tuchomia i Lipnicy je\u017cd\u017c\u0105 autobusy (Uwaga! Ostatni o 16.21!) Polecamy wyszukiwark\u0119 po\u0142\u0105cze\u0144 E-podr\u00f3\u017cnik Transport alternatywny Na Facebooku istniej\u0105 grupy dla os\u00f3b chc\u0105cych\u00a0zabra\u0107 si\u0119 carpoolingiem z\u00a0Gda\u0144ska\u00a0i Gdyni. \u00a0 Polecamy serwis\u00a0Blablacar oraz grup\u0119 FB Dojad\u0119 &hellip; Czytaj dalej Jak dotrze\u0107\" \/>\n<meta property=\"og:url\" content=\"http:\/\/dreamhaven.pl\/2015\/jak-dotrzec\/\" \/>\n<meta property=\"og:site_name\" content=\"DreamHaven 2015\" \/>\n<meta property=\"article:modified_time\" content=\"2015-01-18T01:12:33+00:00\" \/>\n<meta name=\"twitter:card\" content=\"summary_large_image\" \/>\n<script type=\"application\/ld+json\" class=\"yoast-schema-graph\">{\"@context\":\"https:\/\/schema.org\",\"@graph\":[{\"@type\":\"WebPage\",\"@id\":\"http:\/\/dreamhaven.pl\/2015\/jak-dotrzec\/\",\"url\":\"http:\/\/dreamhaven.pl\/2015\/jak-dotrzec\/\",\"name\":\"Jak dotrze\u0107 - DreamHaven 2015\",\"isPartOf\":{\"@id\":\"http:\/\/dreamhaven.pl\/2015\/#website\"},\"datePublished\":\"2014-12-20T22:46:49+00:00\",\"dateModified\":\"2015-01-18T01:12:33+00:00\",\"breadcrumb\":{\"@id\":\"http:\/\/dreamhaven.pl\/2015\/jak-dotrzec\/#breadcrumb\"},\"inLanguage\":\"pl-PL\",\"potentialAction\":[{\"@type\":\"ReadAction\",\"target\":[\"http:\/\/dreamhaven.pl\/2015\/jak-dotrzec\/\"]}]},{\"@type\":\"BreadcrumbList\",\"@id\":\"http:\/\/dreamhaven.pl\/2015\/jak-dotrzec\/#breadcrumb\",\"itemListElement\":[{\"@type\":\"ListItem\",\"position\":1,\"name\":\"Home\",\"item\":\"http:\/\/dreamhaven.pl\/2015\/\"},{\"@type\":\"ListItem\",\"position\":2,\"name\":\"Jak dotrze\u0107\"}]},{\"@type\":\"WebSite\",\"@id\":\"http:\/\/dreamhaven.pl\/2015\/#website\",\"url\":\"http:\/\/dreamhaven.pl\/2015\/\",\"name\":\"DreamHaven 2015\",\"description\":\"Festiwal Innowacji Larpowych\",\"potentialAction\":[{\"@type\":\"SearchAction\",\"target\":{\"@type\":\"EntryPoint\",\"urlTemplate\":\"http:\/\/dreamhaven.pl\/2015\/?s={search_term_string}\"},\"query-input\":{\"@type\":\"PropertyValueSpecification\",\"valueRequired\":true,\"valueName\":\"search_term_string\"}}],\"inLanguage\":\"pl-PL\"}]}<\/script>\n<!-- \/ Yoast SEO plugin. -->","yoast_head_json":{"title":"Jak dotrze\u0107 - DreamHaven 2015","robots":{"index":"index","follow":"follow","max-snippet":"max-snippet:-1","max-image-preview":"max-image-preview:large","max-video-preview":"max-video-preview:-1"},"canonical":"http:\/\/dreamhaven.pl\/2015\/jak-dotrzec\/","og_locale":"pl_PL","og_type":"article","og_title":"Jak dotrze\u0107 - DreamHaven 2015","og_description":"Dojazd transportem publicznym Najbli\u017csze miasteczka to Gli\u015bno, Lipnica, Tuchomie i Byt\u00f3w. Do Bytowa doje\u017cd\u017caj\u0105 PKS\u2019y z wszystkich wi\u0119kszych miejscowo\u015bci. Z Bytowa do Tuchomia i Lipnicy je\u017cd\u017c\u0105 autobusy (Uwaga! Ostatni o 16.21!) Polecamy wyszukiwark\u0119 po\u0142\u0105cze\u0144 E-podr\u00f3\u017cnik Transport alternatywny Na Facebooku istniej\u0105 grupy dla os\u00f3b chc\u0105cych\u00a0zabra\u0107 si\u0119 carpoolingiem z\u00a0Gda\u0144ska\u00a0i Gdyni. \u00a0 Polecamy serwis\u00a0Blablacar oraz grup\u0119 FB Dojad\u0119 &hellip; Czytaj dalej Jak dotrze\u0107","og_url":"http:\/\/dreamhaven.pl\/2015\/jak-dotrzec\/","og_site_name":"DreamHaven 2015","article_modified_time":"2015-01-18T01:12:33+00:00","twitter_card":"summary_large_image","schema":{"@context":"https:\/\/schema.org","@graph":[{"@type":"WebPage","@id":"http:\/\/dreamhaven.pl\/2015\/jak-dotrzec\/","url":"http:\/\/dreamhaven.pl\/2015\/jak-dotrzec\/","name":"Jak dotrze\u0107 - DreamHaven 2015","isPartOf":{"@id":"http:\/\/dreamhaven.pl\/2015\/#website"},"datePublished":"2014-12-20T22:46:49+00:00","dateModified":"2015-01-18T01:12:33+00:00","breadcrumb":{"@id":"http:\/\/dreamhaven.pl\/2015\/jak-dotrzec\/#breadcrumb"},"inLanguage":"pl-PL","potentialAction":[{"@type":"ReadAction","target":["http:\/\/dreamhaven.pl\/2015\/jak-dotrzec\/"]}]},{"@type":"BreadcrumbList","@id":"http:\/\/dreamhaven.pl\/2015\/jak-dotrzec\/#breadcrumb","itemListElement":[{"@type":"ListItem","position":1,"name":"Home","item":"http:\/\/dreamhaven.pl\/2015\/"},{"@type":"ListItem","position":2,"name":"Jak dotrze\u0107"}]},{"@type":"WebSite","@id":"http:\/\/dreamhaven.pl\/2015\/#website","url":"http:\/\/dreamhaven.pl\/2015\/","name":"DreamHaven 2015","description":"Festiwal Innowacji Larpowych","potentialAction":[{"@type":"SearchAction","target":{"@type":"EntryPoint","urlTemplate":"http:\/\/dreamhaven.pl\/2015\/?s={search_term_string}"},"query-input":{"@type":"PropertyValueSpecification","valueRequired":true,"valueName":"search_term_string"}}],"inLanguage":"pl-PL"}]}},"jetpack_sharing_enabled":true,"jetpack_shortlink":"https:\/\/wp.me\/P73JPe-F","jetpack_likes_enabled":true,"_links":{"self":[{"href":"http:\/\/dreamhaven.pl\/2015\/wp-json\/wp\/v2\/pages\/41","targetHints":{"allow":["GET"]}}],"collection":[{"href":"http:\/\/dreamhaven.pl\/2015\/wp-json\/wp\/v2\/pages"}],"about":[{"href":"http:\/\/dreamhaven.pl\/2015\/wp-json\/wp\/v2\/types\/page"}],"author":[{"embeddable":true,"href":"http:\/\/dreamhaven.pl\/2015\/wp-json\/wp\/v2\/users\/1"}],"replies":[{"embeddable":true,"href":"http:\/\/dreamhaven.pl\/2015\/wp-json\/wp\/v2\/comments?post=41"}],"version-history":[{"count":0,"href":"http:\/\/dreamhaven.pl\/2015\/wp-json\/wp\/v2\/pages\/41\/revisions"}],"wp:attachment":[{"href":"http:\/\/dreamhaven.pl\/2015\/wp-json\/wp\/v2\/media?parent=41"}],"curies":[{"name":"wp","href":"https:\/\/api.w.org\/{rel}","templated":true}]}}