{"id":43,"date":"2014-12-20T22:48:21","date_gmt":"2014-12-20T22:48:21","guid":{"rendered":"http:\/\/dreamhaven.pl\/2015\/?page_id=43"},"modified":"2017-03-21T02:08:41","modified_gmt":"2017-03-21T01:08:41","slug":"terminy","status":"publish","type":"page","link":"http:\/\/dreamhaven.pl\/2015\/terminy\/","title":{"rendered":"Terminy i zg\u0142oszenia"},"content":{"rendered":"<p>Chcesz przygotowa\u0107 co\u015b szalonego? Chcesz zrobi\u0107 larpa, jakiego nie by\u0142o gdzie indziej? Potrzebujesz doskona\u0142ej logistyki i kogo\u015b, kto pomo\u017ce Ci zrealizowa\u0107 niemo\u017cliwe? <strong>To w\u0142a\u015bnie jest miejsce na eksperymenty!<\/strong><\/p>\n<p>Poszukujemy zatem innowacji &#8211; mo\u017ce to oznacza\u0107 przekraczanie dotychczas utartych granic,\u00a0<strong>poprowadzenie larpa<\/strong> napisanego przez kogo\u015b innego lub przygotowanie <strong>gry po angielsku<\/strong> &#8211; co tylko si\u0119 Wam zamarzy.<\/p>\n<p><strong>Termin zg\u0142osze\u0144 punkt\u00f3w programu &#8211; 10 maja 2015<\/strong><\/p>\n<p><strong>Termin nadsy\u0142ania pe\u0142nych scenariuszy w formacie print&amp;play &#8211; 31 maja 2015<\/strong><\/p>\n<p><a href=\"http:\/\/dreamhaven.pl\/2015\/zgloszeniapp\/\">FORMULARZ ZG\u0141OSZENIOWY<\/a><\/p>\n<p>W razie pyta\u0144 zapraszamy do kontaktu na adres braids [at] dreamhaven [dot] pl<\/p>\n","protected":false},"excerpt":{"rendered":"<p>Chcesz przygotowa\u0107 co\u015b szalonego? Chcesz zrobi\u0107 larpa, jakiego nie by\u0142o gdzie indziej? Potrzebujesz doskona\u0142ej logistyki i kogo\u015b, kto pomo\u017ce Ci zrealizowa\u0107 niemo\u017cliwe? To w\u0142a\u015bnie jest miejsce na eksperymenty! Poszukujemy zatem innowacji &#8211; mo\u017ce to oznacza\u0107 przekraczanie dotychczas utartych granic,\u00a0poprowadzenie larpa napisanego przez kogo\u015b innego lub przygotowanie gry po angielsku &#8211; co tylko si\u0119 Wam zamarzy. &hellip; <a href=\"http:\/\/dreamhaven.pl\/2015\/terminy\/\" class=\"more-link\">Czytaj dalej <span class=\"screen-reader-text\">Terminy i zg\u0142oszenia<\/span><\/a><\/p>\n","protected":false},"author":1,"featured_media":303,"parent":0,"menu_order":0,"comment_status":"closed","ping_status":"closed","template":"page-templates\/full-width-page.php","meta":{"_monsterinsights_skip_tracking":false,"_monsterinsights_sitenote_active":false,"_monsterinsights_sitenote_note":"","_monsterinsights_sitenote_category":0,"jetpack_post_was_ever_published":false,"footnotes":""},"class_list":["post-43","page","type-page","status-publish","has-post-thumbnail","hentry"],"yoast_head":"<!-- This site is optimized with the Yoast SEO plugin v27.2 - https:\/\/yoast.com\/product\/yoast-seo-wordpress\/ -->\n<title>Terminy i zg\u0142oszenia - DreamHaven 2015<\/title>\n<meta name=\"robots\" content=\"index, follow, max-snippet:-1, max-image-preview:large, max-video-preview:-1\" \/>\n<link rel=\"canonical\" href=\"http:\/\/dreamhaven.pl\/2015\/terminy\/\" \/>\n<meta property=\"og:locale\" content=\"pl_PL\" \/>\n<meta property=\"og:type\" content=\"article\" \/>\n<meta property=\"og:title\" content=\"Terminy i zg\u0142oszenia - DreamHaven 2015\" \/>\n<meta property=\"og:description\" content=\"Chcesz przygotowa\u0107 co\u015b szalonego? Chcesz zrobi\u0107 larpa, jakiego nie by\u0142o gdzie indziej? Potrzebujesz doskona\u0142ej logistyki i kogo\u015b, kto pomo\u017ce Ci zrealizowa\u0107 niemo\u017cliwe? To w\u0142a\u015bnie jest miejsce na eksperymenty! Poszukujemy zatem innowacji &#8211; mo\u017ce to oznacza\u0107 przekraczanie dotychczas utartych granic,\u00a0poprowadzenie larpa napisanego przez kogo\u015b innego lub przygotowanie gry po angielsku &#8211; co tylko si\u0119 Wam zamarzy. &hellip; Czytaj dalej Terminy i zg\u0142oszenia\" \/>\n<meta property=\"og:url\" content=\"http:\/\/dreamhaven.pl\/2015\/terminy\/\" \/>\n<meta property=\"og:site_name\" content=\"DreamHaven 2015\" \/>\n<meta property=\"article:modified_time\" content=\"2017-03-21T01:08:41+00:00\" \/>\n<meta property=\"og:image\" content=\"https:\/\/i0.wp.com\/dreamhaven.pl\/2015\/wp-content\/uploads\/sites\/2\/2014\/12\/program.jpg?fit=1230%2C409\" \/>\n\t<meta property=\"og:image:width\" content=\"1230\" \/>\n\t<meta property=\"og:image:height\" content=\"409\" \/>\n\t<meta property=\"og:image:type\" content=\"image\/jpeg\" \/>\n<meta name=\"twitter:card\" content=\"summary_large_image\" \/>\n<meta name=\"twitter:label1\" content=\"Szacowany czas czytania\" \/>\n\t<meta name=\"twitter:data1\" content=\"1 minuta\" \/>\n<script type=\"application\/ld+json\" class=\"yoast-schema-graph\">{\"@context\":\"https:\/\/schema.org\",\"@graph\":[{\"@type\":\"WebPage\",\"@id\":\"http:\/\/dreamhaven.pl\/2015\/terminy\/\",\"url\":\"http:\/\/dreamhaven.pl\/2015\/terminy\/\",\"name\":\"Terminy i zg\u0142oszenia - DreamHaven 2015\",\"isPartOf\":{\"@id\":\"http:\/\/dreamhaven.pl\/2015\/#website\"},\"primaryImageOfPage\":{\"@id\":\"http:\/\/dreamhaven.pl\/2015\/terminy\/#primaryimage\"},\"image\":{\"@id\":\"http:\/\/dreamhaven.pl\/2015\/terminy\/#primaryimage\"},\"thumbnailUrl\":\"https:\/\/i0.wp.com\/dreamhaven.pl\/2015\/wp-content\/uploads\/sites\/2\/2014\/12\/program.jpg?fit=1230%2C409\",\"datePublished\":\"2014-12-20T22:48:21+00:00\",\"dateModified\":\"2017-03-21T01:08:41+00:00\",\"breadcrumb\":{\"@id\":\"http:\/\/dreamhaven.pl\/2015\/terminy\/#breadcrumb\"},\"inLanguage\":\"pl-PL\",\"potentialAction\":[{\"@type\":\"ReadAction\",\"target\":[\"http:\/\/dreamhaven.pl\/2015\/terminy\/\"]}]},{\"@type\":\"ImageObject\",\"inLanguage\":\"pl-PL\",\"@id\":\"http:\/\/dreamhaven.pl\/2015\/terminy\/#primaryimage\",\"url\":\"https:\/\/i0.wp.com\/dreamhaven.pl\/2015\/wp-content\/uploads\/sites\/2\/2014\/12\/program.jpg?fit=1230%2C409\",\"contentUrl\":\"https:\/\/i0.wp.com\/dreamhaven.pl\/2015\/wp-content\/uploads\/sites\/2\/2014\/12\/program.jpg?fit=1230%2C409\",\"width\":1230,\"height\":409},{\"@type\":\"BreadcrumbList\",\"@id\":\"http:\/\/dreamhaven.pl\/2015\/terminy\/#breadcrumb\",\"itemListElement\":[{\"@type\":\"ListItem\",\"position\":1,\"name\":\"Home\",\"item\":\"http:\/\/dreamhaven.pl\/2015\/\"},{\"@type\":\"ListItem\",\"position\":2,\"name\":\"Terminy i zg\u0142oszenia\"}]},{\"@type\":\"WebSite\",\"@id\":\"http:\/\/dreamhaven.pl\/2015\/#website\",\"url\":\"http:\/\/dreamhaven.pl\/2015\/\",\"name\":\"DreamHaven 2015\",\"description\":\"Festiwal Innowacji Larpowych\",\"potentialAction\":[{\"@type\":\"SearchAction\",\"target\":{\"@type\":\"EntryPoint\",\"urlTemplate\":\"http:\/\/dreamhaven.pl\/2015\/?s={search_term_string}\"},\"query-input\":{\"@type\":\"PropertyValueSpecification\",\"valueRequired\":true,\"valueName\":\"search_term_string\"}}],\"inLanguage\":\"pl-PL\"}]}<\/script>\n<!-- \/ Yoast SEO plugin. -->","yoast_head_json":{"title":"Terminy i zg\u0142oszenia - DreamHaven 2015","robots":{"index":"index","follow":"follow","max-snippet":"max-snippet:-1","max-image-preview":"max-image-preview:large","max-video-preview":"max-video-preview:-1"},"canonical":"http:\/\/dreamhaven.pl\/2015\/terminy\/","og_locale":"pl_PL","og_type":"article","og_title":"Terminy i zg\u0142oszenia - DreamHaven 2015","og_description":"Chcesz przygotowa\u0107 co\u015b szalonego? Chcesz zrobi\u0107 larpa, jakiego nie by\u0142o gdzie indziej? Potrzebujesz doskona\u0142ej logistyki i kogo\u015b, kto pomo\u017ce Ci zrealizowa\u0107 niemo\u017cliwe? To w\u0142a\u015bnie jest miejsce na eksperymenty! Poszukujemy zatem innowacji &#8211; mo\u017ce to oznacza\u0107 przekraczanie dotychczas utartych granic,\u00a0poprowadzenie larpa napisanego przez kogo\u015b innego lub przygotowanie gry po angielsku &#8211; co tylko si\u0119 Wam zamarzy. &hellip; Czytaj dalej Terminy i zg\u0142oszenia","og_url":"http:\/\/dreamhaven.pl\/2015\/terminy\/","og_site_name":"DreamHaven 2015","article_modified_time":"2017-03-21T01:08:41+00:00","og_image":[{"width":1230,"height":409,"url":"https:\/\/i0.wp.com\/dreamhaven.pl\/2015\/wp-content\/uploads\/sites\/2\/2014\/12\/program.jpg?fit=1230%2C409","type":"image\/jpeg"}],"twitter_card":"summary_large_image","twitter_misc":{"Szacowany czas czytania":"1 minuta"},"schema":{"@context":"https:\/\/schema.org","@graph":[{"@type":"WebPage","@id":"http:\/\/dreamhaven.pl\/2015\/terminy\/","url":"http:\/\/dreamhaven.pl\/2015\/terminy\/","name":"Terminy i zg\u0142oszenia - DreamHaven 2015","isPartOf":{"@id":"http:\/\/dreamhaven.pl\/2015\/#website"},"primaryImageOfPage":{"@id":"http:\/\/dreamhaven.pl\/2015\/terminy\/#primaryimage"},"image":{"@id":"http:\/\/dreamhaven.pl\/2015\/terminy\/#primaryimage"},"thumbnailUrl":"https:\/\/i0.wp.com\/dreamhaven.pl\/2015\/wp-content\/uploads\/sites\/2\/2014\/12\/program.jpg?fit=1230%2C409","datePublished":"2014-12-20T22:48:21+00:00","dateModified":"2017-03-21T01:08:41+00:00","breadcrumb":{"@id":"http:\/\/dreamhaven.pl\/2015\/terminy\/#breadcrumb"},"inLanguage":"pl-PL","potentialAction":[{"@type":"ReadAction","target":["http:\/\/dreamhaven.pl\/2015\/terminy\/"]}]},{"@type":"ImageObject","inLanguage":"pl-PL","@id":"http:\/\/dreamhaven.pl\/2015\/terminy\/#primaryimage","url":"https:\/\/i0.wp.com\/dreamhaven.pl\/2015\/wp-content\/uploads\/sites\/2\/2014\/12\/program.jpg?fit=1230%2C409","contentUrl":"https:\/\/i0.wp.com\/dreamhaven.pl\/2015\/wp-content\/uploads\/sites\/2\/2014\/12\/program.jpg?fit=1230%2C409","width":1230,"height":409},{"@type":"BreadcrumbList","@id":"http:\/\/dreamhaven.pl\/2015\/terminy\/#breadcrumb","itemListElement":[{"@type":"ListItem","position":1,"name":"Home","item":"http:\/\/dreamhaven.pl\/2015\/"},{"@type":"ListItem","position":2,"name":"Terminy i zg\u0142oszenia"}]},{"@type":"WebSite","@id":"http:\/\/dreamhaven.pl\/2015\/#website","url":"http:\/\/dreamhaven.pl\/2015\/","name":"DreamHaven 2015","description":"Festiwal Innowacji Larpowych","potentialAction":[{"@type":"SearchAction","target":{"@type":"EntryPoint","urlTemplate":"http:\/\/dreamhaven.pl\/2015\/?s={search_term_string}"},"query-input":{"@type":"PropertyValueSpecification","valueRequired":true,"valueName":"search_term_string"}}],"inLanguage":"pl-PL"}]}},"jetpack_sharing_enabled":true,"jetpack_shortlink":"https:\/\/wp.me\/P73JPe-H","jetpack_likes_enabled":true,"_links":{"self":[{"href":"http:\/\/dreamhaven.pl\/2015\/wp-json\/wp\/v2\/pages\/43","targetHints":{"allow":["GET"]}}],"collection":[{"href":"http:\/\/dreamhaven.pl\/2015\/wp-json\/wp\/v2\/pages"}],"about":[{"href":"http:\/\/dreamhaven.pl\/2015\/wp-json\/wp\/v2\/types\/page"}],"author":[{"embeddable":true,"href":"http:\/\/dreamhaven.pl\/2015\/wp-json\/wp\/v2\/users\/1"}],"replies":[{"embeddable":true,"href":"http:\/\/dreamhaven.pl\/2015\/wp-json\/wp\/v2\/comments?post=43"}],"version-history":[{"count":2,"href":"http:\/\/dreamhaven.pl\/2015\/wp-json\/wp\/v2\/pages\/43\/revisions"}],"predecessor-version":[{"id":1403,"href":"http:\/\/dreamhaven.pl\/2015\/wp-json\/wp\/v2\/pages\/43\/revisions\/1403"}],"wp:featuredmedia":[{"embeddable":true,"href":"http:\/\/dreamhaven.pl\/2015\/wp-json\/wp\/v2\/media\/303"}],"wp:attachment":[{"href":"http:\/\/dreamhaven.pl\/2015\/wp-json\/wp\/v2\/media?parent=43"}],"curies":[{"name":"wp","href":"https:\/\/api.w.org\/{rel}","templated":true}]}}