{"id":45,"date":"2014-12-20T22:59:33","date_gmt":"2014-12-20T22:59:33","guid":{"rendered":"http:\/\/dreamhaven.pl\/2015\/?page_id=45"},"modified":"2017-03-21T02:23:29","modified_gmt":"2017-03-21T01:23:29","slug":"rezerwacja-postaci","status":"publish","type":"page","link":"http:\/\/dreamhaven.pl\/2015\/zachod-przebudzenie-opowiesci\/rezerwacja-postaci\/","title":{"rendered":"Rezerwacja postaci"},"content":{"rendered":"<p><span style=\"color: #808080;\"><strong>I tura zg\u0142osze\u0144 [ZAKO\u0143CZONA]<\/strong>\u00a0&#8211; W trakcie dw\u00f3ch tygodni gracze mieli mo\u017cliwo\u015b\u0107 zg\u0142oszenia swojego pomys\u0142u na posta\u0107, kt\u00f3r\u0105 chcieliby zagra\u0107. Postacie zostan\u0105 przygotowane po konsultacji z tw\u00f3rcami gry i dopasowaniu do za\u0142o\u017ce\u0144 scenariusza.\u00a0<\/span><\/p>\n<p><span style=\"color: #808080;\">Zg\u0142aszaj\u0105c swoje uczestnictwo w Grze G\u0142\u00f3wnej macie do wyboru<strong> cztery<\/strong> grupy, w kt\u00f3rych mo\u017cecie rozpocz\u0105\u0107 swoj\u0105 przygod\u0119 na Zachodzie. <\/span><\/p>\n<p style=\"text-align: center;\"><span style=\"color: #808080;\"><a style=\"color: #808080;\" title=\"Mieszka\u0144cy Laketown\" href=\"http:\/\/dreamhaven.pl\/2015\/zachod-przebudzenie-opowiesci\/grupy-postaci\/mieszkancy-laketown\/\"><strong>Mieszka\u0144cy Laketown <\/strong><\/a><\/span><\/p>\n<p style=\"text-align: center;\"><span style=\"color: #808080;\"><strong><a style=\"color: #808080;\" title=\"Przyjezdni\" href=\"http:\/\/dreamhaven.pl\/2015\/zachod-przebudzenie-opowiesci\/grupy-postaci\/przyjezdni\/\">Przyjezdni<\/a> <\/strong><\/span><\/p>\n<p style=\"text-align: center;\"><span style=\"color: #808080;\"><a style=\"color: #808080;\" href=\"http:\/\/dreamhaven.pl\/2015\/plemie-indianskie\/\"><strong>Plemi\u0119 india\u0144skie<\/strong><\/a><\/span><\/p>\n<p style=\"text-align: center;\"><span style=\"color: #808080;\"><a style=\"color: #808080;\" href=\"http:\/\/dreamhaven.pl\/2015\/swiat-nocy\/\"><strong>\u015awiat Nocy<\/strong><\/a><\/span><\/p>\n<p><strong>II tura zg\u0142osze\u0144 (05.04.2015)<\/strong> &#8211;\u00a0 W ramach drugiej tury zg\u0142osze\u0144 do gry g\u0142\u00f3wnej \u201eZach\u00f3d: Przebudzenie Opowie\u015bci\u201d prezentujemy Wam postacie, spo\u015br\u00f3d kt\u00f3rych mo\u017cecie dokona\u0107 rezerwacji! Klikaj\u0105c w poni\u017csze linki przejdziecie do listy r\u00f3l dost\u0119pnych w ramach poszczeg\u00f3lnych grup postaci:<\/p>\n<p style=\"text-align: center;\"><a href=\"http:\/\/dreamhaven.pl\/2015\/ii-tura-zgloszen-mieszkancy-laketown\/\"><strong>Mieszka\u0144cy Laketown (lista otwarta)<\/strong><\/a><\/p>\n<p style=\"text-align: center;\"><a href=\"http:\/\/dreamhaven.pl\/2015\/ii-tura-zgloszen-plemie-indian\/\"><strong>Plemi\u0119 Indian (lista otwarta)<\/strong><\/a><\/p>\n<p style=\"text-align: center;\"><a href=\"http:\/\/dreamhaven.pl\/2015\/ii-tura-zgloszen-przyjezdni\/\"><strong>Przyjezdni (lista otwarta)<\/strong><\/a><\/p>\n<p style=\"text-align: center;\"><a href=\"http:\/\/dreamhaven.pl\/2015\/swiat-nocy-lista-postaci\/\"><strong>\u015awiat Nocy (lista otwarta)<\/strong><\/a><\/p>\n<p>Aby zg\u0142osi\u0107 posta\u0107 nale\u017cy wys\u0142a\u0107 wiadomo\u015b\u0107 na adres e-mail: <strong>gg@dreamhaven.pl\/2015<\/strong><\/p>\n<p>W tytule wiadomo\u015bci nale\u017cy wpisa\u0107: <strong>Zach\u00f3d &#8211; II tura zg\u0142osze\u0144<\/strong><\/p>\n<p>W<strong> tre\u015bci<\/strong> wiadomo\u015bci nale\u017cy poda\u0107:<\/p>\n<ol>\n<li>Imi\u0119 i nazwisko + pseudonim, je\u015bli takowym si\u0119 pos\u0142ugujesz.<\/li>\n<li>Imi\u0119 postaci, jak\u0105 chcesz zarezerwowa\u0107.<\/li>\n<li>W<strong> za\u0142\u0105czniku<\/strong> wiadomo\u015bci nale\u017cy przes\u0142a\u0107 potwierdzenie uiszczenia op\u0142aty za konwent (je\u015bli jeszcze tego nie zrobi\u0142e\u015b).<\/li>\n<\/ol>\n<p><strong>O rezerwacji postaci decyduje kolejno\u015b\u0107 kompletnych i poprawnie wype\u0142nionych zg\u0142osze\u0144.<\/strong><\/p>\n<p><strong>Uwaga! Podobnie jak by\u0142o wcze\u015bniej, warunkiem rezerwacji roli w Grze G\u0142\u00f3wnej jest uiszczenie op\u0142aty za\u00a0festiwal &#8211; chcieliby\u015bmy zminimalizowa\u0107 ryzyko, \u017ce w ostatniej chwili kto\u015b si\u0119 wycofa, zostawiaj\u0105c za sob\u0105 fabularn\u0105 dziur\u0119, kt\u00f3ra zepsuje zabaw\u0119 innym graczom. Z tego wzgl\u0119du prace nad postaciami I tury zg\u0142osze\u0144 rozpoczn\u0105 si\u0119 dopiero w momencie, kiedy zesp\u00f3\u0142 GG otrzyma potwierdzenie o zaksi\u0119gowaniu wp\u0142aty &#8211; prosimy o cierpliwo\u015b\u0107.<\/strong><\/p>\n<p>Polubcie nasz\u0105 <a title=\"stron\u0119 na FB\" href=\"https:\/\/www.facebook.com\/fil.dreamhaven\">stron\u0119 na FB <\/a>by niczego nie przegapi\u0107!<\/p>\n","protected":false},"excerpt":{"rendered":"<p>I tura zg\u0142osze\u0144 [ZAKO\u0143CZONA]\u00a0&#8211; W trakcie dw\u00f3ch tygodni gracze mieli mo\u017cliwo\u015b\u0107 zg\u0142oszenia swojego pomys\u0142u na posta\u0107, kt\u00f3r\u0105 chcieliby zagra\u0107. Postacie zostan\u0105 przygotowane po konsultacji z tw\u00f3rcami gry i dopasowaniu do za\u0142o\u017ce\u0144 scenariusza.\u00a0 Zg\u0142aszaj\u0105c swoje uczestnictwo w Grze G\u0142\u00f3wnej macie do wyboru cztery grupy, w kt\u00f3rych mo\u017cecie rozpocz\u0105\u0107 swoj\u0105 przygod\u0119 na Zachodzie. Mieszka\u0144cy Laketown Przyjezdni Plemi\u0119 &hellip; <a href=\"http:\/\/dreamhaven.pl\/2015\/zachod-przebudzenie-opowiesci\/rezerwacja-postaci\/\" class=\"more-link\">Czytaj dalej <span class=\"screen-reader-text\">Rezerwacja postaci<\/span><\/a><\/p>\n","protected":false},"author":1,"featured_media":284,"parent":47,"menu_order":0,"comment_status":"closed","ping_status":"closed","template":"page-templates\/full-width-page.php","meta":{"_monsterinsights_skip_tracking":false,"_monsterinsights_sitenote_active":false,"_monsterinsights_sitenote_note":"","_monsterinsights_sitenote_category":0,"jetpack_post_was_ever_published":false,"footnotes":""},"class_list":["post-45","page","type-page","status-publish","has-post-thumbnail","hentry"],"yoast_head":"<!-- This site is optimized with the Yoast SEO plugin v27.2 - https:\/\/yoast.com\/product\/yoast-seo-wordpress\/ -->\n<title>Rezerwacja postaci - DreamHaven 2015<\/title>\n<meta name=\"robots\" content=\"index, follow, max-snippet:-1, max-image-preview:large, max-video-preview:-1\" \/>\n<link rel=\"canonical\" href=\"http:\/\/dreamhaven.pl\/2015\/zachod-przebudzenie-opowiesci\/rezerwacja-postaci\/\" \/>\n<meta property=\"og:locale\" content=\"pl_PL\" \/>\n<meta property=\"og:type\" content=\"article\" \/>\n<meta property=\"og:title\" content=\"Rezerwacja postaci - DreamHaven 2015\" \/>\n<meta property=\"og:description\" content=\"I tura zg\u0142osze\u0144 [ZAKO\u0143CZONA]\u00a0&#8211; W trakcie dw\u00f3ch tygodni gracze mieli mo\u017cliwo\u015b\u0107 zg\u0142oszenia swojego pomys\u0142u na posta\u0107, kt\u00f3r\u0105 chcieliby zagra\u0107. Postacie zostan\u0105 przygotowane po konsultacji z tw\u00f3rcami gry i dopasowaniu do za\u0142o\u017ce\u0144 scenariusza.\u00a0 Zg\u0142aszaj\u0105c swoje uczestnictwo w Grze G\u0142\u00f3wnej macie do wyboru cztery grupy, w kt\u00f3rych mo\u017cecie rozpocz\u0105\u0107 swoj\u0105 przygod\u0119 na Zachodzie. Mieszka\u0144cy Laketown Przyjezdni Plemi\u0119 &hellip; Czytaj dalej Rezerwacja postaci\" \/>\n<meta property=\"og:url\" content=\"http:\/\/dreamhaven.pl\/2015\/zachod-przebudzenie-opowiesci\/rezerwacja-postaci\/\" \/>\n<meta property=\"og:site_name\" content=\"DreamHaven 2015\" \/>\n<meta property=\"article:modified_time\" content=\"2017-03-21T01:23:29+00:00\" \/>\n<meta property=\"og:image\" content=\"https:\/\/i0.wp.com\/dreamhaven.pl\/2015\/wp-content\/uploads\/sites\/2\/2014\/12\/zachod_przebudzenie_opowiesci_2.jpg?fit=1230%2C409\" \/>\n\t<meta property=\"og:image:width\" content=\"1230\" \/>\n\t<meta property=\"og:image:height\" content=\"409\" \/>\n\t<meta property=\"og:image:type\" content=\"image\/jpeg\" \/>\n<meta name=\"twitter:card\" content=\"summary_large_image\" \/>\n<meta name=\"twitter:label1\" content=\"Szacowany czas czytania\" \/>\n\t<meta name=\"twitter:data1\" content=\"2 minuty\" \/>\n<script type=\"application\/ld+json\" class=\"yoast-schema-graph\">{\"@context\":\"https:\/\/schema.org\",\"@graph\":[{\"@type\":\"WebPage\",\"@id\":\"http:\/\/dreamhaven.pl\/2015\/zachod-przebudzenie-opowiesci\/rezerwacja-postaci\/\",\"url\":\"http:\/\/dreamhaven.pl\/2015\/zachod-przebudzenie-opowiesci\/rezerwacja-postaci\/\",\"name\":\"Rezerwacja postaci - DreamHaven 2015\",\"isPartOf\":{\"@id\":\"http:\/\/dreamhaven.pl\/2015\/#website\"},\"primaryImageOfPage\":{\"@id\":\"http:\/\/dreamhaven.pl\/2015\/zachod-przebudzenie-opowiesci\/rezerwacja-postaci\/#primaryimage\"},\"image\":{\"@id\":\"http:\/\/dreamhaven.pl\/2015\/zachod-przebudzenie-opowiesci\/rezerwacja-postaci\/#primaryimage\"},\"thumbnailUrl\":\"https:\/\/i0.wp.com\/dreamhaven.pl\/2015\/wp-content\/uploads\/sites\/2\/2014\/12\/zachod_przebudzenie_opowiesci_2.jpg?fit=1230%2C409\",\"datePublished\":\"2014-12-20T22:59:33+00:00\",\"dateModified\":\"2017-03-21T01:23:29+00:00\",\"breadcrumb\":{\"@id\":\"http:\/\/dreamhaven.pl\/2015\/zachod-przebudzenie-opowiesci\/rezerwacja-postaci\/#breadcrumb\"},\"inLanguage\":\"pl-PL\",\"potentialAction\":[{\"@type\":\"ReadAction\",\"target\":[\"http:\/\/dreamhaven.pl\/2015\/zachod-przebudzenie-opowiesci\/rezerwacja-postaci\/\"]}]},{\"@type\":\"ImageObject\",\"inLanguage\":\"pl-PL\",\"@id\":\"http:\/\/dreamhaven.pl\/2015\/zachod-przebudzenie-opowiesci\/rezerwacja-postaci\/#primaryimage\",\"url\":\"https:\/\/i0.wp.com\/dreamhaven.pl\/2015\/wp-content\/uploads\/sites\/2\/2014\/12\/zachod_przebudzenie_opowiesci_2.jpg?fit=1230%2C409\",\"contentUrl\":\"https:\/\/i0.wp.com\/dreamhaven.pl\/2015\/wp-content\/uploads\/sites\/2\/2014\/12\/zachod_przebudzenie_opowiesci_2.jpg?fit=1230%2C409\",\"width\":1230,\"height\":409},{\"@type\":\"BreadcrumbList\",\"@id\":\"http:\/\/dreamhaven.pl\/2015\/zachod-przebudzenie-opowiesci\/rezerwacja-postaci\/#breadcrumb\",\"itemListElement\":[{\"@type\":\"ListItem\",\"position\":1,\"name\":\"Home\",\"item\":\"http:\/\/dreamhaven.pl\/2015\/\"},{\"@type\":\"ListItem\",\"position\":2,\"name\":\"Zach\u00f3d: Przebudzenie opowie\u015bci\",\"item\":\"http:\/\/dreamhaven.pl\/2015\/zachod-przebudzenie-opowiesci\/\"},{\"@type\":\"ListItem\",\"position\":3,\"name\":\"Rezerwacja postaci\"}]},{\"@type\":\"WebSite\",\"@id\":\"http:\/\/dreamhaven.pl\/2015\/#website\",\"url\":\"http:\/\/dreamhaven.pl\/2015\/\",\"name\":\"DreamHaven 2015\",\"description\":\"Festiwal Innowacji Larpowych\",\"potentialAction\":[{\"@type\":\"SearchAction\",\"target\":{\"@type\":\"EntryPoint\",\"urlTemplate\":\"http:\/\/dreamhaven.pl\/2015\/?s={search_term_string}\"},\"query-input\":{\"@type\":\"PropertyValueSpecification\",\"valueRequired\":true,\"valueName\":\"search_term_string\"}}],\"inLanguage\":\"pl-PL\"}]}<\/script>\n<!-- \/ Yoast SEO plugin. -->","yoast_head_json":{"title":"Rezerwacja postaci - DreamHaven 2015","robots":{"index":"index","follow":"follow","max-snippet":"max-snippet:-1","max-image-preview":"max-image-preview:large","max-video-preview":"max-video-preview:-1"},"canonical":"http:\/\/dreamhaven.pl\/2015\/zachod-przebudzenie-opowiesci\/rezerwacja-postaci\/","og_locale":"pl_PL","og_type":"article","og_title":"Rezerwacja postaci - DreamHaven 2015","og_description":"I tura zg\u0142osze\u0144 [ZAKO\u0143CZONA]\u00a0&#8211; W trakcie dw\u00f3ch tygodni gracze mieli mo\u017cliwo\u015b\u0107 zg\u0142oszenia swojego pomys\u0142u na posta\u0107, kt\u00f3r\u0105 chcieliby zagra\u0107. Postacie zostan\u0105 przygotowane po konsultacji z tw\u00f3rcami gry i dopasowaniu do za\u0142o\u017ce\u0144 scenariusza.\u00a0 Zg\u0142aszaj\u0105c swoje uczestnictwo w Grze G\u0142\u00f3wnej macie do wyboru cztery grupy, w kt\u00f3rych mo\u017cecie rozpocz\u0105\u0107 swoj\u0105 przygod\u0119 na Zachodzie. Mieszka\u0144cy Laketown Przyjezdni Plemi\u0119 &hellip; Czytaj dalej Rezerwacja postaci","og_url":"http:\/\/dreamhaven.pl\/2015\/zachod-przebudzenie-opowiesci\/rezerwacja-postaci\/","og_site_name":"DreamHaven 2015","article_modified_time":"2017-03-21T01:23:29+00:00","og_image":[{"width":1230,"height":409,"url":"https:\/\/i0.wp.com\/dreamhaven.pl\/2015\/wp-content\/uploads\/sites\/2\/2014\/12\/zachod_przebudzenie_opowiesci_2.jpg?fit=1230%2C409","type":"image\/jpeg"}],"twitter_card":"summary_large_image","twitter_misc":{"Szacowany czas czytania":"2 minuty"},"schema":{"@context":"https:\/\/schema.org","@graph":[{"@type":"WebPage","@id":"http:\/\/dreamhaven.pl\/2015\/zachod-przebudzenie-opowiesci\/rezerwacja-postaci\/","url":"http:\/\/dreamhaven.pl\/2015\/zachod-przebudzenie-opowiesci\/rezerwacja-postaci\/","name":"Rezerwacja postaci - DreamHaven 2015","isPartOf":{"@id":"http:\/\/dreamhaven.pl\/2015\/#website"},"primaryImageOfPage":{"@id":"http:\/\/dreamhaven.pl\/2015\/zachod-przebudzenie-opowiesci\/rezerwacja-postaci\/#primaryimage"},"image":{"@id":"http:\/\/dreamhaven.pl\/2015\/zachod-przebudzenie-opowiesci\/rezerwacja-postaci\/#primaryimage"},"thumbnailUrl":"https:\/\/i0.wp.com\/dreamhaven.pl\/2015\/wp-content\/uploads\/sites\/2\/2014\/12\/zachod_przebudzenie_opowiesci_2.jpg?fit=1230%2C409","datePublished":"2014-12-20T22:59:33+00:00","dateModified":"2017-03-21T01:23:29+00:00","breadcrumb":{"@id":"http:\/\/dreamhaven.pl\/2015\/zachod-przebudzenie-opowiesci\/rezerwacja-postaci\/#breadcrumb"},"inLanguage":"pl-PL","potentialAction":[{"@type":"ReadAction","target":["http:\/\/dreamhaven.pl\/2015\/zachod-przebudzenie-opowiesci\/rezerwacja-postaci\/"]}]},{"@type":"ImageObject","inLanguage":"pl-PL","@id":"http:\/\/dreamhaven.pl\/2015\/zachod-przebudzenie-opowiesci\/rezerwacja-postaci\/#primaryimage","url":"https:\/\/i0.wp.com\/dreamhaven.pl\/2015\/wp-content\/uploads\/sites\/2\/2014\/12\/zachod_przebudzenie_opowiesci_2.jpg?fit=1230%2C409","contentUrl":"https:\/\/i0.wp.com\/dreamhaven.pl\/2015\/wp-content\/uploads\/sites\/2\/2014\/12\/zachod_przebudzenie_opowiesci_2.jpg?fit=1230%2C409","width":1230,"height":409},{"@type":"BreadcrumbList","@id":"http:\/\/dreamhaven.pl\/2015\/zachod-przebudzenie-opowiesci\/rezerwacja-postaci\/#breadcrumb","itemListElement":[{"@type":"ListItem","position":1,"name":"Home","item":"http:\/\/dreamhaven.pl\/2015\/"},{"@type":"ListItem","position":2,"name":"Zach\u00f3d: Przebudzenie opowie\u015bci","item":"http:\/\/dreamhaven.pl\/2015\/zachod-przebudzenie-opowiesci\/"},{"@type":"ListItem","position":3,"name":"Rezerwacja postaci"}]},{"@type":"WebSite","@id":"http:\/\/dreamhaven.pl\/2015\/#website","url":"http:\/\/dreamhaven.pl\/2015\/","name":"DreamHaven 2015","description":"Festiwal Innowacji Larpowych","potentialAction":[{"@type":"SearchAction","target":{"@type":"EntryPoint","urlTemplate":"http:\/\/dreamhaven.pl\/2015\/?s={search_term_string}"},"query-input":{"@type":"PropertyValueSpecification","valueRequired":true,"valueName":"search_term_string"}}],"inLanguage":"pl-PL"}]}},"jetpack_sharing_enabled":true,"jetpack_shortlink":"https:\/\/wp.me\/P73JPe-J","jetpack_likes_enabled":true,"_links":{"self":[{"href":"http:\/\/dreamhaven.pl\/2015\/wp-json\/wp\/v2\/pages\/45","targetHints":{"allow":["GET"]}}],"collection":[{"href":"http:\/\/dreamhaven.pl\/2015\/wp-json\/wp\/v2\/pages"}],"about":[{"href":"http:\/\/dreamhaven.pl\/2015\/wp-json\/wp\/v2\/types\/page"}],"author":[{"embeddable":true,"href":"http:\/\/dreamhaven.pl\/2015\/wp-json\/wp\/v2\/users\/1"}],"replies":[{"embeddable":true,"href":"http:\/\/dreamhaven.pl\/2015\/wp-json\/wp\/v2\/comments?post=45"}],"version-history":[{"count":2,"href":"http:\/\/dreamhaven.pl\/2015\/wp-json\/wp\/v2\/pages\/45\/revisions"}],"predecessor-version":[{"id":1414,"href":"http:\/\/dreamhaven.pl\/2015\/wp-json\/wp\/v2\/pages\/45\/revisions\/1414"}],"up":[{"embeddable":true,"href":"http:\/\/dreamhaven.pl\/2015\/wp-json\/wp\/v2\/pages\/47"}],"wp:featuredmedia":[{"embeddable":true,"href":"http:\/\/dreamhaven.pl\/2015\/wp-json\/wp\/v2\/media\/284"}],"wp:attachment":[{"href":"http:\/\/dreamhaven.pl\/2015\/wp-json\/wp\/v2\/media?parent=45"}],"curies":[{"name":"wp","href":"https:\/\/api.w.org\/{rel}","templated":true}]}}