{"id":47,"date":"2014-12-21T00:16:20","date_gmt":"2014-12-21T00:16:20","guid":{"rendered":"http:\/\/dreamhaven.pl\/2015\/?page_id=47"},"modified":"2017-03-21T02:15:38","modified_gmt":"2017-03-21T01:15:38","slug":"zachod-przebudzenie-opowiesci","status":"publish","type":"page","link":"http:\/\/dreamhaven.pl\/2015\/zachod-przebudzenie-opowiesci\/","title":{"rendered":"Zach\u00f3d: Przebudzenie opowie\u015bci"},"content":{"rendered":"<p>Czy zastanawiali\u015bcie si\u0119 kiedy\u015b jak wygl\u0105da\u0142yby westerny, gdyby w samo po\u0142udnie s\u0142o\u0144ce nie \u015bwieci\u0142o a\u017c tak mocno? Gdyby niesamowite powie\u015bci groszowe mia\u0142y w sobie wi\u0119cej prawdy?<\/p>\n<p>Chcemy opowiedzie\u0107 wam o cieniu, kt\u00f3ry k\u0142adzie si\u0119 na ludzkich wspomnieniach i snach. O \u015bmierci, z kt\u00f3r\u0105 mo\u017cna i\u015b\u0107 pod rami\u0119 i nie pozwoli\u0107 jej si\u0119 porwa\u0107. O tym, jak mgliste wspomnienie bajki o mocy kutego \u017celaza mo\u017ce ocali\u0107 \u017cycie. O tym, co zrobi najszybszy rewolwerowiec, gdy b\u0119dzie musia\u0142 spojrze\u0107 w oczy wspomnieniom swoich ofiar albo&#8230; samemu sobie.<\/p>\n<p>Teksas, pocz\u0105tek roku 1861. W niewielkim miasteczku zwanym Laketown, po\u0142o\u017conym na wschodnich rubie\u017cach stanu, trwaj\u0105 przygotowania do uroczystych obchod\u00f3w dwudziestej rocznicy jego za\u0142o\u017cenia. Pomimo majacz\u0105cego na horyzoncie widma wojny, mieszka\u0144cy zdecydowali si\u0119 hucznie obchodzi\u0107 swoje \u015bwi\u0119to. Sprowadzono trup\u0119 cyrkow\u0105 i objazdow\u0105 rewi\u0119 taneczn\u0105. Przygotowano jedzenie, picie i zabawy. U\u0142askawiono wi\u0119\u017ani\u00f3w. Zaproszono starszyzn\u0119 z pobliskiego plemienia Indian.<\/p>\n<p>Mieszka\u0144cy Laketown s\u0105 jednak niespokojni, cho\u0107 sami by si\u0119 do tego nie przyznali. Cz\u0119\u015b\u0107 z nich wie, cz\u0119\u015b\u0107 z nich tylko przeczuwa, \u017ce wraz z zachodem s\u0142o\u0144ca wiele ulegnie zmianie. Tylko nieliczni zdaj\u0105 sobie spraw\u0119, \u017ce od dawna \u017cyli na granicy.<\/p>\n<p>Istnieje bowiem \u015bwiat Dnia i \u015bwiat Nocy.<\/p>\n<p>Tam, gdzie ziemie s\u0105 jeszcze nieodkryte, istniej\u0105 miejsca, gdzie granice tych \u015bwiat\u00f3w zwyk\u0142y si\u0119 zaciera\u0107. Zach\u00f3d nie jest zachodem geograficznym, ale tym momentem, gdy czujesz pod sk\u00f3r\u0105, \u017ce nadchodzi zmierzch, cho\u0107 s\u0142o\u0144ce jest jeszcze wysoko.<\/p>\n<p>Za\u015b Dziki Zach\u00f3d&#8230; C\u00f3\u017c, zapewne domy\u015blasz si\u0119 ju\u017c, \u017ce nie jest to nazwa, kt\u00f3r\u0105 mo\u017cna znale\u017a\u0107 na mapie.<\/p>\n<p>\u015awiat Dnia to ludzie. Ludzie r\u00f3\u017cnych ras i profesji \u2013 kowboje, kurtyzany, wyzwole\u0144cy, \u015bniadosk\u00f3rzy rewolwerowcy o krwi Aztek\u00f3w i imigranci ze Starego \u015awiata. \u017byj\u0105cy w blasku s\u0142o\u0144ca w\u0142a\u015bciciele ziemscy, kt\u00f3rzy z r\u00f3wn\u0105 \u0142atwo\u015bci\u0105 kupuj\u0105 kolejne hektary ziemi, co \u017cycia milcz\u0105cych niewolnik\u00f3w. Ogarni\u0119ci gor\u0105czk\u0105 poszukiwacze z\u0142ota, gotowi ryzykowa\u0107 zdrowie dla samorodk\u00f3w. Chciwi kupcy, w tajemnicy zaopatruj\u0105cy swoje sklepy. \u017bo\u0142nierze &#8211; weterani, dobrze znaj\u0105cy \u017cycie ale zatopieni we wspomnieniach szepcz\u0105cych do nich ze starych medali. Str\u00f3\u017ce prawa \u015bcigaj\u0105 bezlitosnych bandyt\u00f3w, a najemni mistrzowie colta do\u0142\u0105czaj\u0105 do tych, kt\u00f3rzy zap\u0142ac\u0105 wi\u0119cej.<\/p>\n<p>Z cieni puszczy poczynania bia\u0142ych obserwuj\u0105 dumni Indianie, usi\u0142uj\u0105c pogodzi\u0107 tradycyjne \u017cycie ze zmianami, jakie przynosz\u0105 kolonizatorzy. Starszyzna toczy sp\u00f3r z m\u0142odymi wojownikami o przysz\u0142o\u015b\u0107 wsp\u00f3lnoty. Bystroocy tropiciele przemierzaj\u0105 puszcz\u0119 w poszukiwaniu zwierzyny. Dorastaj\u0105cy ch\u0142opcy udaj\u0105 si\u0119 na wyznaczon\u0105 przez szaman\u00f3w pr\u00f3b\u0119 m\u0119stwa. Pi\u0119kne squaw, zwinne i niebezpieczne, pomagaj\u0105 w \u0142owach, dbaj\u0105 o zio\u0142a i lekarstwa. Znachorzy przygotowuj\u0105 wywary i tyto\u0144 do fajki palonej przy wieczornym ognisku.<\/p>\n<p>To jest \u015bwiat, kt\u00f3ry zasypia o zmierzchu.<\/p>\n<p>\u015awiat Nocy to wszystkie opowie\u015bci, kt\u00f3re nie pozwalaj\u0105 usn\u0105\u0107, zas\u0142yszane w dusznych pokojach pachn\u0105cych dymem tytoniowym, sosnowym drewnem i dobrze ukrywanym strachem, gdzie jedyn\u0105 ochron\u0105 przed ciemno\u015bci\u0105 jest jak\u017ce ulotny i dr\u017c\u0105cy p\u0142omie\u0144 lampy naftowej. \u015awiat Nocy to upiory i demony, ale te\u017c ba\u015bnie opowiedziane na dobranoc. To istoty nienazwane lub o imionach nios\u0105cych trwog\u0119, ale te\u017c wspomnienia dawnych mi\u0142o\u015bci lub przyjaci\u00f3\u0142. To cienie rozgniewanych duch\u00f3w czerwonosk\u00f3rych, ale te\u017c g\u0142osy opieku\u0144czych totem\u00f3w. To wizje, kt\u00f3re przywie\u017ali ze sob\u0105 kolonizatorzy, to stare legendy Indian, tworzone przez historie i wiar\u0119 w opowiadania. Bo gdy zapada zmrok, co innego zostaje ludziom, ni\u017c opowie\u015bci?<\/p>\n<p>Tu jest granica tych dw\u00f3ch \u015bwiat\u00f3w. Tu mo\u017cesz spotka\u0107 wszystko. Tu zebrali si\u0119 ci, na kt\u00f3rych patrzy si\u0119 z ukosa: kap\u0142ani voodoo, spiryty\u015bci, meksyka\u0144skie kobiety o makija\u017cu przypominaj\u0105cym czaszki. Ci nieliczni rozumiej\u0105 oba \u015bwiaty tak, jak rozumiej\u0105 je niekt\u00f3rzy Indianie. Starzy szamani, wojownicy ze swoimi totemami wyrytymi w duszach, znachorki o delikatnych d\u0142oniach, kt\u00f3re z ro\u015blin mog\u0105 utka\u0107 \u017cycie, \u015bmier\u0107 i w\u0119dr\u00f3wk\u0119 pomi\u0119dzy nimi dwoma.<\/p>\n<p>Podobno w gabinecie cud\u00f3w Madamme Grimm dziej\u0105 si\u0119 rzeczy upiorne &#8211; podczas seansu ludzkie cia\u0142a s\u0105 op\u0119tywane przez demony.<\/p>\n<p>Podobno india\u0144scy szamani obudzili zgorzknia\u0142ego Ducha Ziemi, a ich totemy przybieraj\u0105 przera\u017caj\u0105ce formy.<\/p>\n<p>Podobno cyrkowcy i kuglarze, kt\u00f3rzy przybyli by u\u015bwietni\u0107 drug\u0105 dekad\u0119 istnienia miasteczka potrafi\u0105 zapewni\u0107 widzom co\u015b wi\u0119cej, ni\u017c tylko uciech\u0119 dla oka.<\/p>\n<p>Podobno s\u0105 tacy, kt\u00f3rzy \u017cyj\u0105 na kraw\u0119dzi Nocy i Dnia. Podobno s\u0105 tacy, co stamt\u0105d wracaj\u0105.<\/p>\n<p>S\u0142uchaj ich. S\u0142uchaj opowie\u015bci. To historie nadaj\u0105 \u015bwiatu byt. Je\u015bli prze\u017cyjesz wystarczaj\u0105co d\u0142ugo, mo\u017ce zaczn\u0105 opowiada\u0107 te\u017c o Tobie.<\/p>\n<p>Ta gra to opowie\u015b\u0107 o mroczniejszej wizji Dzikiego Zachodu. O ludziach \u017cyj\u0105cych na granicy tego, co znane i tego, co niesamowite. To opowie\u015b\u0107 o zmianach. O konfliktach wierze\u0144, czas\u00f3w, kultur i rzeczywisto\u015bci.<\/p>\n<p>Ta gra to r\u00f3wnie\u017c opowie\u015b\u0107 o \u015bmierci. O zamglonej prawdzie jej nieuchronno\u015bci i o konsekwencjach ta\u0144ca na jej granicy. O emocjach, kt\u00f3re ko\u0144czy lub budzi i o tych, kt\u00f3rych nie jest w stanie ostudzi\u0107.<\/p>\n<p>Ta gra to opowie\u015b\u0107. Je\u015bli chcecie, dopiszecie do niej sw\u00f3j rozdzia\u0142.<\/p>\n<p><div class=\"jetpack-video-wrapper\"><span class=\"embed-youtube\" style=\"text-align:center; display: block;\"><iframe loading=\"lazy\" class=\"youtube-player\" width=\"648\" height=\"365\" src=\"https:\/\/www.youtube.com\/embed\/fg9mRWq5gLs?version=3&#038;rel=1&#038;showsearch=0&#038;showinfo=1&#038;iv_load_policy=1&#038;fs=1&#038;hl=pl-PL&#038;autohide=2&#038;wmode=transparent\" allowfullscreen=\"true\" style=\"border:0;\" sandbox=\"allow-scripts allow-same-origin allow-popups allow-presentation allow-popups-to-escape-sandbox\"><\/iframe><\/span><\/div><\/p>\n","protected":false},"excerpt":{"rendered":"<p>Czy zastanawiali\u015bcie si\u0119 kiedy\u015b jak wygl\u0105da\u0142yby westerny, gdyby w samo po\u0142udnie s\u0142o\u0144ce nie \u015bwieci\u0142o a\u017c tak mocno? Gdyby niesamowite powie\u015bci groszowe mia\u0142y w sobie wi\u0119cej prawdy? Chcemy opowiedzie\u0107 wam o cieniu, kt\u00f3ry k\u0142adzie si\u0119 na ludzkich wspomnieniach i snach. O \u015bmierci, z kt\u00f3r\u0105 mo\u017cna i\u015b\u0107 pod rami\u0119 i nie pozwoli\u0107 jej si\u0119 porwa\u0107. O tym, &hellip; <a href=\"http:\/\/dreamhaven.pl\/2015\/zachod-przebudzenie-opowiesci\/\" class=\"more-link\">Czytaj dalej <span class=\"screen-reader-text\">Zach\u00f3d: Przebudzenie opowie\u015bci<\/span><\/a><\/p>\n","protected":false},"author":1,"featured_media":284,"parent":0,"menu_order":0,"comment_status":"closed","ping_status":"closed","template":"page-templates\/full-width-page.php","meta":{"_monsterinsights_skip_tracking":false,"_monsterinsights_sitenote_active":false,"_monsterinsights_sitenote_note":"","_monsterinsights_sitenote_category":0,"jetpack_post_was_ever_published":false,"footnotes":""},"class_list":["post-47","page","type-page","status-publish","has-post-thumbnail","hentry"],"yoast_head":"<!-- This site is optimized with the Yoast SEO plugin v27.2 - https:\/\/yoast.com\/product\/yoast-seo-wordpress\/ -->\n<title>Zach\u00f3d: Przebudzenie opowie\u015bci - DreamHaven 2015<\/title>\n<meta name=\"robots\" content=\"index, follow, max-snippet:-1, max-image-preview:large, max-video-preview:-1\" \/>\n<link rel=\"canonical\" href=\"http:\/\/dreamhaven.pl\/2015\/zachod-przebudzenie-opowiesci\/\" \/>\n<meta property=\"og:locale\" content=\"pl_PL\" \/>\n<meta property=\"og:type\" content=\"article\" \/>\n<meta property=\"og:title\" content=\"Zach\u00f3d: Przebudzenie opowie\u015bci - DreamHaven 2015\" \/>\n<meta property=\"og:description\" content=\"Czy zastanawiali\u015bcie si\u0119 kiedy\u015b jak wygl\u0105da\u0142yby westerny, gdyby w samo po\u0142udnie s\u0142o\u0144ce nie \u015bwieci\u0142o a\u017c tak mocno? Gdyby niesamowite powie\u015bci groszowe mia\u0142y w sobie wi\u0119cej prawdy? Chcemy opowiedzie\u0107 wam o cieniu, kt\u00f3ry k\u0142adzie si\u0119 na ludzkich wspomnieniach i snach. O \u015bmierci, z kt\u00f3r\u0105 mo\u017cna i\u015b\u0107 pod rami\u0119 i nie pozwoli\u0107 jej si\u0119 porwa\u0107. O tym, &hellip; Czytaj dalej Zach\u00f3d: Przebudzenie opowie\u015bci\" \/>\n<meta property=\"og:url\" content=\"http:\/\/dreamhaven.pl\/2015\/zachod-przebudzenie-opowiesci\/\" \/>\n<meta property=\"og:site_name\" content=\"DreamHaven 2015\" \/>\n<meta property=\"article:modified_time\" content=\"2017-03-21T01:15:38+00:00\" \/>\n<meta property=\"og:image\" content=\"https:\/\/i0.wp.com\/dreamhaven.pl\/2015\/wp-content\/uploads\/sites\/2\/2014\/12\/zachod_przebudzenie_opowiesci_2.jpg?fit=1230%2C409\" \/>\n\t<meta property=\"og:image:width\" content=\"1230\" \/>\n\t<meta property=\"og:image:height\" content=\"409\" \/>\n\t<meta property=\"og:image:type\" content=\"image\/jpeg\" \/>\n<meta name=\"twitter:card\" content=\"summary_large_image\" \/>\n<meta name=\"twitter:label1\" content=\"Szacowany czas czytania\" \/>\n\t<meta name=\"twitter:data1\" content=\"4 minuty\" \/>\n<script type=\"application\/ld+json\" class=\"yoast-schema-graph\">{\"@context\":\"https:\/\/schema.org\",\"@graph\":[{\"@type\":\"WebPage\",\"@id\":\"http:\/\/dreamhaven.pl\/2015\/zachod-przebudzenie-opowiesci\/\",\"url\":\"http:\/\/dreamhaven.pl\/2015\/zachod-przebudzenie-opowiesci\/\",\"name\":\"Zach\u00f3d: Przebudzenie opowie\u015bci - DreamHaven 2015\",\"isPartOf\":{\"@id\":\"http:\/\/dreamhaven.pl\/2015\/#website\"},\"primaryImageOfPage\":{\"@id\":\"http:\/\/dreamhaven.pl\/2015\/zachod-przebudzenie-opowiesci\/#primaryimage\"},\"image\":{\"@id\":\"http:\/\/dreamhaven.pl\/2015\/zachod-przebudzenie-opowiesci\/#primaryimage\"},\"thumbnailUrl\":\"https:\/\/i0.wp.com\/dreamhaven.pl\/2015\/wp-content\/uploads\/sites\/2\/2014\/12\/zachod_przebudzenie_opowiesci_2.jpg?fit=1230%2C409\",\"datePublished\":\"2014-12-21T00:16:20+00:00\",\"dateModified\":\"2017-03-21T01:15:38+00:00\",\"breadcrumb\":{\"@id\":\"http:\/\/dreamhaven.pl\/2015\/zachod-przebudzenie-opowiesci\/#breadcrumb\"},\"inLanguage\":\"pl-PL\",\"potentialAction\":[{\"@type\":\"ReadAction\",\"target\":[\"http:\/\/dreamhaven.pl\/2015\/zachod-przebudzenie-opowiesci\/\"]}]},{\"@type\":\"ImageObject\",\"inLanguage\":\"pl-PL\",\"@id\":\"http:\/\/dreamhaven.pl\/2015\/zachod-przebudzenie-opowiesci\/#primaryimage\",\"url\":\"https:\/\/i0.wp.com\/dreamhaven.pl\/2015\/wp-content\/uploads\/sites\/2\/2014\/12\/zachod_przebudzenie_opowiesci_2.jpg?fit=1230%2C409\",\"contentUrl\":\"https:\/\/i0.wp.com\/dreamhaven.pl\/2015\/wp-content\/uploads\/sites\/2\/2014\/12\/zachod_przebudzenie_opowiesci_2.jpg?fit=1230%2C409\",\"width\":1230,\"height\":409},{\"@type\":\"BreadcrumbList\",\"@id\":\"http:\/\/dreamhaven.pl\/2015\/zachod-przebudzenie-opowiesci\/#breadcrumb\",\"itemListElement\":[{\"@type\":\"ListItem\",\"position\":1,\"name\":\"Home\",\"item\":\"http:\/\/dreamhaven.pl\/2015\/\"},{\"@type\":\"ListItem\",\"position\":2,\"name\":\"Zach\u00f3d: Przebudzenie opowie\u015bci\"}]},{\"@type\":\"WebSite\",\"@id\":\"http:\/\/dreamhaven.pl\/2015\/#website\",\"url\":\"http:\/\/dreamhaven.pl\/2015\/\",\"name\":\"DreamHaven 2015\",\"description\":\"Festiwal Innowacji Larpowych\",\"potentialAction\":[{\"@type\":\"SearchAction\",\"target\":{\"@type\":\"EntryPoint\",\"urlTemplate\":\"http:\/\/dreamhaven.pl\/2015\/?s={search_term_string}\"},\"query-input\":{\"@type\":\"PropertyValueSpecification\",\"valueRequired\":true,\"valueName\":\"search_term_string\"}}],\"inLanguage\":\"pl-PL\"}]}<\/script>\n<!-- \/ Yoast SEO plugin. -->","yoast_head_json":{"title":"Zach\u00f3d: Przebudzenie opowie\u015bci - DreamHaven 2015","robots":{"index":"index","follow":"follow","max-snippet":"max-snippet:-1","max-image-preview":"max-image-preview:large","max-video-preview":"max-video-preview:-1"},"canonical":"http:\/\/dreamhaven.pl\/2015\/zachod-przebudzenie-opowiesci\/","og_locale":"pl_PL","og_type":"article","og_title":"Zach\u00f3d: Przebudzenie opowie\u015bci - DreamHaven 2015","og_description":"Czy zastanawiali\u015bcie si\u0119 kiedy\u015b jak wygl\u0105da\u0142yby westerny, gdyby w samo po\u0142udnie s\u0142o\u0144ce nie \u015bwieci\u0142o a\u017c tak mocno? Gdyby niesamowite powie\u015bci groszowe mia\u0142y w sobie wi\u0119cej prawdy? Chcemy opowiedzie\u0107 wam o cieniu, kt\u00f3ry k\u0142adzie si\u0119 na ludzkich wspomnieniach i snach. O \u015bmierci, z kt\u00f3r\u0105 mo\u017cna i\u015b\u0107 pod rami\u0119 i nie pozwoli\u0107 jej si\u0119 porwa\u0107. O tym, &hellip; Czytaj dalej Zach\u00f3d: Przebudzenie opowie\u015bci","og_url":"http:\/\/dreamhaven.pl\/2015\/zachod-przebudzenie-opowiesci\/","og_site_name":"DreamHaven 2015","article_modified_time":"2017-03-21T01:15:38+00:00","og_image":[{"width":1230,"height":409,"url":"https:\/\/i0.wp.com\/dreamhaven.pl\/2015\/wp-content\/uploads\/sites\/2\/2014\/12\/zachod_przebudzenie_opowiesci_2.jpg?fit=1230%2C409","type":"image\/jpeg"}],"twitter_card":"summary_large_image","twitter_misc":{"Szacowany czas czytania":"4 minuty"},"schema":{"@context":"https:\/\/schema.org","@graph":[{"@type":"WebPage","@id":"http:\/\/dreamhaven.pl\/2015\/zachod-przebudzenie-opowiesci\/","url":"http:\/\/dreamhaven.pl\/2015\/zachod-przebudzenie-opowiesci\/","name":"Zach\u00f3d: Przebudzenie opowie\u015bci - DreamHaven 2015","isPartOf":{"@id":"http:\/\/dreamhaven.pl\/2015\/#website"},"primaryImageOfPage":{"@id":"http:\/\/dreamhaven.pl\/2015\/zachod-przebudzenie-opowiesci\/#primaryimage"},"image":{"@id":"http:\/\/dreamhaven.pl\/2015\/zachod-przebudzenie-opowiesci\/#primaryimage"},"thumbnailUrl":"https:\/\/i0.wp.com\/dreamhaven.pl\/2015\/wp-content\/uploads\/sites\/2\/2014\/12\/zachod_przebudzenie_opowiesci_2.jpg?fit=1230%2C409","datePublished":"2014-12-21T00:16:20+00:00","dateModified":"2017-03-21T01:15:38+00:00","breadcrumb":{"@id":"http:\/\/dreamhaven.pl\/2015\/zachod-przebudzenie-opowiesci\/#breadcrumb"},"inLanguage":"pl-PL","potentialAction":[{"@type":"ReadAction","target":["http:\/\/dreamhaven.pl\/2015\/zachod-przebudzenie-opowiesci\/"]}]},{"@type":"ImageObject","inLanguage":"pl-PL","@id":"http:\/\/dreamhaven.pl\/2015\/zachod-przebudzenie-opowiesci\/#primaryimage","url":"https:\/\/i0.wp.com\/dreamhaven.pl\/2015\/wp-content\/uploads\/sites\/2\/2014\/12\/zachod_przebudzenie_opowiesci_2.jpg?fit=1230%2C409","contentUrl":"https:\/\/i0.wp.com\/dreamhaven.pl\/2015\/wp-content\/uploads\/sites\/2\/2014\/12\/zachod_przebudzenie_opowiesci_2.jpg?fit=1230%2C409","width":1230,"height":409},{"@type":"BreadcrumbList","@id":"http:\/\/dreamhaven.pl\/2015\/zachod-przebudzenie-opowiesci\/#breadcrumb","itemListElement":[{"@type":"ListItem","position":1,"name":"Home","item":"http:\/\/dreamhaven.pl\/2015\/"},{"@type":"ListItem","position":2,"name":"Zach\u00f3d: Przebudzenie opowie\u015bci"}]},{"@type":"WebSite","@id":"http:\/\/dreamhaven.pl\/2015\/#website","url":"http:\/\/dreamhaven.pl\/2015\/","name":"DreamHaven 2015","description":"Festiwal Innowacji Larpowych","potentialAction":[{"@type":"SearchAction","target":{"@type":"EntryPoint","urlTemplate":"http:\/\/dreamhaven.pl\/2015\/?s={search_term_string}"},"query-input":{"@type":"PropertyValueSpecification","valueRequired":true,"valueName":"search_term_string"}}],"inLanguage":"pl-PL"}]}},"jetpack_sharing_enabled":true,"jetpack_shortlink":"https:\/\/wp.me\/P73JPe-L","jetpack_likes_enabled":true,"_links":{"self":[{"href":"http:\/\/dreamhaven.pl\/2015\/wp-json\/wp\/v2\/pages\/47","targetHints":{"allow":["GET"]}}],"collection":[{"href":"http:\/\/dreamhaven.pl\/2015\/wp-json\/wp\/v2\/pages"}],"about":[{"href":"http:\/\/dreamhaven.pl\/2015\/wp-json\/wp\/v2\/types\/page"}],"author":[{"embeddable":true,"href":"http:\/\/dreamhaven.pl\/2015\/wp-json\/wp\/v2\/users\/1"}],"replies":[{"embeddable":true,"href":"http:\/\/dreamhaven.pl\/2015\/wp-json\/wp\/v2\/comments?post=47"}],"version-history":[{"count":3,"href":"http:\/\/dreamhaven.pl\/2015\/wp-json\/wp\/v2\/pages\/47\/revisions"}],"predecessor-version":[{"id":1410,"href":"http:\/\/dreamhaven.pl\/2015\/wp-json\/wp\/v2\/pages\/47\/revisions\/1410"}],"wp:featuredmedia":[{"embeddable":true,"href":"http:\/\/dreamhaven.pl\/2015\/wp-json\/wp\/v2\/media\/284"}],"wp:attachment":[{"href":"http:\/\/dreamhaven.pl\/2015\/wp-json\/wp\/v2\/media?parent=47"}],"curies":[{"name":"wp","href":"https:\/\/api.w.org\/{rel}","templated":true}]}}