{"id":481,"date":"2015-01-18T22:16:06","date_gmt":"2015-01-18T21:16:06","guid":{"rendered":"http:\/\/dreamhaven.pl\/2015\/?page_id=481"},"modified":"2017-03-21T02:05:13","modified_gmt":"2017-03-21T01:05:13","slug":"swiat-nocy","status":"publish","type":"page","link":"http:\/\/dreamhaven.pl\/2015\/swiat-nocy\/","title":{"rendered":"\u015awiat Nocy"},"content":{"rendered":"<h2>Opis fabularny<\/h2>\n<p>Istnieje \u015awiat Dnia, gdzie w blasku s\u0142o\u0144ca \u017cyj\u0105 ludzie.\u00a0Istnieje te\u017c ten drugi \u015bwiat. \u015awiat opowie\u015bci.<\/p>\n<p>Ci, kt\u00f3rzy o nim wiedz\u0105, nie s\u0105 pewni, czy to historie ludzi, powtarzane od czas\u00f3w pierwszych plemion stworzy\u0142y t\u0119 krain\u0119, czy mo\u017ce istnia\u0142a ona od zawsze, daj\u0105c \u017ar\u00f3d\u0142o i pocz\u0105tek ba\u015bniom.\u00a0Niewielu wie o jej istnieniu, niewielu w ni\u0105 wierzy. Ale czasem mo\u017cna si\u0119 tam dosta\u0107.<\/p>\n<p>Ci, kt\u00f3rzy tam trafi\u0105, mog\u0105 znale\u017a\u0107 wiele odpowiedzi.<\/p>\n<p>Ci, kt\u00f3rzy tam trafi\u0105, mog\u0105 pozna\u0107 wiele nowych tajemnic.<\/p>\n<p>Ci, kt\u00f3rzy tam trafi\u0105&#8230; nie zawsze musz\u0105 wr\u00f3ci\u0107.<\/p>\n<p>Poniewa\u017c \u015awiat Nocy ma swoich mieszka\u0144c\u00f3w.<\/p>\n<p><a href=\"https:\/\/i0.wp.com\/dreamhaven.pl\/2015\/wp-content\/uploads\/2015\/01\/noc.jpg\"><img data-recalc-dims=\"1\" loading=\"lazy\" decoding=\"async\" class=\" size-medium wp-image-500 aligncenter\" src=\"https:\/\/i0.wp.com\/dreamhaven.pl\/2015\/wp-content\/uploads\/2015\/01\/noc-226x300.jpg?resize=226%2C300\" alt=\"noc\" width=\"226\" height=\"300\" \/><\/a><\/p>\n<p>To upiory i demony, ale te\u017c ba\u015bnie opowiedziane na dobranoc. To istoty nienazwane lub o imionach nio\u00ads\u0105\u00adcych trwog\u0119, ale te\u017c wspomnienia dawnych mi\u0142o\u015bci lub przyjaci\u00f3\u0142. To cienie rozgniewanych duch\u00f3w czerwonosk\u00f3rych, ale te\u017c g\u0142osy opieku\u0144czych totem\u00f3w. To wizje, kt\u00f3re przywie\u017ali ze sob\u0105 kolo\u00adni\u00adza\u00adto\u00adrzy, to stare legendy Indian, tworzone przez historie i wiar\u0119 w opowiadania.<\/p>\n<p style=\"text-align: left;\">\u015awiat Nocy nie jest du\u017cy, cho\u0107 dla niekt\u00f3rych mo\u017ce zdawa\u0107 si\u0119 niesko\u0144czony. Ma tyle\u017c samo mocy co \u0142a\u0144cuch\u00f3w i ogranicze\u0144. Rz\u0105dzi si\u0119 swoimi prawami, kt\u00f3rych jego mieszka\u0144cy nigdy nie mog\u0105 z\u0142ama\u0107. Mimo to, jego mieszka\u0144cy nie tkwi\u0105 w stagnacji. Ich tajemnicze relacje zmieniaj\u0105 si\u0119 ci\u0105gle, szeptane, krzyczane, niesione przez wiatr. Noc jest w bezustannym ruchu. Kto\u015b mo\u017ce zatrzyma\u0107 si\u0119 na skraju lasu, z nik\u0142ym \u015bwiat\u0142em lampy dr\u017c\u0105cym w d\u0142oni i zacz\u0105\u0107 s\u0142ucha\u0107. Mo\u017ce odwr\u00f3ci\u0107 si\u0119 w stron\u0119 ciemno\u015bci i w tym, co wcze\u015bniej uwa\u017ca\u0142 za b\u0142\u0119dny ognik, dostrzec b\u0142ysk z\u0119b\u00f3w i oczu. Czy b\u0119dzie to refleks p\u00f3\u0142otwartych powiek i kusz\u0105cego u\u015bmiechu czy mo\u017ce jarz\u0105ce si\u0119 \u015blepia i obna\u017cone k\u0142y?<\/p>\n<p>Czy po tej ciemnej stronie, patrz\u0105c na cz\u0142owieka z lamp\u0105, b\u0119dziesz sta\u0107 Ty?<\/p>\n<p style=\"text-align: center;\">\u00a0<a href=\"https:\/\/i0.wp.com\/dreamhaven.pl\/2015\/wp-content\/uploads\/2015\/01\/noc2.jpg\"><img data-recalc-dims=\"1\" loading=\"lazy\" decoding=\"async\" class=\"alignnone  wp-image-505\" src=\"https:\/\/i0.wp.com\/dreamhaven.pl\/2015\/wp-content\/uploads\/2015\/01\/noc2-300x173.jpg?resize=385%2C222\" alt=\"noc2\" width=\"385\" height=\"222\" \/><\/a><\/p>\n<h2>Opis techniczny<\/h2>\n<p>\u015awiat Nocy jest tajemnic\u0105 i nie mo\u017cemy powiedzie\u0107 o nim zbyt wiele, postaramy si\u0119 jednak nakre\u015bli\u0107 Wam kilka jego najwa\u017cniejszych cech. Po fabularnym wprowadzeniu, wejd\u017amy na chwil\u0119 za kulisy.<\/p>\n<p>Wiemy, \u017ce ta cz\u0119\u015b\u0107 gry jest mglista, jednak trudno znale\u017a\u0107 dok\u0142adne i bezpo\u015brednie por\u00f3wnanie z jakimkolwiek wzorcem, czy \u017ar\u00f3d\u0142em w literaturze lub filmie, kt\u00f3re da\u0142oby jasny obraz tego, czym jest \u015awiat Nocy. Wymy\u015blili\u015bmy go po swojemu, czerpi\u0105c z r\u00f3\u017cnych \u017ar\u00f3de\u0142, nie skupiaj\u0105c si\u0119 na konkretnym nurcie czy pomy\u015ble.<\/p>\n<p>Je\u015bli jednak mieliby\u015bmy skupi\u0107 si\u0119 na klimacie, kt\u00f3ry chcemy zbudowa\u0107, to najbli\u017cszy mu jest oniryczny \u015bwiat i postacie wykreowane w serii \u201eSandman\u201d Neila Gaimana i cz\u0119\u015bciowo w \u201eAmeryka\u0144skich Bogach\u201d tego samego autora.<\/p>\n<p>To oczywi\u015bcie nie znaczy, \u017ce gra b\u0119dzie jak\u0105\u015b adaptacj\u0105 prozy Gaimana. Chodzi o klimat, kt\u00f3ry si\u0119 w niej znajduje. Tego rodzaju atmosfera okre\u015bla \u015awiat Nocy.<\/p>\n<p>Ta cz\u0119\u015b\u0107 gry jest dla tych, kt\u00f3rym zale\u017cy najbardziej na w\u0105tkach nadnaturalnych i tajemniczo\u015bci jak i klimacie z niesamowit\u0105 opraw\u0105 wizualn\u0105.<\/p>\n<p>Wi\u0119kszo\u015b\u0107 mieszka\u0144c\u00f3w \u015awiata Nocy to istoty stare, o z\u0142o\u017conych, skomplikowanych historiach, wielop\u0142aszczyznowych charakterach i cz\u0119sto niesamowitych mocach. Chcemy aby zosta\u0142o to pokazane nie tylko przez sam\u0105 gr\u0119, ale r\u00f3wnie\u017c w ich zewn\u0119trzno\u015bci.<\/p>\n<p>Gracze \u015awiata Nocy b\u0119d\u0105 musieli przygotowa\u0107 wi\u0119c kostiumy, cz\u0119sto skomplikowane lub bogate, ale przede wszystkim &#8211; \u00a0pasuj\u0105ce do charakteru ich postaci (kt\u00f3ry jest tu bardziej kluczowy ni\u017c sam str\u00f3j).<\/p>\n<p>Chcemy jednak \u017ceby by\u0142o jasne: \u015awiat Nocy nie jest zbiorowiskiem NPC\u00f3w i rewi\u0105 mody.<\/p>\n<p>\u015awiat Nocy ma sw\u00f3j w\u0142asny podzia\u0142 i w\u0142asne zasady, kt\u00f3re bardzo urozmaicaj\u0105 relacje wewn\u0105trz niego. Ka\u017cdy za\u015b gracz b\u0119dzie z\u0142o\u017con\u0105, bogat\u0105 postaci\u0105, posiadaj\u0105c\u0105 swoje personalne w\u0105tki do zrealizowania i mas\u0119 wybor\u00f3w do podj\u0119cia.<\/p>\n<p>Kolejna istotna kwestia: Istoty \u015awiata Nocy s\u0105 nadnaturalne, ale nie wszechmog\u0105ce. Posiadaj\u0105 moce i zdolno\u015bci, ale nie takie, kt\u00f3re mog\u0142yby zaburzy\u0107 tok gry lub zbyt \u0142atwo odwr\u00f3ci\u0107 jej przebieg. Tak,jak ca\u0142a koncepcja tych istot, ich moce s\u0105 podkre\u015bleniem odmienno\u015bci a nie furtk\u0105 do mechanicznego wykolejenia rozgrywki czy zdominowania jej.<\/p>\n<p>Co si\u0119 za\u015b dominacji tyczy\u2026 \u201eZach\u00f3d: przebudzenie opowie\u015bci\u201d nie jest gr\u0105 o walce Dobra ze Z\u0142em. Ani \u015awiat Nocy nie jest z\u0142y, ani miasteczko, Indianie czy przyjezdni nie s\u0105 dobrzy. Na wielkiej prerii moralnej szaro\u015bci to Wasze decyzje poka\u017c\u0105, kto jest kim.<\/p>\n<p>Technicznie, w grze, nie da si\u0119 \u201cprzez przypadek\u201d trafi\u0107 do \u015awiata Nocy. Nie ma on granic, kt\u00f3re mo\u017cna wa\u0142\u0119saj\u0105c si\u0119 po lesie przekroczy\u0107. To jest lokacja wydzielona na terenie gry, do kt\u00f3rej mo\u017cna trafi\u0107 tylko z przewodnikiem lub spe\u0142niaj\u0105c okre\u015blone warunki.<\/p>\n<p>Do tego jeszcze kilka technikali\u00f3w, czyli rzeczy, o kt\u00f3rych nale\u017cy wiedzie\u0107 chc\u0105c gra\u0107 istot\u0105 ze \u015awiata Nocy:<\/p>\n<ul>\n<li>Gracze \u015aN zaczynaj\u0105 gr\u0119 o godzin\u0119 p\u00f3\u017aniej ni\u017c pozostali gracze (kwestia m.in. na\u0142o\u017cenia stroj\u00f3w i makija\u017cu)<\/li>\n<li>Gracze \u015aN pocz\u0105tkowo graj\u0105 jedynie w swojej lokacji (co nie oznacza, \u017ce nie b\u0119d\u0105 mieli kontaktu ze \u015awiatem Dnia). Fabularny pow\u00f3d takiego stanu rzeczy znajduje si\u0119 od razu we wprowadzeniu do \u015awiata Nocy, kt\u00f3re otrzymaj\u0105 gracze.<\/li>\n<li>Gracze \u015aN nie mog\u0105 o swojej grupie ani postaci m\u00f3wi\u0107 innym graczom przed gr\u0105. Obowi\u0105zuje faktyczna tajemnica, kt\u00f3rej nale\u017cy dochowywa\u0107. Ta tajemnica pomaga budowa\u0107 klimat \u015aN.<\/li>\n<\/ul>\n<p><strong>Tw\u00f3rcy grupy postaci:\u00a0<\/strong>Mateusz Bielski, Karolina \u017bera\u0144ska<\/p>\n<p><i>Uwaga: Gra postaci\u0105 ze \u015awiata Nocy ma specyficzny i wymagaj\u0105cy charakter. Dotyczy to zar\u00f3wno klimatu tajemnicy, jak i wymagaj\u0105cego\u00a0stroju, do kt\u00f3rych przywi\u0105zujemy du\u017c\u0105 wag\u0119. Je\u015bli masz ochot\u0119 zagra\u0107\u00a0postaci\u0105 Nocy prosimy o konsultacj\u0119 z organizatorami.<\/i><\/p>\n","protected":false},"excerpt":{"rendered":"<p>Opis fabularny Istnieje \u015awiat Dnia, gdzie w blasku s\u0142o\u0144ca \u017cyj\u0105 ludzie.\u00a0Istnieje te\u017c ten drugi \u015bwiat. \u015awiat opowie\u015bci. Ci, kt\u00f3rzy o nim wiedz\u0105, nie s\u0105 pewni, czy to historie ludzi, powtarzane od czas\u00f3w pierwszych plemion stworzy\u0142y t\u0119 krain\u0119, czy mo\u017ce istnia\u0142a ona od zawsze, daj\u0105c \u017ar\u00f3d\u0142o i pocz\u0105tek ba\u015bniom.\u00a0Niewielu wie o jej istnieniu, niewielu w ni\u0105 &hellip; <a href=\"http:\/\/dreamhaven.pl\/2015\/swiat-nocy\/\" class=\"more-link\">Czytaj dalej <span class=\"screen-reader-text\">\u015awiat Nocy<\/span><\/a><\/p>\n","protected":false},"author":3,"featured_media":0,"parent":0,"menu_order":0,"comment_status":"closed","ping_status":"closed","template":"","meta":{"_monsterinsights_skip_tracking":false,"_monsterinsights_sitenote_active":false,"_monsterinsights_sitenote_note":"","_monsterinsights_sitenote_category":0,"jetpack_post_was_ever_published":false,"footnotes":""},"class_list":["post-481","page","type-page","status-publish","hentry"],"yoast_head":"<!-- This site is optimized with the Yoast SEO plugin v27.2 - https:\/\/yoast.com\/product\/yoast-seo-wordpress\/ -->\n<title>\u015awiat Nocy - DreamHaven 2015<\/title>\n<meta name=\"robots\" content=\"index, follow, max-snippet:-1, max-image-preview:large, max-video-preview:-1\" \/>\n<link rel=\"canonical\" href=\"http:\/\/dreamhaven.pl\/2015\/swiat-nocy\/\" \/>\n<meta property=\"og:locale\" content=\"pl_PL\" \/>\n<meta property=\"og:type\" content=\"article\" \/>\n<meta property=\"og:title\" content=\"\u015awiat Nocy - DreamHaven 2015\" \/>\n<meta property=\"og:description\" content=\"Opis fabularny Istnieje \u015awiat Dnia, gdzie w blasku s\u0142o\u0144ca \u017cyj\u0105 ludzie.\u00a0Istnieje te\u017c ten drugi \u015bwiat. \u015awiat opowie\u015bci. Ci, kt\u00f3rzy o nim wiedz\u0105, nie s\u0105 pewni, czy to historie ludzi, powtarzane od czas\u00f3w pierwszych plemion stworzy\u0142y t\u0119 krain\u0119, czy mo\u017ce istnia\u0142a ona od zawsze, daj\u0105c \u017ar\u00f3d\u0142o i pocz\u0105tek ba\u015bniom.\u00a0Niewielu wie o jej istnieniu, niewielu w ni\u0105 &hellip; Czytaj dalej \u015awiat Nocy\" \/>\n<meta property=\"og:url\" content=\"http:\/\/dreamhaven.pl\/2015\/swiat-nocy\/\" \/>\n<meta property=\"og:site_name\" content=\"DreamHaven 2015\" \/>\n<meta property=\"article:modified_time\" content=\"2017-03-21T01:05:13+00:00\" \/>\n<meta property=\"og:image\" content=\"http:\/\/dreamhaven.pl\/2015\/wp-content\/uploads\/2015\/01\/noc-226x300.jpg\" \/>\n<meta name=\"twitter:card\" content=\"summary_large_image\" \/>\n<meta name=\"twitter:label1\" content=\"Szacowany czas czytania\" \/>\n\t<meta name=\"twitter:data1\" content=\"5 minut\" \/>\n<script type=\"application\/ld+json\" class=\"yoast-schema-graph\">{\"@context\":\"https:\/\/schema.org\",\"@graph\":[{\"@type\":\"WebPage\",\"@id\":\"http:\/\/dreamhaven.pl\/2015\/swiat-nocy\/\",\"url\":\"http:\/\/dreamhaven.pl\/2015\/swiat-nocy\/\",\"name\":\"\u015awiat Nocy - DreamHaven 2015\",\"isPartOf\":{\"@id\":\"http:\/\/dreamhaven.pl\/2015\/#website\"},\"primaryImageOfPage\":{\"@id\":\"http:\/\/dreamhaven.pl\/2015\/swiat-nocy\/#primaryimage\"},\"image\":{\"@id\":\"http:\/\/dreamhaven.pl\/2015\/swiat-nocy\/#primaryimage\"},\"thumbnailUrl\":\"http:\/\/dreamhaven.pl\/2015\/wp-content\/uploads\/2015\/01\/noc-226x300.jpg\",\"datePublished\":\"2015-01-18T21:16:06+00:00\",\"dateModified\":\"2017-03-21T01:05:13+00:00\",\"breadcrumb\":{\"@id\":\"http:\/\/dreamhaven.pl\/2015\/swiat-nocy\/#breadcrumb\"},\"inLanguage\":\"pl-PL\",\"potentialAction\":[{\"@type\":\"ReadAction\",\"target\":[\"http:\/\/dreamhaven.pl\/2015\/swiat-nocy\/\"]}]},{\"@type\":\"ImageObject\",\"inLanguage\":\"pl-PL\",\"@id\":\"http:\/\/dreamhaven.pl\/2015\/swiat-nocy\/#primaryimage\",\"url\":\"http:\/\/dreamhaven.pl\/2015\/wp-content\/uploads\/2015\/01\/noc-226x300.jpg\",\"contentUrl\":\"http:\/\/dreamhaven.pl\/2015\/wp-content\/uploads\/2015\/01\/noc-226x300.jpg\"},{\"@type\":\"BreadcrumbList\",\"@id\":\"http:\/\/dreamhaven.pl\/2015\/swiat-nocy\/#breadcrumb\",\"itemListElement\":[{\"@type\":\"ListItem\",\"position\":1,\"name\":\"Home\",\"item\":\"http:\/\/dreamhaven.pl\/2015\/\"},{\"@type\":\"ListItem\",\"position\":2,\"name\":\"\u015awiat Nocy\"}]},{\"@type\":\"WebSite\",\"@id\":\"http:\/\/dreamhaven.pl\/2015\/#website\",\"url\":\"http:\/\/dreamhaven.pl\/2015\/\",\"name\":\"DreamHaven 2015\",\"description\":\"Festiwal Innowacji Larpowych\",\"potentialAction\":[{\"@type\":\"SearchAction\",\"target\":{\"@type\":\"EntryPoint\",\"urlTemplate\":\"http:\/\/dreamhaven.pl\/2015\/?s={search_term_string}\"},\"query-input\":{\"@type\":\"PropertyValueSpecification\",\"valueRequired\":true,\"valueName\":\"search_term_string\"}}],\"inLanguage\":\"pl-PL\"}]}<\/script>\n<!-- \/ Yoast SEO plugin. -->","yoast_head_json":{"title":"\u015awiat Nocy - DreamHaven 2015","robots":{"index":"index","follow":"follow","max-snippet":"max-snippet:-1","max-image-preview":"max-image-preview:large","max-video-preview":"max-video-preview:-1"},"canonical":"http:\/\/dreamhaven.pl\/2015\/swiat-nocy\/","og_locale":"pl_PL","og_type":"article","og_title":"\u015awiat Nocy - DreamHaven 2015","og_description":"Opis fabularny Istnieje \u015awiat Dnia, gdzie w blasku s\u0142o\u0144ca \u017cyj\u0105 ludzie.\u00a0Istnieje te\u017c ten drugi \u015bwiat. \u015awiat opowie\u015bci. Ci, kt\u00f3rzy o nim wiedz\u0105, nie s\u0105 pewni, czy to historie ludzi, powtarzane od czas\u00f3w pierwszych plemion stworzy\u0142y t\u0119 krain\u0119, czy mo\u017ce istnia\u0142a ona od zawsze, daj\u0105c \u017ar\u00f3d\u0142o i pocz\u0105tek ba\u015bniom.\u00a0Niewielu wie o jej istnieniu, niewielu w ni\u0105 &hellip; Czytaj dalej \u015awiat Nocy","og_url":"http:\/\/dreamhaven.pl\/2015\/swiat-nocy\/","og_site_name":"DreamHaven 2015","article_modified_time":"2017-03-21T01:05:13+00:00","og_image":[{"url":"http:\/\/dreamhaven.pl\/2015\/wp-content\/uploads\/2015\/01\/noc-226x300.jpg","type":"","width":"","height":""}],"twitter_card":"summary_large_image","twitter_misc":{"Szacowany czas czytania":"5 minut"},"schema":{"@context":"https:\/\/schema.org","@graph":[{"@type":"WebPage","@id":"http:\/\/dreamhaven.pl\/2015\/swiat-nocy\/","url":"http:\/\/dreamhaven.pl\/2015\/swiat-nocy\/","name":"\u015awiat Nocy - DreamHaven 2015","isPartOf":{"@id":"http:\/\/dreamhaven.pl\/2015\/#website"},"primaryImageOfPage":{"@id":"http:\/\/dreamhaven.pl\/2015\/swiat-nocy\/#primaryimage"},"image":{"@id":"http:\/\/dreamhaven.pl\/2015\/swiat-nocy\/#primaryimage"},"thumbnailUrl":"http:\/\/dreamhaven.pl\/2015\/wp-content\/uploads\/2015\/01\/noc-226x300.jpg","datePublished":"2015-01-18T21:16:06+00:00","dateModified":"2017-03-21T01:05:13+00:00","breadcrumb":{"@id":"http:\/\/dreamhaven.pl\/2015\/swiat-nocy\/#breadcrumb"},"inLanguage":"pl-PL","potentialAction":[{"@type":"ReadAction","target":["http:\/\/dreamhaven.pl\/2015\/swiat-nocy\/"]}]},{"@type":"ImageObject","inLanguage":"pl-PL","@id":"http:\/\/dreamhaven.pl\/2015\/swiat-nocy\/#primaryimage","url":"http:\/\/dreamhaven.pl\/2015\/wp-content\/uploads\/2015\/01\/noc-226x300.jpg","contentUrl":"http:\/\/dreamhaven.pl\/2015\/wp-content\/uploads\/2015\/01\/noc-226x300.jpg"},{"@type":"BreadcrumbList","@id":"http:\/\/dreamhaven.pl\/2015\/swiat-nocy\/#breadcrumb","itemListElement":[{"@type":"ListItem","position":1,"name":"Home","item":"http:\/\/dreamhaven.pl\/2015\/"},{"@type":"ListItem","position":2,"name":"\u015awiat Nocy"}]},{"@type":"WebSite","@id":"http:\/\/dreamhaven.pl\/2015\/#website","url":"http:\/\/dreamhaven.pl\/2015\/","name":"DreamHaven 2015","description":"Festiwal Innowacji Larpowych","potentialAction":[{"@type":"SearchAction","target":{"@type":"EntryPoint","urlTemplate":"http:\/\/dreamhaven.pl\/2015\/?s={search_term_string}"},"query-input":{"@type":"PropertyValueSpecification","valueRequired":true,"valueName":"search_term_string"}}],"inLanguage":"pl-PL"}]}},"jetpack_sharing_enabled":true,"jetpack_shortlink":"https:\/\/wp.me\/P73JPe-7L","jetpack_likes_enabled":true,"_links":{"self":[{"href":"http:\/\/dreamhaven.pl\/2015\/wp-json\/wp\/v2\/pages\/481","targetHints":{"allow":["GET"]}}],"collection":[{"href":"http:\/\/dreamhaven.pl\/2015\/wp-json\/wp\/v2\/pages"}],"about":[{"href":"http:\/\/dreamhaven.pl\/2015\/wp-json\/wp\/v2\/types\/page"}],"author":[{"embeddable":true,"href":"http:\/\/dreamhaven.pl\/2015\/wp-json\/wp\/v2\/users\/3"}],"replies":[{"embeddable":true,"href":"http:\/\/dreamhaven.pl\/2015\/wp-json\/wp\/v2\/comments?post=481"}],"version-history":[{"count":2,"href":"http:\/\/dreamhaven.pl\/2015\/wp-json\/wp\/v2\/pages\/481\/revisions"}],"predecessor-version":[{"id":1399,"href":"http:\/\/dreamhaven.pl\/2015\/wp-json\/wp\/v2\/pages\/481\/revisions\/1399"}],"wp:attachment":[{"href":"http:\/\/dreamhaven.pl\/2015\/wp-json\/wp\/v2\/media?parent=481"}],"curies":[{"name":"wp","href":"https:\/\/api.w.org\/{rel}","templated":true}]}}