{"id":551,"date":"2015-01-25T17:49:40","date_gmt":"2015-01-25T16:49:40","guid":{"rendered":"http:\/\/dreamhaven.pl\/2015\/?page_id=551"},"modified":"2017-03-21T01:46:43","modified_gmt":"2017-03-21T00:46:43","slug":"print-play","status":"publish","type":"page","link":"http:\/\/dreamhaven.pl\/2015\/print-play\/","title":{"rendered":"Print &#038; Play"},"content":{"rendered":"<p><a href=\"http:\/\/larpbase.pl\/\" target=\"_blank\">Larpbase.pl<\/a> &#8211; Otwarta baza scenariuszy larpowych.<\/p>\n<p><a href=\"http:\/\/jeepen.org\/\" target=\"_blank\">Jeepen.org<\/a> &#8211; Baza jeepform\u00f3w angloj\u0119zycznych.<\/p>\n<p><a href=\"http:\/\/www.goldencobra.org\/pdf\/golden_cobra_anthology_2014.pdf\">Golden Cobra<\/a> &#8211; Antologia gier zg\u0142oszonych do konkursu Golden Cobra.<\/p>\n<p>Baza b\u0119dzie aktualizowana na bie\u017c\u0105co, w miar\u0119 nap\u0142ywania do nas scenariuszy.<\/p>\n<p>Niekt\u00f3re scenariusze dost\u0119pne s\u0105 zar\u00f3wno w wersji polsko jak i angielskoj\u0119zycznej.<\/p>\n","protected":false},"excerpt":{"rendered":"<p>Larpbase.pl &#8211; Otwarta baza scenariuszy larpowych. Jeepen.org &#8211; Baza jeepform\u00f3w angloj\u0119zycznych. Golden Cobra &#8211; Antologia gier zg\u0142oszonych do konkursu Golden Cobra. Baza b\u0119dzie aktualizowana na bie\u017c\u0105co, w miar\u0119 nap\u0142ywania do nas scenariuszy. Niekt\u00f3re scenariusze dost\u0119pne s\u0105 zar\u00f3wno w wersji polsko jak i angielskoj\u0119zycznej.<\/p>\n","protected":false},"author":2,"featured_media":0,"parent":0,"menu_order":0,"comment_status":"closed","ping_status":"closed","template":"","meta":{"_monsterinsights_skip_tracking":false,"_monsterinsights_sitenote_active":false,"_monsterinsights_sitenote_note":"","_monsterinsights_sitenote_category":0,"jetpack_post_was_ever_published":false,"footnotes":""},"class_list":["post-551","page","type-page","status-publish","hentry"],"yoast_head":"<!-- This site is optimized with the Yoast SEO plugin v27.2 - https:\/\/yoast.com\/product\/yoast-seo-wordpress\/ -->\n<title>Print &amp; Play - DreamHaven 2015<\/title>\n<meta name=\"robots\" content=\"index, follow, max-snippet:-1, max-image-preview:large, max-video-preview:-1\" \/>\n<link rel=\"canonical\" href=\"http:\/\/dreamhaven.pl\/2015\/print-play\/\" \/>\n<meta property=\"og:locale\" content=\"pl_PL\" \/>\n<meta property=\"og:type\" content=\"article\" \/>\n<meta property=\"og:title\" content=\"Print &amp; Play - DreamHaven 2015\" \/>\n<meta property=\"og:description\" content=\"Larpbase.pl &#8211; Otwarta baza scenariuszy larpowych. Jeepen.org &#8211; Baza jeepform\u00f3w angloj\u0119zycznych. Golden Cobra &#8211; Antologia gier zg\u0142oszonych do konkursu Golden Cobra. Baza b\u0119dzie aktualizowana na bie\u017c\u0105co, w miar\u0119 nap\u0142ywania do nas scenariuszy. Niekt\u00f3re scenariusze dost\u0119pne s\u0105 zar\u00f3wno w wersji polsko jak i angielskoj\u0119zycznej.\" \/>\n<meta property=\"og:url\" content=\"http:\/\/dreamhaven.pl\/2015\/print-play\/\" \/>\n<meta property=\"og:site_name\" content=\"DreamHaven 2015\" \/>\n<meta property=\"article:modified_time\" content=\"2017-03-21T00:46:43+00:00\" \/>\n<meta name=\"twitter:card\" content=\"summary_large_image\" \/>\n<script type=\"application\/ld+json\" class=\"yoast-schema-graph\">{\"@context\":\"https:\/\/schema.org\",\"@graph\":[{\"@type\":\"WebPage\",\"@id\":\"http:\/\/dreamhaven.pl\/2015\/print-play\/\",\"url\":\"http:\/\/dreamhaven.pl\/2015\/print-play\/\",\"name\":\"Print & Play - DreamHaven 2015\",\"isPartOf\":{\"@id\":\"http:\/\/dreamhaven.pl\/2015\/#website\"},\"datePublished\":\"2015-01-25T16:49:40+00:00\",\"dateModified\":\"2017-03-21T00:46:43+00:00\",\"breadcrumb\":{\"@id\":\"http:\/\/dreamhaven.pl\/2015\/print-play\/#breadcrumb\"},\"inLanguage\":\"pl-PL\",\"potentialAction\":[{\"@type\":\"ReadAction\",\"target\":[\"http:\/\/dreamhaven.pl\/2015\/print-play\/\"]}]},{\"@type\":\"BreadcrumbList\",\"@id\":\"http:\/\/dreamhaven.pl\/2015\/print-play\/#breadcrumb\",\"itemListElement\":[{\"@type\":\"ListItem\",\"position\":1,\"name\":\"Home\",\"item\":\"http:\/\/dreamhaven.pl\/2015\/\"},{\"@type\":\"ListItem\",\"position\":2,\"name\":\"Print &#038; Play\"}]},{\"@type\":\"WebSite\",\"@id\":\"http:\/\/dreamhaven.pl\/2015\/#website\",\"url\":\"http:\/\/dreamhaven.pl\/2015\/\",\"name\":\"DreamHaven 2015\",\"description\":\"Festiwal Innowacji Larpowych\",\"potentialAction\":[{\"@type\":\"SearchAction\",\"target\":{\"@type\":\"EntryPoint\",\"urlTemplate\":\"http:\/\/dreamhaven.pl\/2015\/?s={search_term_string}\"},\"query-input\":{\"@type\":\"PropertyValueSpecification\",\"valueRequired\":true,\"valueName\":\"search_term_string\"}}],\"inLanguage\":\"pl-PL\"}]}<\/script>\n<!-- \/ Yoast SEO plugin. -->","yoast_head_json":{"title":"Print & Play - DreamHaven 2015","robots":{"index":"index","follow":"follow","max-snippet":"max-snippet:-1","max-image-preview":"max-image-preview:large","max-video-preview":"max-video-preview:-1"},"canonical":"http:\/\/dreamhaven.pl\/2015\/print-play\/","og_locale":"pl_PL","og_type":"article","og_title":"Print & Play - DreamHaven 2015","og_description":"Larpbase.pl &#8211; Otwarta baza scenariuszy larpowych. Jeepen.org &#8211; Baza jeepform\u00f3w angloj\u0119zycznych. Golden Cobra &#8211; Antologia gier zg\u0142oszonych do konkursu Golden Cobra. Baza b\u0119dzie aktualizowana na bie\u017c\u0105co, w miar\u0119 nap\u0142ywania do nas scenariuszy. Niekt\u00f3re scenariusze dost\u0119pne s\u0105 zar\u00f3wno w wersji polsko jak i angielskoj\u0119zycznej.","og_url":"http:\/\/dreamhaven.pl\/2015\/print-play\/","og_site_name":"DreamHaven 2015","article_modified_time":"2017-03-21T00:46:43+00:00","twitter_card":"summary_large_image","schema":{"@context":"https:\/\/schema.org","@graph":[{"@type":"WebPage","@id":"http:\/\/dreamhaven.pl\/2015\/print-play\/","url":"http:\/\/dreamhaven.pl\/2015\/print-play\/","name":"Print & Play - DreamHaven 2015","isPartOf":{"@id":"http:\/\/dreamhaven.pl\/2015\/#website"},"datePublished":"2015-01-25T16:49:40+00:00","dateModified":"2017-03-21T00:46:43+00:00","breadcrumb":{"@id":"http:\/\/dreamhaven.pl\/2015\/print-play\/#breadcrumb"},"inLanguage":"pl-PL","potentialAction":[{"@type":"ReadAction","target":["http:\/\/dreamhaven.pl\/2015\/print-play\/"]}]},{"@type":"BreadcrumbList","@id":"http:\/\/dreamhaven.pl\/2015\/print-play\/#breadcrumb","itemListElement":[{"@type":"ListItem","position":1,"name":"Home","item":"http:\/\/dreamhaven.pl\/2015\/"},{"@type":"ListItem","position":2,"name":"Print &#038; Play"}]},{"@type":"WebSite","@id":"http:\/\/dreamhaven.pl\/2015\/#website","url":"http:\/\/dreamhaven.pl\/2015\/","name":"DreamHaven 2015","description":"Festiwal Innowacji Larpowych","potentialAction":[{"@type":"SearchAction","target":{"@type":"EntryPoint","urlTemplate":"http:\/\/dreamhaven.pl\/2015\/?s={search_term_string}"},"query-input":{"@type":"PropertyValueSpecification","valueRequired":true,"valueName":"search_term_string"}}],"inLanguage":"pl-PL"}]}},"jetpack_sharing_enabled":true,"jetpack_shortlink":"https:\/\/wp.me\/P73JPe-8T","jetpack_likes_enabled":true,"_links":{"self":[{"href":"http:\/\/dreamhaven.pl\/2015\/wp-json\/wp\/v2\/pages\/551","targetHints":{"allow":["GET"]}}],"collection":[{"href":"http:\/\/dreamhaven.pl\/2015\/wp-json\/wp\/v2\/pages"}],"about":[{"href":"http:\/\/dreamhaven.pl\/2015\/wp-json\/wp\/v2\/types\/page"}],"author":[{"embeddable":true,"href":"http:\/\/dreamhaven.pl\/2015\/wp-json\/wp\/v2\/users\/2"}],"replies":[{"embeddable":true,"href":"http:\/\/dreamhaven.pl\/2015\/wp-json\/wp\/v2\/comments?post=551"}],"version-history":[{"count":2,"href":"http:\/\/dreamhaven.pl\/2015\/wp-json\/wp\/v2\/pages\/551\/revisions"}],"predecessor-version":[{"id":1392,"href":"http:\/\/dreamhaven.pl\/2015\/wp-json\/wp\/v2\/pages\/551\/revisions\/1392"}],"wp:attachment":[{"href":"http:\/\/dreamhaven.pl\/2015\/wp-json\/wp\/v2\/media?parent=551"}],"curies":[{"name":"wp","href":"https:\/\/api.w.org\/{rel}","templated":true}]}}