{"id":755,"date":"2015-04-08T22:45:31","date_gmt":"2015-04-08T20:45:31","guid":{"rendered":"http:\/\/dreamhaven.pl\/2015\/?page_id=755"},"modified":"2017-03-21T02:06:59","modified_gmt":"2017-03-21T01:06:59","slug":"swiat-nocy-lista-postaci","status":"publish","type":"page","link":"http:\/\/dreamhaven.pl\/2015\/swiat-nocy-lista-postaci\/","title":{"rendered":"\u015awiat nocy &#8211; lista postaci"},"content":{"rendered":"<p>Graczy zastanawiaj\u0105cych si\u0119 nad wybraniem postaci z tej grupy w II turze rezerwacji zach\u0119camy do przeczytania jej opisu raz jeszcze. Opis \u015awiata Nocy znajdziecie <a title=\"\u015awiat Nocy\" href=\"http:\/\/dreamhaven.pl\/2015\/swiat-nocy\/\">tutaj.<\/a><\/p>\n<p>Jak ju\u017c wiecie, \u015awiat Nocy sk\u0105pany jest w tajemnicy i wzgl\u0119dem niego obowi\u0105zuj\u0105 troch\u0119 inne zasady.<\/p>\n<p>Ze wzgl\u0119du na tajemnic\u0119 dotycz\u0105c\u0105 tej sfery gry, w oczywisty spos\u00f3b nie jest mo\u017cliwym przejrzenie dost\u0119pnych postaci a nast\u0119pnie powr\u00f3t do np. Indian. Decyzja o graniu postaci\u0105 ze \u015awiata Nocy w II turze rezerwacji jest ostateczna. Po otrzymaniu listy postaci Nocy, mo\u017cna gra\u0107 ju\u017c tylko w tej grupie.<\/p>\n<p>Dlatego zach\u0119camy do przeczytania opis\u00f3w i zasad (wym\u00f3g stroju, pocz\u0105tkowo inny rodzaj rozgrywki, uwielbienie klimatu wink emoticon ), zastanowienia si\u0119, zg\u0142aszania pyta\u0144 i w\u0105tpliwo\u015bci do koordynator\u00f3w grupy (Mateusz Bielski i Karolina \u017bera\u0144ska) przed podj\u0119ciem decyzji.<\/p>\n<p>W przypadku ch\u0119ci przyst\u0105pienia do \u015awiata Nocy, lista dost\u0119pnych i zarezerwowanych postaci zostanie udost\u0119pniona w prywatnej wiadomo\u015bci.<\/p>\n","protected":false},"excerpt":{"rendered":"<p>Graczy zastanawiaj\u0105cych si\u0119 nad wybraniem postaci z tej grupy w II turze rezerwacji zach\u0119camy do przeczytania jej opisu raz jeszcze. Opis \u015awiata Nocy znajdziecie tutaj. Jak ju\u017c wiecie, \u015awiat Nocy sk\u0105pany jest w tajemnicy i wzgl\u0119dem niego obowi\u0105zuj\u0105 troch\u0119 inne zasady. Ze wzgl\u0119du na tajemnic\u0119 dotycz\u0105c\u0105 tej sfery gry, w oczywisty spos\u00f3b nie jest mo\u017cliwym &hellip; <a href=\"http:\/\/dreamhaven.pl\/2015\/swiat-nocy-lista-postaci\/\" class=\"more-link\">Czytaj dalej <span class=\"screen-reader-text\">\u015awiat nocy &#8211; lista postaci<\/span><\/a><\/p>\n","protected":false},"author":2,"featured_media":0,"parent":0,"menu_order":0,"comment_status":"closed","ping_status":"closed","template":"","meta":{"_monsterinsights_skip_tracking":false,"_monsterinsights_sitenote_active":false,"_monsterinsights_sitenote_note":"","_monsterinsights_sitenote_category":0,"jetpack_post_was_ever_published":false,"footnotes":""},"class_list":["post-755","page","type-page","status-publish","hentry"],"yoast_head":"<!-- This site is optimized with the Yoast SEO plugin v27.2 - https:\/\/yoast.com\/product\/yoast-seo-wordpress\/ -->\n<title>\u015awiat nocy - lista postaci - DreamHaven 2015<\/title>\n<meta name=\"robots\" content=\"index, follow, max-snippet:-1, max-image-preview:large, max-video-preview:-1\" \/>\n<link rel=\"canonical\" href=\"http:\/\/dreamhaven.pl\/2015\/swiat-nocy-lista-postaci\/\" \/>\n<meta property=\"og:locale\" content=\"pl_PL\" \/>\n<meta property=\"og:type\" content=\"article\" \/>\n<meta property=\"og:title\" content=\"\u015awiat nocy - lista postaci - DreamHaven 2015\" \/>\n<meta property=\"og:description\" content=\"Graczy zastanawiaj\u0105cych si\u0119 nad wybraniem postaci z tej grupy w II turze rezerwacji zach\u0119camy do przeczytania jej opisu raz jeszcze. Opis \u015awiata Nocy znajdziecie tutaj. Jak ju\u017c wiecie, \u015awiat Nocy sk\u0105pany jest w tajemnicy i wzgl\u0119dem niego obowi\u0105zuj\u0105 troch\u0119 inne zasady. Ze wzgl\u0119du na tajemnic\u0119 dotycz\u0105c\u0105 tej sfery gry, w oczywisty spos\u00f3b nie jest mo\u017cliwym &hellip; Czytaj dalej \u015awiat nocy &#8211; lista postaci\" \/>\n<meta property=\"og:url\" content=\"http:\/\/dreamhaven.pl\/2015\/swiat-nocy-lista-postaci\/\" \/>\n<meta property=\"og:site_name\" content=\"DreamHaven 2015\" \/>\n<meta property=\"article:modified_time\" content=\"2017-03-21T01:06:59+00:00\" \/>\n<meta name=\"twitter:card\" content=\"summary_large_image\" \/>\n<meta name=\"twitter:label1\" content=\"Szacowany czas czytania\" \/>\n\t<meta name=\"twitter:data1\" content=\"1 minuta\" \/>\n<script type=\"application\/ld+json\" class=\"yoast-schema-graph\">{\"@context\":\"https:\/\/schema.org\",\"@graph\":[{\"@type\":\"WebPage\",\"@id\":\"http:\/\/dreamhaven.pl\/2015\/swiat-nocy-lista-postaci\/\",\"url\":\"http:\/\/dreamhaven.pl\/2015\/swiat-nocy-lista-postaci\/\",\"name\":\"\u015awiat nocy - lista postaci - DreamHaven 2015\",\"isPartOf\":{\"@id\":\"http:\/\/dreamhaven.pl\/2015\/#website\"},\"datePublished\":\"2015-04-08T20:45:31+00:00\",\"dateModified\":\"2017-03-21T01:06:59+00:00\",\"breadcrumb\":{\"@id\":\"http:\/\/dreamhaven.pl\/2015\/swiat-nocy-lista-postaci\/#breadcrumb\"},\"inLanguage\":\"pl-PL\",\"potentialAction\":[{\"@type\":\"ReadAction\",\"target\":[\"http:\/\/dreamhaven.pl\/2015\/swiat-nocy-lista-postaci\/\"]}]},{\"@type\":\"BreadcrumbList\",\"@id\":\"http:\/\/dreamhaven.pl\/2015\/swiat-nocy-lista-postaci\/#breadcrumb\",\"itemListElement\":[{\"@type\":\"ListItem\",\"position\":1,\"name\":\"Home\",\"item\":\"http:\/\/dreamhaven.pl\/2015\/\"},{\"@type\":\"ListItem\",\"position\":2,\"name\":\"\u015awiat nocy &#8211; lista postaci\"}]},{\"@type\":\"WebSite\",\"@id\":\"http:\/\/dreamhaven.pl\/2015\/#website\",\"url\":\"http:\/\/dreamhaven.pl\/2015\/\",\"name\":\"DreamHaven 2015\",\"description\":\"Festiwal Innowacji Larpowych\",\"potentialAction\":[{\"@type\":\"SearchAction\",\"target\":{\"@type\":\"EntryPoint\",\"urlTemplate\":\"http:\/\/dreamhaven.pl\/2015\/?s={search_term_string}\"},\"query-input\":{\"@type\":\"PropertyValueSpecification\",\"valueRequired\":true,\"valueName\":\"search_term_string\"}}],\"inLanguage\":\"pl-PL\"}]}<\/script>\n<!-- \/ Yoast SEO plugin. -->","yoast_head_json":{"title":"\u015awiat nocy - lista postaci - DreamHaven 2015","robots":{"index":"index","follow":"follow","max-snippet":"max-snippet:-1","max-image-preview":"max-image-preview:large","max-video-preview":"max-video-preview:-1"},"canonical":"http:\/\/dreamhaven.pl\/2015\/swiat-nocy-lista-postaci\/","og_locale":"pl_PL","og_type":"article","og_title":"\u015awiat nocy - lista postaci - DreamHaven 2015","og_description":"Graczy zastanawiaj\u0105cych si\u0119 nad wybraniem postaci z tej grupy w II turze rezerwacji zach\u0119camy do przeczytania jej opisu raz jeszcze. Opis \u015awiata Nocy znajdziecie tutaj. Jak ju\u017c wiecie, \u015awiat Nocy sk\u0105pany jest w tajemnicy i wzgl\u0119dem niego obowi\u0105zuj\u0105 troch\u0119 inne zasady. Ze wzgl\u0119du na tajemnic\u0119 dotycz\u0105c\u0105 tej sfery gry, w oczywisty spos\u00f3b nie jest mo\u017cliwym &hellip; Czytaj dalej \u015awiat nocy &#8211; lista postaci","og_url":"http:\/\/dreamhaven.pl\/2015\/swiat-nocy-lista-postaci\/","og_site_name":"DreamHaven 2015","article_modified_time":"2017-03-21T01:06:59+00:00","twitter_card":"summary_large_image","twitter_misc":{"Szacowany czas czytania":"1 minuta"},"schema":{"@context":"https:\/\/schema.org","@graph":[{"@type":"WebPage","@id":"http:\/\/dreamhaven.pl\/2015\/swiat-nocy-lista-postaci\/","url":"http:\/\/dreamhaven.pl\/2015\/swiat-nocy-lista-postaci\/","name":"\u015awiat nocy - lista postaci - DreamHaven 2015","isPartOf":{"@id":"http:\/\/dreamhaven.pl\/2015\/#website"},"datePublished":"2015-04-08T20:45:31+00:00","dateModified":"2017-03-21T01:06:59+00:00","breadcrumb":{"@id":"http:\/\/dreamhaven.pl\/2015\/swiat-nocy-lista-postaci\/#breadcrumb"},"inLanguage":"pl-PL","potentialAction":[{"@type":"ReadAction","target":["http:\/\/dreamhaven.pl\/2015\/swiat-nocy-lista-postaci\/"]}]},{"@type":"BreadcrumbList","@id":"http:\/\/dreamhaven.pl\/2015\/swiat-nocy-lista-postaci\/#breadcrumb","itemListElement":[{"@type":"ListItem","position":1,"name":"Home","item":"http:\/\/dreamhaven.pl\/2015\/"},{"@type":"ListItem","position":2,"name":"\u015awiat nocy &#8211; lista postaci"}]},{"@type":"WebSite","@id":"http:\/\/dreamhaven.pl\/2015\/#website","url":"http:\/\/dreamhaven.pl\/2015\/","name":"DreamHaven 2015","description":"Festiwal Innowacji Larpowych","potentialAction":[{"@type":"SearchAction","target":{"@type":"EntryPoint","urlTemplate":"http:\/\/dreamhaven.pl\/2015\/?s={search_term_string}"},"query-input":{"@type":"PropertyValueSpecification","valueRequired":true,"valueName":"search_term_string"}}],"inLanguage":"pl-PL"}]}},"jetpack_sharing_enabled":true,"jetpack_shortlink":"https:\/\/wp.me\/P73JPe-cb","jetpack_likes_enabled":true,"_links":{"self":[{"href":"http:\/\/dreamhaven.pl\/2015\/wp-json\/wp\/v2\/pages\/755","targetHints":{"allow":["GET"]}}],"collection":[{"href":"http:\/\/dreamhaven.pl\/2015\/wp-json\/wp\/v2\/pages"}],"about":[{"href":"http:\/\/dreamhaven.pl\/2015\/wp-json\/wp\/v2\/types\/page"}],"author":[{"embeddable":true,"href":"http:\/\/dreamhaven.pl\/2015\/wp-json\/wp\/v2\/users\/2"}],"replies":[{"embeddable":true,"href":"http:\/\/dreamhaven.pl\/2015\/wp-json\/wp\/v2\/comments?post=755"}],"version-history":[{"count":2,"href":"http:\/\/dreamhaven.pl\/2015\/wp-json\/wp\/v2\/pages\/755\/revisions"}],"predecessor-version":[{"id":1401,"href":"http:\/\/dreamhaven.pl\/2015\/wp-json\/wp\/v2\/pages\/755\/revisions\/1401"}],"wp:attachment":[{"href":"http:\/\/dreamhaven.pl\/2015\/wp-json\/wp\/v2\/media?parent=755"}],"curies":[{"name":"wp","href":"https:\/\/api.w.org\/{rel}","templated":true}]}}