{"id":9,"date":"2014-12-20T19:13:04","date_gmt":"2014-12-20T19:13:04","guid":{"rendered":"http:\/\/dreamhaven.pl\/2015\/?page_id=9"},"modified":"2015-01-18T02:12:33","modified_gmt":"2015-01-18T01:12:33","slug":"czym-jest-larp","status":"publish","type":"page","link":"http:\/\/dreamhaven.pl\/2015\/czym-jest-larp\/","title":{"rendered":"Czym jest larp?"},"content":{"rendered":"<p>Najprostsza i najzwi\u0119\u017alejsza definicja larpa to (<a href=\"http:\/\/pl.wikipedia.org\/wiki\/Live_action_role-playing\">za Wikipedi\u0105<\/a>):<\/p>\n<p>\u201e<b>Larp<\/b> (ang. <i>live action role-playing<\/i>) \u2013 aktywno\u015b\u0107 na pograniczu gry i sztuki, podczas kt\u00f3rej uczestnicy wsp\u00f3lnie tworz\u0105 i prze\u017cywaj\u0105 opowie\u015b\u0107, odgrywaj\u0105c role podobnie do <a title=\"Teatr improwizowany\" href=\"http:\/\/pl.wikipedia.org\/wiki\/Teatr_improwizowany\">improwizowanego teatru<\/a>. Akcja larpa mo\u017ce by\u0107 osadzona zar\u00f3wno w \u015bwiecie rzeczywistym, jak i fikcyjnym.\u201d<\/p>\n<p>Mimo wsp\u00f3lnej definicji, gry mog\u0105 r\u00f3\u017cni\u0107 si\u0119 wszystkim \u2013 poczynaj\u0105c od celu gry (zabawa, edukacja, katharsis, eksperyment), poprzez ilo\u015b\u0107 i jako\u015b\u0107 rekwizyt\u00f3w, kostium\u00f3w czy szczeg\u00f3\u0142owych zasad.<\/p>\n<p>Warto zastanowi\u0107 si\u0119, czego oczekujemy od\u00a0larp\u00f3w i wtedy wybra\u0107 rodzaj gry najodpowiedniejszy do naszych zainteresowa\u0144 i potrzeb. Wi\u0119cej na temat larp\u00f3w \u00a0mo\u017cna poczyta\u0107 na poni\u017cszych stronach:<br \/> &#8211; <a href=\"http:\/\/pl.wikipedia.org\/wiki\/Live_action_role-playing\">Wikipedia: live action role-playing<\/a><br \/> &#8211; <a href=\"http:\/\/larpbase.pl\/\">LARPbase<\/a><br \/> &#8211; <a href=\"http:\/\/jeepen.org\/\">Vi \u00e5ker Jeep<\/a><\/p>\n","protected":false},"excerpt":{"rendered":"<p>Najprostsza i najzwi\u0119\u017alejsza definicja larpa to (za Wikipedi\u0105): \u201eLarp (ang. live action role-playing) \u2013 aktywno\u015b\u0107 na pograniczu gry i sztuki, podczas kt\u00f3rej uczestnicy wsp\u00f3lnie tworz\u0105 i prze\u017cywaj\u0105 opowie\u015b\u0107, odgrywaj\u0105c role podobnie do improwizowanego teatru. Akcja larpa mo\u017ce by\u0107 osadzona zar\u00f3wno w \u015bwiecie rzeczywistym, jak i fikcyjnym.\u201d Mimo wsp\u00f3lnej definicji, gry mog\u0105 r\u00f3\u017cni\u0107 si\u0119 wszystkim \u2013 &hellip; <a href=\"http:\/\/dreamhaven.pl\/2015\/czym-jest-larp\/\" class=\"more-link\">Czytaj dalej <span class=\"screen-reader-text\">Czym jest larp?<\/span><\/a><\/p>\n","protected":false},"author":1,"featured_media":0,"parent":0,"menu_order":0,"comment_status":"closed","ping_status":"open","template":"page-templates\/full-width-page.php","meta":{"_monsterinsights_skip_tracking":false,"_monsterinsights_sitenote_active":false,"_monsterinsights_sitenote_note":"","_monsterinsights_sitenote_category":0,"jetpack_post_was_ever_published":false,"footnotes":""},"class_list":["post-9","page","type-page","status-publish","hentry"],"yoast_head":"<!-- This site is optimized with the Yoast SEO plugin v27.2 - https:\/\/yoast.com\/product\/yoast-seo-wordpress\/ -->\n<title>Czym jest larp? - DreamHaven 2015<\/title>\n<meta name=\"robots\" content=\"index, follow, max-snippet:-1, max-image-preview:large, max-video-preview:-1\" \/>\n<link rel=\"canonical\" href=\"http:\/\/dreamhaven.pl\/2015\/czym-jest-larp\/\" \/>\n<meta property=\"og:locale\" content=\"pl_PL\" \/>\n<meta property=\"og:type\" content=\"article\" \/>\n<meta property=\"og:title\" content=\"Czym jest larp? - DreamHaven 2015\" \/>\n<meta property=\"og:description\" content=\"Najprostsza i najzwi\u0119\u017alejsza definicja larpa to (za Wikipedi\u0105): \u201eLarp (ang. live action role-playing) \u2013 aktywno\u015b\u0107 na pograniczu gry i sztuki, podczas kt\u00f3rej uczestnicy wsp\u00f3lnie tworz\u0105 i prze\u017cywaj\u0105 opowie\u015b\u0107, odgrywaj\u0105c role podobnie do improwizowanego teatru. Akcja larpa mo\u017ce by\u0107 osadzona zar\u00f3wno w \u015bwiecie rzeczywistym, jak i fikcyjnym.\u201d Mimo wsp\u00f3lnej definicji, gry mog\u0105 r\u00f3\u017cni\u0107 si\u0119 wszystkim \u2013 &hellip; Czytaj dalej Czym jest larp?\" \/>\n<meta property=\"og:url\" content=\"http:\/\/dreamhaven.pl\/2015\/czym-jest-larp\/\" \/>\n<meta property=\"og:site_name\" content=\"DreamHaven 2015\" \/>\n<meta property=\"article:modified_time\" content=\"2015-01-18T01:12:33+00:00\" \/>\n<meta name=\"twitter:card\" content=\"summary_large_image\" \/>\n<meta name=\"twitter:label1\" content=\"Szacowany czas czytania\" \/>\n\t<meta name=\"twitter:data1\" content=\"1 minuta\" \/>\n<script type=\"application\/ld+json\" class=\"yoast-schema-graph\">{\"@context\":\"https:\/\/schema.org\",\"@graph\":[{\"@type\":\"WebPage\",\"@id\":\"http:\/\/dreamhaven.pl\/2015\/czym-jest-larp\/\",\"url\":\"http:\/\/dreamhaven.pl\/2015\/czym-jest-larp\/\",\"name\":\"Czym jest larp? - DreamHaven 2015\",\"isPartOf\":{\"@id\":\"http:\/\/dreamhaven.pl\/2015\/#website\"},\"datePublished\":\"2014-12-20T19:13:04+00:00\",\"dateModified\":\"2015-01-18T01:12:33+00:00\",\"breadcrumb\":{\"@id\":\"http:\/\/dreamhaven.pl\/2015\/czym-jest-larp\/#breadcrumb\"},\"inLanguage\":\"pl-PL\",\"potentialAction\":[{\"@type\":\"ReadAction\",\"target\":[\"http:\/\/dreamhaven.pl\/2015\/czym-jest-larp\/\"]}]},{\"@type\":\"BreadcrumbList\",\"@id\":\"http:\/\/dreamhaven.pl\/2015\/czym-jest-larp\/#breadcrumb\",\"itemListElement\":[{\"@type\":\"ListItem\",\"position\":1,\"name\":\"Home\",\"item\":\"http:\/\/dreamhaven.pl\/2015\/\"},{\"@type\":\"ListItem\",\"position\":2,\"name\":\"Czym jest larp?\"}]},{\"@type\":\"WebSite\",\"@id\":\"http:\/\/dreamhaven.pl\/2015\/#website\",\"url\":\"http:\/\/dreamhaven.pl\/2015\/\",\"name\":\"DreamHaven 2015\",\"description\":\"Festiwal Innowacji Larpowych\",\"potentialAction\":[{\"@type\":\"SearchAction\",\"target\":{\"@type\":\"EntryPoint\",\"urlTemplate\":\"http:\/\/dreamhaven.pl\/2015\/?s={search_term_string}\"},\"query-input\":{\"@type\":\"PropertyValueSpecification\",\"valueRequired\":true,\"valueName\":\"search_term_string\"}}],\"inLanguage\":\"pl-PL\"}]}<\/script>\n<!-- \/ Yoast SEO plugin. -->","yoast_head_json":{"title":"Czym jest larp? - DreamHaven 2015","robots":{"index":"index","follow":"follow","max-snippet":"max-snippet:-1","max-image-preview":"max-image-preview:large","max-video-preview":"max-video-preview:-1"},"canonical":"http:\/\/dreamhaven.pl\/2015\/czym-jest-larp\/","og_locale":"pl_PL","og_type":"article","og_title":"Czym jest larp? - DreamHaven 2015","og_description":"Najprostsza i najzwi\u0119\u017alejsza definicja larpa to (za Wikipedi\u0105): \u201eLarp (ang. live action role-playing) \u2013 aktywno\u015b\u0107 na pograniczu gry i sztuki, podczas kt\u00f3rej uczestnicy wsp\u00f3lnie tworz\u0105 i prze\u017cywaj\u0105 opowie\u015b\u0107, odgrywaj\u0105c role podobnie do improwizowanego teatru. Akcja larpa mo\u017ce by\u0107 osadzona zar\u00f3wno w \u015bwiecie rzeczywistym, jak i fikcyjnym.\u201d Mimo wsp\u00f3lnej definicji, gry mog\u0105 r\u00f3\u017cni\u0107 si\u0119 wszystkim \u2013 &hellip; Czytaj dalej Czym jest larp?","og_url":"http:\/\/dreamhaven.pl\/2015\/czym-jest-larp\/","og_site_name":"DreamHaven 2015","article_modified_time":"2015-01-18T01:12:33+00:00","twitter_card":"summary_large_image","twitter_misc":{"Szacowany czas czytania":"1 minuta"},"schema":{"@context":"https:\/\/schema.org","@graph":[{"@type":"WebPage","@id":"http:\/\/dreamhaven.pl\/2015\/czym-jest-larp\/","url":"http:\/\/dreamhaven.pl\/2015\/czym-jest-larp\/","name":"Czym jest larp? - DreamHaven 2015","isPartOf":{"@id":"http:\/\/dreamhaven.pl\/2015\/#website"},"datePublished":"2014-12-20T19:13:04+00:00","dateModified":"2015-01-18T01:12:33+00:00","breadcrumb":{"@id":"http:\/\/dreamhaven.pl\/2015\/czym-jest-larp\/#breadcrumb"},"inLanguage":"pl-PL","potentialAction":[{"@type":"ReadAction","target":["http:\/\/dreamhaven.pl\/2015\/czym-jest-larp\/"]}]},{"@type":"BreadcrumbList","@id":"http:\/\/dreamhaven.pl\/2015\/czym-jest-larp\/#breadcrumb","itemListElement":[{"@type":"ListItem","position":1,"name":"Home","item":"http:\/\/dreamhaven.pl\/2015\/"},{"@type":"ListItem","position":2,"name":"Czym jest larp?"}]},{"@type":"WebSite","@id":"http:\/\/dreamhaven.pl\/2015\/#website","url":"http:\/\/dreamhaven.pl\/2015\/","name":"DreamHaven 2015","description":"Festiwal Innowacji Larpowych","potentialAction":[{"@type":"SearchAction","target":{"@type":"EntryPoint","urlTemplate":"http:\/\/dreamhaven.pl\/2015\/?s={search_term_string}"},"query-input":{"@type":"PropertyValueSpecification","valueRequired":true,"valueName":"search_term_string"}}],"inLanguage":"pl-PL"}]}},"jetpack_sharing_enabled":true,"jetpack_shortlink":"https:\/\/wp.me\/P73JPe-9","jetpack_likes_enabled":true,"_links":{"self":[{"href":"http:\/\/dreamhaven.pl\/2015\/wp-json\/wp\/v2\/pages\/9","targetHints":{"allow":["GET"]}}],"collection":[{"href":"http:\/\/dreamhaven.pl\/2015\/wp-json\/wp\/v2\/pages"}],"about":[{"href":"http:\/\/dreamhaven.pl\/2015\/wp-json\/wp\/v2\/types\/page"}],"author":[{"embeddable":true,"href":"http:\/\/dreamhaven.pl\/2015\/wp-json\/wp\/v2\/users\/1"}],"replies":[{"embeddable":true,"href":"http:\/\/dreamhaven.pl\/2015\/wp-json\/wp\/v2\/comments?post=9"}],"version-history":[{"count":0,"href":"http:\/\/dreamhaven.pl\/2015\/wp-json\/wp\/v2\/pages\/9\/revisions"}],"wp:attachment":[{"href":"http:\/\/dreamhaven.pl\/2015\/wp-json\/wp\/v2\/media?parent=9"}],"curies":[{"name":"wp","href":"https:\/\/api.w.org\/{rel}","templated":true}]}}