{"id":1118,"date":"2016-06-10T23:53:18","date_gmt":"2016-06-10T21:53:18","guid":{"rendered":"http:\/\/dreamhaven.pl\/2018\/?page_id=1118"},"modified":"2017-12-06T03:55:18","modified_gmt":"2017-12-06T02:55:18","slug":"questions-and-answers","status":"publish","type":"page","link":"http:\/\/dreamhaven.pl\/2018\/questions-and-answers\/","title":{"rendered":"Questions and Answers"},"content":{"rendered":"<div id=\"pl-1118\"  class=\"panel-layout\" ><div id=\"pg-1118-0\"  class=\"panel-grid panel-has-style\" ><div class=\"middler siteorigin-panels-stretch panel-row-style-full-width panel-row-style panel-row-style-for-1118-0\" data-stretch-type=\"full\" ><div id=\"pgc-1118-0-0\"  class=\"panel-grid-cell\" ><div class=\"middlec panel-cell-style panel-cell-style-for-1118-0-0\" ><div id=\"panel-1118-0-0-0\" class=\"so-panel widget widget_sow-editor panel-first-child panel-last-child\" data-index=\"0\" ><div\n\t\t\t\n\t\t\tclass=\"so-widget-sow-editor so-widget-sow-editor-base\"\n\t\t\t\n\t\t>\n<div class=\"siteorigin-widget-tinymce textwidget\">\n\t<h1>Questions and Answers<\/h1>\n<\/div>\n<\/div><\/div><\/div><\/div><\/div><\/div><div id=\"pg-1118-1\"  class=\"panel-grid panel-no-style\" ><div id=\"pgc-1118-1-0\"  class=\"panel-grid-cell\" ><div id=\"panel-1118-1-0-0\" class=\"so-panel widget widget_ink-filt-ardn panel-first-child\" data-index=\"1\" ><div\n\t\t\t\n\t\t\tclass=\"so-widget-ink-filt-ardn so-widget-ink-filt-ardn-filter-accordion-041d99d38b19-1118\"\n\t\t\t\n\t\t>\n<div class=\"iw-so-filter-acrdn-terms\">\n\t<ul class=\"iw-so-acrdn-terms\">\n\t\t<li><a class=\"fard-1-filter-fard\" data-filter=\"all\">Wszystkie<\/a><\/li><li><a class=\"fard-1-filter-fard\" data-filter=\".log\" >Logistyka<\/a><\/li><li><a class=\"fard-1-filter-fard\" data-filter=\".lar\" >Larpy<\/a><\/li>\t<\/ul>\n<\/div>\n\n<div class=\"iw-so-filter-accordion iw-so-accordion iw-so-acc-singleExpand\" id=\"fard-1-fard-container\">\n\n\t\n\t\t<div class=\"iw-so-acc-item mix log\">\n\n\t\t\t<a href=\"#\" class=\"iw-so-acc-title iw-text-left\" id=\"fard-1-1\">\n\t\t\t\tCzy na Alasce jest kuchnia, je\u015bli tak to czy jest spi\u017carnia, je\u015bli tak to czy jest w niej lod\u00f3wka?\t\t\t\t<span class=\"iw-so-tgl-open\"><span class=\"sow-icon-fontawesome sow-fas\" data-sow-icon=\"&#xf105;\"\n\t\tstyle=\"font-size: 2em; color: left\" \n\t\taria-hidden=\"true\"><\/span><\/span>\n\t\t\t\t<span class=\"iw-so-tgl-close\"><span class=\"sow-icon-fontawesome sow-fas\" data-sow-icon=\"&#xf107;\"\n\t\tstyle=\"font-size: 2em; color: left\" \n\t\taria-hidden=\"true\"><\/span><\/span>\n\t\t\t<\/a>\n\n\t\t\t<div class=\"iw-so-acc-content\">\n\t\t\t\t<p>Tak na miejscu jest kuchnia z podstawowym wyposa\u017ceniem.<\/p><p>Tak w kuchni jest rega\u0142 do przechowywania produkt\u00f3w spo\u017cywczych. Dla pierwszych uczestnik\u00f3w dost\u0119pne s\u0105 te\u017c zamykane na kluczyk szafki.<\/p><p>Tak s\u0105 dwie lod\u00f3wki, ale tylko dwie. Schowasz do nich kostk\u0119 mas\u0142a i kawa\u0142ek sera, ale na pewno nie zmie\u015bcisz p\u00f3\u0142 kaczki.<\/p><p>Pami\u0119taj, by wszystkie rzeczy pozostawione w kuchni by\u0142y podpisane, produkty nie podpisane s\u0105 wsp\u00f3lne.<\/p>\t\t\t<\/div>\n\n\t\t<\/div>\n\n\t\t\n\t\n\t\t<div class=\"iw-so-acc-item mix log\">\n\n\t\t\t<a href=\"#\" class=\"iw-so-acc-title iw-text-left\" id=\"fard-1-2\">\n\t\t\t\tCzy mam zabra\u0107 w\u0142asne garnki?\t\t\t\t<span class=\"iw-so-tgl-open\"><span class=\"sow-icon-fontawesome sow-fas\" data-sow-icon=\"&#xf105;\"\n\t\tstyle=\"font-size: 2em; color: left\" \n\t\taria-hidden=\"true\"><\/span><\/span>\n\t\t\t\t<span class=\"iw-so-tgl-close\"><span class=\"sow-icon-fontawesome sow-fas\" data-sow-icon=\"&#xf107;\"\n\t\tstyle=\"font-size: 2em; color: left\" \n\t\taria-hidden=\"true\"><\/span><\/span>\n\t\t\t<\/a>\n\n\t\t\t<div class=\"iw-so-acc-content\">\n\t\t\t\t<p>Nie, raczej nie ma takiej potrzeby. Na miejscu jest wyposa\u017cona kuchnia z kt\u00f3rej wszyscy mog\u0105 korzysta\u0107.<\/p>\t\t\t<\/div>\n\n\t\t<\/div>\n\n\t\t\n\t\n\t\t<div class=\"iw-so-acc-item mix log\">\n\n\t\t\t<a href=\"#\" class=\"iw-so-acc-title iw-text-left\" id=\"fard-1-3\">\n\t\t\t\tCzy daleko jest najbli\u017cszy sklep?\t\t\t\t<span class=\"iw-so-tgl-open\"><span class=\"sow-icon-fontawesome sow-fas\" data-sow-icon=\"&#xf105;\"\n\t\tstyle=\"font-size: 2em; color: left\" \n\t\taria-hidden=\"true\"><\/span><\/span>\n\t\t\t\t<span class=\"iw-so-tgl-close\"><span class=\"sow-icon-fontawesome sow-fas\" data-sow-icon=\"&#xf107;\"\n\t\tstyle=\"font-size: 2em; color: left\" \n\t\taria-hidden=\"true\"><\/span><\/span>\n\t\t\t<\/a>\n\n\t\t\t<div class=\"iw-so-acc-content\">\n\t\t\t\t<p><span style=\"font-weight: 400;\">Bardzo, bardzo daleko, bo na \u015brodku Alaski. Wszystkie podstawowe produkty kupicie na miejscu, produkty nietrwa\u0142e jak chleb trzeba zam\u00f3wi\u0107 dzie\u0144 wcze\u015bniej. Je\u017celi interesuje Was supermarket to najbli\u017csze s\u0105 w Tuchomiu 7 km od Alaski, a je\u017celi dyskonty, to najbli\u017csza Biedronka i Lidl s\u0105 w Bytowie 25 km od Alaski.<\/span><\/p>\t\t\t<\/div>\n\n\t\t<\/div>\n\n\t\t\n\t\n\t\t<div class=\"iw-so-acc-item mix log\">\n\n\t\t\t<a href=\"#\" class=\"iw-so-acc-title iw-text-left\" id=\"fard-1-4\">\n\t\t\t\tCzy w sklepiku jest drogo?\t\t\t\t<span class=\"iw-so-tgl-open\"><span class=\"sow-icon-fontawesome sow-fas\" data-sow-icon=\"&#xf105;\"\n\t\tstyle=\"font-size: 2em; color: left\" \n\t\taria-hidden=\"true\"><\/span><\/span>\n\t\t\t\t<span class=\"iw-so-tgl-close\"><span class=\"sow-icon-fontawesome sow-fas\" data-sow-icon=\"&#xf107;\"\n\t\tstyle=\"font-size: 2em; color: left\" \n\t\taria-hidden=\"true\"><\/span><\/span>\n\t\t\t<\/a>\n\n\t\t\t<div class=\"iw-so-acc-content\">\n\t\t\t\t<p>Nie. Ceny s\u0105 bardzo przyst\u0119pne.<\/p>\t\t\t<\/div>\n\n\t\t<\/div>\n\n\t\t\n\t\n\t\t<div class=\"iw-so-acc-item mix log\">\n\n\t\t\t<a href=\"#\" class=\"iw-so-acc-title iw-text-left\" id=\"fard-1-5\">\n\t\t\t\tCzy musz\u0119 gotowa\u0107 sobie jedzenie?\t\t\t\t<span class=\"iw-so-tgl-open\"><span class=\"sow-icon-fontawesome sow-fas\" data-sow-icon=\"&#xf105;\"\n\t\tstyle=\"font-size: 2em; color: left\" \n\t\taria-hidden=\"true\"><\/span><\/span>\n\t\t\t\t<span class=\"iw-so-tgl-close\"><span class=\"sow-icon-fontawesome sow-fas\" data-sow-icon=\"&#xf107;\"\n\t\tstyle=\"font-size: 2em; color: left\" \n\t\taria-hidden=\"true\"><\/span><\/span>\n\t\t\t<\/a>\n\n\t\t\t<div class=\"iw-so-acc-content\">\n\t\t\t\t<p>Nie. B\u0119dzie mo\u017cliwo\u015b\u0107 na miejscu zam\u00f3wienia na nast\u0119pny dzie\u0144 obiadu, kt\u00f3ry b\u0119dzie dowo\u017cony w czasie przerwy obiadowej. Wieczorami otwarty jest te\u017c bar, w kt\u00f3rym mo\u017cecie kupi\u0107 ciep\u0142e tosty, zapiekanki, frytki itp.<\/p>\t\t\t<\/div>\n\n\t\t<\/div>\n\n\t\t\n\t\n\t\t<div class=\"iw-so-acc-item mix log\">\n\n\t\t\t<a href=\"#\" class=\"iw-so-acc-title iw-text-left\" id=\"fard-1-6\">\n\t\t\t\tCzy s\u0105 miejsca w kt\u00f3rych na\u0142aduj\u0119 telefon?\t\t\t\t<span class=\"iw-so-tgl-open\"><span class=\"sow-icon-fontawesome sow-fas\" data-sow-icon=\"&#xf105;\"\n\t\tstyle=\"font-size: 2em; color: left\" \n\t\taria-hidden=\"true\"><\/span><\/span>\n\t\t\t\t<span class=\"iw-so-tgl-close\"><span class=\"sow-icon-fontawesome sow-fas\" data-sow-icon=\"&#xf107;\"\n\t\tstyle=\"font-size: 2em; color: left\" \n\t\taria-hidden=\"true\"><\/span><\/span>\n\t\t\t<\/a>\n\n\t\t\t<div class=\"iw-so-acc-content\">\n\t\t\t\t<p>Tak. W r\u00f3\u017cnych miejscach s\u0105 gniazdka, warto jednak mie\u0107 ze sob\u0105 listw\u0119, gdyby okaza\u0142o si\u0119, \u017ce otwor\u00f3w jest za ma\u0142o.<\/p>\t\t\t<\/div>\n\n\t\t<\/div>\n\n\t\t\n\t\n\t\t<div class=\"iw-so-acc-item mix log\">\n\n\t\t\t<a href=\"#\" class=\"iw-so-acc-title iw-text-left\" id=\"fard-1-7\">\n\t\t\t\tCzy na Alasce jest wifi?\t\t\t\t<span class=\"iw-so-tgl-open\"><span class=\"sow-icon-fontawesome sow-fas\" data-sow-icon=\"&#xf105;\"\n\t\tstyle=\"font-size: 2em; color: left\" \n\t\taria-hidden=\"true\"><\/span><\/span>\n\t\t\t\t<span class=\"iw-so-tgl-close\"><span class=\"sow-icon-fontawesome sow-fas\" data-sow-icon=\"&#xf107;\"\n\t\tstyle=\"font-size: 2em; color: left\" \n\t\taria-hidden=\"true\"><\/span><\/span>\n\t\t\t<\/a>\n\n\t\t\t<div class=\"iw-so-acc-content\">\n\t\t\t\t<p>Jest i nie jest. Konkretnie jest tylko pod lip\u0105 i w ograniczonym stopniu. Cenimy sobie odci\u0119cie si\u0119 od codzienno\u015bci i prozy \u015bwiata zewn\u0119trznego.<\/p>\t\t\t<\/div>\n\n\t\t<\/div>\n\n\t\t\n\t\n\t\t<div class=\"iw-so-acc-item mix log\">\n\n\t\t\t<a href=\"#\" class=\"iw-so-acc-title iw-text-left\" id=\"fard-1-8\">\n\t\t\t\tCzy jest ciep\u0142a woda?\t\t\t\t<span class=\"iw-so-tgl-open\"><span class=\"sow-icon-fontawesome sow-fas\" data-sow-icon=\"&#xf105;\"\n\t\tstyle=\"font-size: 2em; color: left\" \n\t\taria-hidden=\"true\"><\/span><\/span>\n\t\t\t\t<span class=\"iw-so-tgl-close\"><span class=\"sow-icon-fontawesome sow-fas\" data-sow-icon=\"&#xf107;\"\n\t\tstyle=\"font-size: 2em; color: left\" \n\t\taria-hidden=\"true\"><\/span><\/span>\n\t\t\t<\/a>\n\n\t\t\t<div class=\"iw-so-acc-content\">\n\t\t\t\t<p>W jeziorze czasami. W kranie tak, karnet na prysznic wliczony jest w cen\u0119 biletu.<\/p>\t\t\t<\/div>\n\n\t\t<\/div>\n\n\t\t\n\t\n\t\t<div class=\"iw-so-acc-item mix lar\">\n\n\t\t\t<a href=\"#\" class=\"iw-so-acc-title iw-text-left\" id=\"fard-1-9\">\n\t\t\t\tJak b\u0119d\u0105 wygl\u0105da\u0107 zapisy na larpy?\t\t\t\t<span class=\"iw-so-tgl-open\"><span class=\"sow-icon-fontawesome sow-fas\" data-sow-icon=\"&#xf105;\"\n\t\tstyle=\"font-size: 2em; color: left\" \n\t\taria-hidden=\"true\"><\/span><\/span>\n\t\t\t\t<span class=\"iw-so-tgl-close\"><span class=\"sow-icon-fontawesome sow-fas\" data-sow-icon=\"&#xf107;\"\n\t\tstyle=\"font-size: 2em; color: left\" \n\t\taria-hidden=\"true\"><\/span><\/span>\n\t\t\t<\/a>\n\n\t\t\t<div class=\"iw-so-acc-content\">\n\t\t\t\t<p>Gry, na kt\u00f3re odbywaj\u0105 si\u0119 zapisy przed festiwalem opatrzone s\u0105 nast\u0119puj\u0105c\u0105 infografik\u0105 <i class=\"fa fa-paper-plane\"><\/i>.<\/p><p>Zapisy na wi\u0119kszo\u015b\u0107 gier odb\u0119d\u0105 si\u0119 na miejscu, aczkolwiek mo\u017cna kontaktowa\u0107 si\u0119 z prowadz\u0105cymi konkretne gry wcze\u015bniej.<\/p>\t\t\t<\/div>\n\n\t\t<\/div>\n\n\t\t\n\t\n\t\t<div class=\"iw-so-acc-item mix lar\">\n\n\t\t\t<a href=\"#\" class=\"iw-so-acc-title iw-text-left\" id=\"fard-1-10\">\n\t\t\t\tCzy wszystkie larpy s\u0105 na \u015bwie\u017cym powietrzu?\t\t\t\t<span class=\"iw-so-tgl-open\"><span class=\"sow-icon-fontawesome sow-fas\" data-sow-icon=\"&#xf105;\"\n\t\tstyle=\"font-size: 2em; color: left\" \n\t\taria-hidden=\"true\"><\/span><\/span>\n\t\t\t\t<span class=\"iw-so-tgl-close\"><span class=\"sow-icon-fontawesome sow-fas\" data-sow-icon=\"&#xf107;\"\n\t\tstyle=\"font-size: 2em; color: left\" \n\t\taria-hidden=\"true\"><\/span><\/span>\n\t\t\t<\/a>\n\n\t\t\t<div class=\"iw-so-acc-content\">\n\t\t\t\t<p>Nie. <span style=\"font-weight: 400;\">Chocia\u017c nie zabraknie w tym roku r\u00f3wnie\u017c teren\u00f3wek, <\/span><span style=\"font-weight: 400;\">wi\u0119kszo\u015b\u0107<\/span> larp\u00f3w odbywa si\u0119 w pomieszczeniach. Na terenie Alaski jest szereg pomieszcze\u0144 mo\u017cecie je obejrze\u0107 podczas wirtualnej wycieczki po Alasce je\u015bli jeszcze tego nie zrobili\u015bcie.<\/p>\n<p style=\"text-align: center;\"><a href=\"http:\/\/www.artmoon.pl\/galleries\/portfolio\/panoramy\/alaska\/alaska.html\" target=\"_blank\" rel=\"noopener\"><button>Zwied\u017a Przystanek<\/button><\/a><\/p>\t\t\t<\/div>\n\n\t\t<\/div>\n\n\t\t\n\t\n\t\t<div class=\"iw-so-acc-item mix lar\">\n\n\t\t\t<a href=\"#\" class=\"iw-so-acc-title iw-text-left\" id=\"fard-1-11\">\n\t\t\t\tCzy b\u0119dzie naraz rozgrywane kilka larp\u00f3w? \t\t\t\t<span class=\"iw-so-tgl-open\"><span class=\"sow-icon-fontawesome sow-fas\" data-sow-icon=\"&#xf105;\"\n\t\tstyle=\"font-size: 2em; color: left\" \n\t\taria-hidden=\"true\"><\/span><\/span>\n\t\t\t\t<span class=\"iw-so-tgl-close\"><span class=\"sow-icon-fontawesome sow-fas\" data-sow-icon=\"&#xf107;\"\n\t\tstyle=\"font-size: 2em; color: left\" \n\t\taria-hidden=\"true\"><\/span><\/span>\n\t\t\t<\/a>\n\n\t\t\t<div class=\"iw-so-acc-content\">\n\t\t\t\t<p>Tak.\u00a0W odr\u00f3\u017cnieniu od innych du\u017cych konwent\u00f3w terenowych, na H\/DH zawsze odbywa\u0142o si\u0119 du\u017co ma\u0142ych gier, zamiast jednego, ca\u0142odniowego larpu dla wielu graczy. Podobnie jak w poprzednich latach, zdarzy si\u0119 wi\u0119c tak, ze kilka gier zostanie poprowadzonych w tym samym czasie. Na szcz\u0119\u015bcie regularnie udaje nam si\u0119 nam\u00f3wi\u0107 MG, aby popularne gry mia\u0142y kilka ods\u0142on w trakcie festiwalu (zazwyczaj dwie, aczkolwiek by\u0142y wyj\u0105tki). Staramy si\u0119 tak u\u0142o\u017cy\u0107 program, \u017ceby ka\u017cdy mia\u0142 szans\u0119 zagra\u0107 w to, co chce.<\/p>\t\t\t<\/div>\n\n\t\t<\/div>\n\n\t\t\n\t\n\t\t<div class=\"iw-so-acc-item mix lar\">\n\n\t\t\t<a href=\"#\" class=\"iw-so-acc-title iw-text-left\" id=\"fard-1-12\">\n\t\t\t\tCzy istnieje mo\u017cliwo\u015b\u0107 wypo\u017cyczenia jakiego\u015b ubioru\/broni?\t\t\t\t<span class=\"iw-so-tgl-open\"><span class=\"sow-icon-fontawesome sow-fas\" data-sow-icon=\"&#xf105;\"\n\t\tstyle=\"font-size: 2em; color: left\" \n\t\taria-hidden=\"true\"><\/span><\/span>\n\t\t\t\t<span class=\"iw-so-tgl-close\"><span class=\"sow-icon-fontawesome sow-fas\" data-sow-icon=\"&#xf107;\"\n\t\tstyle=\"font-size: 2em; color: left\" \n\t\taria-hidden=\"true\"><\/span><\/span>\n\t\t\t<\/a>\n\n\t\t\t<div class=\"iw-so-acc-content\">\n\t\t\t\t<p>Nie, nie prowadzimy wypo\u017cyczalni.<\/p>\t\t\t<\/div>\n\n\t\t<\/div>\n\n\t\t\n\t\n\t\t<div class=\"iw-so-acc-item mix lar\">\n\n\t\t\t<a href=\"#\" class=\"iw-so-acc-title iw-text-left\" id=\"fard-1-13\">\n\t\t\t\tCzy s\u0105 jakie\u015b poza larpowe rozrywki?\t\t\t\t<span class=\"iw-so-tgl-open\"><span class=\"sow-icon-fontawesome sow-fas\" data-sow-icon=\"&#xf105;\"\n\t\tstyle=\"font-size: 2em; color: left\" \n\t\taria-hidden=\"true\"><\/span><\/span>\n\t\t\t\t<span class=\"iw-so-tgl-close\"><span class=\"sow-icon-fontawesome sow-fas\" data-sow-icon=\"&#xf107;\"\n\t\tstyle=\"font-size: 2em; color: left\" \n\t\taria-hidden=\"true\"><\/span><\/span>\n\t\t\t<\/a>\n\n\t\t\t<div class=\"iw-so-acc-content\">\n\t\t\t\t<p>Tak, ludzie na DreamHaven robi\u0105 r\u00f3\u017cne r\u00f3\u017cniste rzeczy. Chodz\u0105 na jagody do lasu, k\u0105pi\u0105 si\u0119 w jeziorze, graj\u0105 w plansz\u00f3wki (je\u015bli masz sw\u00f3j ulubiony tytu\u0142 warto zabra\u0107 go ze sob\u0105), graj\u0105 w karty itp. Mo\u017cna te\u017c wypo\u017cyczy\u0107 kajak.<\/p>\t\t\t<\/div>\n\n\t\t<\/div>\n\n\t\t\n\t\n\t\t<div class=\"iw-so-acc-item mix \">\n\n\t\t\t<a href=\"#\" class=\"iw-so-acc-title iw-text-left\" id=\"fard-1-14\">\n\t\t\t\tDo kogo mog\u0119 si\u0119 zg\u0142osi\u0107 z problemem? \t\t\t\t<span class=\"iw-so-tgl-open\"><span class=\"sow-icon-fontawesome sow-fas\" data-sow-icon=\"&#xf105;\"\n\t\tstyle=\"font-size: 2em; color: left\" \n\t\taria-hidden=\"true\"><\/span><\/span>\n\t\t\t\t<span class=\"iw-so-tgl-close\"><span class=\"sow-icon-fontawesome sow-fas\" data-sow-icon=\"&#xf107;\"\n\t\tstyle=\"font-size: 2em; color: left\" \n\t\taria-hidden=\"true\"><\/span><\/span>\n\t\t\t<\/a>\n\n\t\t\t<div class=\"iw-so-acc-content\">\n\t\t\t\t<p>Je\u015bli zaniepokoi\u0142a Ci\u0119 jaka\u015b sytuacja, chcesz co\u015b zg\u0142osi\u0107 czy po prostu potrzebujesz o czym\u015b porozmawia\u0107 - mo\u017cesz zg\u0142osi\u0107 si\u0119 do dowolnej osoby z ekipy organizacyjnej i poprosi\u0107 o pomoc. Chcemy, \u017ceby festiwal by\u0142 fajnym, bezpiecznym miejscem dla wszystkich - w ko\u0144cu \u0142\u0105czy nas wsp\u00f3lna pasja.<\/p>\t\t\t<\/div>\n\n\t\t<\/div>\n\n\t\t\n\t\n<\/div>\n\n<script type=\"text\/javascript\">\n( function($) {\n\n\t$(document).ready( function() {\n\n\t\t$( '#fard-1-fard-container' ).mixItUp({\n\t\t\tselectors: {\n\t\t\t\tfilter: '.fard-1-filter-fard'\n\t\t\t},\n\t\t\tload: {\n\t\t\t\tfilter: 'all'\n\t\t\t}\n\t\t});\n\n\t});\n\n})( jQuery );\n<\/script>\n<\/div><\/div><div id=\"panel-1118-1-0-1\" class=\"so-panel widget widget_sow-editor panel-last-child\" data-index=\"2\" ><div\n\t\t\t\n\t\t\tclass=\"so-widget-sow-editor so-widget-sow-editor-base\"\n\t\t\t\n\t\t>\n<div class=\"siteorigin-widget-tinymce textwidget\">\n\t<p style=\"text-align: center;\">Masz jakie\u015b pytanie, kt\u00f3rego nie ma w Q&amp;A?<\/p>\n<p style=\"text-align: center;\">Napisz do nas na<\/p>\n<p style=\"text-align: center;\"><a href=\"mailto:festiwal@dreamhaven.pl\">festiwal@dreamhaven.pl<\/a><\/p>\n<p style=\"text-align: center;\">lub na<\/p>\n<p style=\"text-align: center;\"><a href=\"https:\/\/www.facebook.com\/fil.dreamhaven\/\">Facebooku<\/a><\/p>\n<\/div>\n<\/div><\/div><\/div><\/div><\/div>","protected":false},"excerpt":{"rendered":"<p>Questions and Answers Masz jakie\u015b pytanie, kt\u00f3rego nie ma w Q&amp;A? Napisz do nas na festiwal@dreamhaven.pl lub na Facebooku<\/p>\n","protected":false},"author":1,"featured_media":0,"parent":0,"menu_order":0,"comment_status":"closed","ping_status":"closed","template":"templates\/template-full-notitle.php","meta":{"_monsterinsights_skip_tracking":false,"_monsterinsights_sitenote_active":false,"_monsterinsights_sitenote_note":"","_monsterinsights_sitenote_category":0,"jetpack_post_was_ever_published":false,"footnotes":""},"class_list":["post-1118","page","type-page","status-publish","hentry","post"],"yoast_head":"<!-- This site is optimized with the Yoast SEO plugin v27.2 - https:\/\/yoast.com\/product\/yoast-seo-wordpress\/ -->\n<title>Questions and Answers - DreamHaven 2018<\/title>\n<meta name=\"robots\" content=\"index, follow, max-snippet:-1, max-image-preview:large, max-video-preview:-1\" \/>\n<link rel=\"canonical\" href=\"https:\/\/dreamhaven.pl\/2018\/questions-and-answers\/\" \/>\n<meta property=\"og:locale\" content=\"pl_PL\" \/>\n<meta property=\"og:type\" content=\"article\" \/>\n<meta property=\"og:title\" content=\"Questions and Answers - DreamHaven 2018\" \/>\n<meta property=\"og:description\" content=\"Questions and Answers Masz jakie\u015b pytanie, kt\u00f3rego nie ma w Q&amp;A? Napisz do nas na festiwal@dreamhaven.pl lub na Facebooku\" \/>\n<meta property=\"og:url\" content=\"https:\/\/dreamhaven.pl\/2018\/questions-and-answers\/\" \/>\n<meta property=\"og:site_name\" content=\"DreamHaven 2018\" \/>\n<meta property=\"article:modified_time\" content=\"2017-12-06T02:55:18+00:00\" \/>\n<meta name=\"twitter:card\" content=\"summary_large_image\" \/>\n<script type=\"application\/ld+json\" class=\"yoast-schema-graph\">{\"@context\":\"https:\/\/schema.org\",\"@graph\":[{\"@type\":\"WebPage\",\"@id\":\"https:\/\/dreamhaven.pl\/2018\/questions-and-answers\/\",\"url\":\"https:\/\/dreamhaven.pl\/2018\/questions-and-answers\/\",\"name\":\"Questions and Answers - DreamHaven 2018\",\"isPartOf\":{\"@id\":\"http:\/\/dreamhaven.pl\/2018\/#website\"},\"datePublished\":\"2016-06-10T21:53:18+00:00\",\"dateModified\":\"2017-12-06T02:55:18+00:00\",\"breadcrumb\":{\"@id\":\"https:\/\/dreamhaven.pl\/2018\/questions-and-answers\/#breadcrumb\"},\"inLanguage\":\"pl-PL\",\"potentialAction\":[{\"@type\":\"ReadAction\",\"target\":[\"https:\/\/dreamhaven.pl\/2018\/questions-and-answers\/\"]}]},{\"@type\":\"BreadcrumbList\",\"@id\":\"https:\/\/dreamhaven.pl\/2018\/questions-and-answers\/#breadcrumb\",\"itemListElement\":[{\"@type\":\"ListItem\",\"position\":1,\"name\":\"Strona g\u0142\u00f3wna\",\"item\":\"http:\/\/dreamhaven.pl\/2018\/\"},{\"@type\":\"ListItem\",\"position\":2,\"name\":\"Questions and Answers\"}]},{\"@type\":\"WebSite\",\"@id\":\"http:\/\/dreamhaven.pl\/2018\/#website\",\"url\":\"http:\/\/dreamhaven.pl\/2018\/\",\"name\":\"DreamHaven 2018\",\"description\":\"Festiwal Inspiracji Larpowych\",\"potentialAction\":[{\"@type\":\"SearchAction\",\"target\":{\"@type\":\"EntryPoint\",\"urlTemplate\":\"http:\/\/dreamhaven.pl\/2018\/?s={search_term_string}\"},\"query-input\":{\"@type\":\"PropertyValueSpecification\",\"valueRequired\":true,\"valueName\":\"search_term_string\"}}],\"inLanguage\":\"pl-PL\"}]}<\/script>\n<!-- \/ Yoast SEO plugin. -->","yoast_head_json":{"title":"Questions and Answers - DreamHaven 2018","robots":{"index":"index","follow":"follow","max-snippet":"max-snippet:-1","max-image-preview":"max-image-preview:large","max-video-preview":"max-video-preview:-1"},"canonical":"https:\/\/dreamhaven.pl\/2018\/questions-and-answers\/","og_locale":"pl_PL","og_type":"article","og_title":"Questions and Answers - DreamHaven 2018","og_description":"Questions and Answers Masz jakie\u015b pytanie, kt\u00f3rego nie ma w Q&amp;A? Napisz do nas na festiwal@dreamhaven.pl lub na Facebooku","og_url":"https:\/\/dreamhaven.pl\/2018\/questions-and-answers\/","og_site_name":"DreamHaven 2018","article_modified_time":"2017-12-06T02:55:18+00:00","twitter_card":"summary_large_image","schema":{"@context":"https:\/\/schema.org","@graph":[{"@type":"WebPage","@id":"https:\/\/dreamhaven.pl\/2018\/questions-and-answers\/","url":"https:\/\/dreamhaven.pl\/2018\/questions-and-answers\/","name":"Questions and Answers - DreamHaven 2018","isPartOf":{"@id":"http:\/\/dreamhaven.pl\/2018\/#website"},"datePublished":"2016-06-10T21:53:18+00:00","dateModified":"2017-12-06T02:55:18+00:00","breadcrumb":{"@id":"https:\/\/dreamhaven.pl\/2018\/questions-and-answers\/#breadcrumb"},"inLanguage":"pl-PL","potentialAction":[{"@type":"ReadAction","target":["https:\/\/dreamhaven.pl\/2018\/questions-and-answers\/"]}]},{"@type":"BreadcrumbList","@id":"https:\/\/dreamhaven.pl\/2018\/questions-and-answers\/#breadcrumb","itemListElement":[{"@type":"ListItem","position":1,"name":"Strona g\u0142\u00f3wna","item":"http:\/\/dreamhaven.pl\/2018\/"},{"@type":"ListItem","position":2,"name":"Questions and Answers"}]},{"@type":"WebSite","@id":"http:\/\/dreamhaven.pl\/2018\/#website","url":"http:\/\/dreamhaven.pl\/2018\/","name":"DreamHaven 2018","description":"Festiwal Inspiracji Larpowych","potentialAction":[{"@type":"SearchAction","target":{"@type":"EntryPoint","urlTemplate":"http:\/\/dreamhaven.pl\/2018\/?s={search_term_string}"},"query-input":{"@type":"PropertyValueSpecification","valueRequired":true,"valueName":"search_term_string"}}],"inLanguage":"pl-PL"}]}},"jetpack_shortlink":"https:\/\/wp.me\/P73K4e-i2","jetpack_sharing_enabled":true,"_links":{"self":[{"href":"http:\/\/dreamhaven.pl\/2018\/wp-json\/wp\/v2\/pages\/1118","targetHints":{"allow":["GET"]}}],"collection":[{"href":"http:\/\/dreamhaven.pl\/2018\/wp-json\/wp\/v2\/pages"}],"about":[{"href":"http:\/\/dreamhaven.pl\/2018\/wp-json\/wp\/v2\/types\/page"}],"author":[{"embeddable":true,"href":"http:\/\/dreamhaven.pl\/2018\/wp-json\/wp\/v2\/users\/1"}],"replies":[{"embeddable":true,"href":"http:\/\/dreamhaven.pl\/2018\/wp-json\/wp\/v2\/comments?post=1118"}],"version-history":[{"count":9,"href":"http:\/\/dreamhaven.pl\/2018\/wp-json\/wp\/v2\/pages\/1118\/revisions"}],"predecessor-version":[{"id":2286,"href":"http:\/\/dreamhaven.pl\/2018\/wp-json\/wp\/v2\/pages\/1118\/revisions\/2286"}],"wp:attachment":[{"href":"http:\/\/dreamhaven.pl\/2018\/wp-json\/wp\/v2\/media?parent=1118"}],"curies":[{"name":"wp","href":"https:\/\/api.w.org\/{rel}","templated":true}]}}