{"id":208,"date":"2016-02-05T00:51:31","date_gmt":"2016-02-04T23:51:31","guid":{"rendered":"http:\/\/dreamhaven.pl\/2018\/?page_id=208"},"modified":"2018-04-19T03:29:40","modified_gmt":"2018-04-19T01:29:40","slug":"regulamin","status":"publish","type":"page","link":"http:\/\/dreamhaven.pl\/2018\/regulamin\/","title":{"rendered":"Regulamin Festiwalu Inspiracji Larpowych Dreamhaven"},"content":{"rendered":"<div id=\"pl-208\"  class=\"panel-layout\" ><div id=\"pg-208-0\"  class=\"panel-grid panel-no-style\" ><div id=\"pgc-208-0-0\"  class=\"panel-grid-cell\" ><div id=\"panel-208-0-0-0\" class=\"so-panel widget widget_sow-editor panel-first-child panel-last-child\" data-index=\"0\" ><div\n\t\t\t\n\t\t\tclass=\"so-widget-sow-editor so-widget-sow-editor-base\"\n\t\t\t\n\t\t>\n<div class=\"siteorigin-widget-tinymce textwidget\">\n\t<div class=\"siteorigin-widget-tinymce textwidget\">\n<ol>\n<li><em>Uczestnikiem<\/em> jest ka\u017cda osoba, kt\u00f3ra ui\u015bci\u0142a akre\u00addy\u00adta\u00adcj\u0119 i pod\u00adpi\u00adsa\u0142a <em>Li\u00adst\u0119 uczest\u00adni\u00adk\u00f3w<\/em>. Przez akre\u00addy\u00adta\u00adcj\u0119 na\u00adle\u017cy ro\u00adzu\u00admie\u0107 op\u0142at\u0119 w wy\u00adzna\u00adczo\u00adnej kwo\u00adcie, kt\u00f3ra nie sta\u00adnowi dochodu i kt\u00f3ra w ca\u00ad\u0142o\u00ad\u015bci zo\u00adsta\u00adnie prze\u00adzna\u00adczona na po\u00adkry\u00adcie kosz\u00adt\u00f3w zwi\u0105\u00adza\u00adnych z ob\u00ads\u0142ug\u0105 fe\u00adsti\u00adwalu.<\/li>\n<li>Na te\u00adre\u00adnie <em>Fe\u00adsti\u00adwalu<\/em> mog\u0105 przebywa\u0107 tylko <em>Uczest\u00adnicy\u00a0<\/em> i ma\u0142e dzieci pod opiek\u0105 rodzic\u00f3w. Dzieci nie mog\u0105 bra\u0107 udzia\u0142u ani by\u0107 obserwatorami punkt\u00f3w programu <em>Festiwalu<\/em>.<\/li>\n<li><em>Uczestnicy<\/em>\u00a0zo\u00adbo\u00adwi\u0105\u00adzani s\u0105 do przestrzegania po\u00adsta\u00adno\u00adwie\u0144 ni\u00adniej\u00adszego regulaminu, prze\u00adpi\u00ads\u00f3w prze\u00adciw\u00adpo\u00ad\u017ca\u00adro\u00adwych i innych re\u00adgu\u00adla\u00admi\u00adn\u00f3w obowi\u0105zuj\u0105cych w miejscach sta\u00adno\u00adwi\u0105\u00adcych obo\u00adzo\u00adwi\u00adsko i teren gry, co nie wy\u0142\u0105cza obowi\u0105zk\u00f3w wy\u00adni\u00adka\u00adj\u0105\u00adcych z prze\u00adpi\u00ads\u00f3w\u00a0prawa.<\/li>\n<li><em>Uczestnikiem<\/em>\u00a0 mo\u017ce by\u0107 je\u00addy\u00adnie osoba pe\u0142\u00adno\u00adlet\u00adnia, le\u00adgi\u00adty\u00admu\u00adj\u0105ca si\u0119 do\u00adku\u00admen\u00adtem po\u00adtwier\u00addza\u00adj\u0105\u00adcym uko\u0144\u00adcze\u00adnie 18 roku\u00a0\u017cy\u00adcia.<\/li>\n<li><em>Uczestnicy<\/em> op\u0142a\u00adcaj\u0105 ubez\u00adpie\u00adcze\u00adnie we w\u0142a\u00adsnym za\u00adkre\u00adsie.<\/li>\n<li>Od mo\u00admentu przy\u00adjazdu na te\u00adren fe\u00adsti\u00adwalu, przez kt\u00f3ry na\u00adle\u017cy ro\u00adzu\u00admie\u0107 go\u00adspo\u00addar\u00adstwo agro\u00adtu\u00adry\u00adstyczne <em>\u201ePrzystanek Alaska\u201d<\/em>, do mo\u00admentu za\u00adko\u0144\u00adcze\u00adnia <em>Festiwalu<\/em> ka\u017cdy z <em>Uczest\u00adni\u00adk\u00f3w<\/em> po\u00adnosi za swoje po\u00adst\u0119\u00adpo\u00adwa\u00adnie pe\u0142n\u0105 od\u00adpo\u00adwie\u00addzial\u00adno\u015b\u0107 fi\u00adnan\u00adsow\u0105 i prawn\u0105. <em>Organizatorzy<\/em> nie od\u00adpo\u00adwia\u00addaj\u0105 za wy\u00adpadki i\/lub szkody po\u00adwsta\u0142e z przy\u00adczyn le\u00ad\u017c\u0105\u00adcych po stro\u00adnie kt\u00f3\u00adre\u00adgo\u00adkol\u00adwiek z <em>Uczest\u00adni\u00adk\u00f3w<\/em>, lub inne zda\u00adrze\u00adnia pro\u00adwa\u00addz\u0105ce\/mo\u00adg\u0105ce pro\u00adwa\u00addzi\u0107 do po\u00addob\u00adnych skut\u00adk\u00f3w.<\/li>\n<li>Przybycie na teren <em>Festiwalu<\/em> ze zwierz\u0119ciem musi by\u0107 w ka\u017cdym przypadku osobno uzgadniane z <em>Organizatorami<\/em>. Zwierz\u0119ta agresywne nie mog\u0105 przebywa\u0107 na terenie <em>Festiwalu<\/em>, a ka\u017cde potencjalnie niebezpieczne zachowanie zwierz\u0119cia b\u0119dzie skutkowa\u0142o usuni\u0119ciem tego zwierz\u0119cia i jego w\u0142a\u015bciciela z <em>Festiwalu<\/em> bez zwrotu akredytacji. W\u0142a\u015bciciel odpowiada w pe\u0142nym zakresie za wszystkie zachowania przyprowadzonego przez siebie zwierz\u0119cia.<\/li>\n<li><em>Organizatorzy<\/em> nie po\u00adno\u00adsz\u0105 od\u00adpo\u00adwie\u00addzial\u00adno\u00ad\u015bci za rze\u00adczy zgu\u00adbione, uszko\u00addzone, utra\u00adcone i\/lub po\u00adzo\u00adsta\u00adwione bez opieki pod\u00adczas trwa\u00adnia <em>Fe\u00adsti\u00adwalu<\/em>.<\/li>\n<li><em>Uczestnicy<\/em> zo\u00adbo\u00adwi\u0105\u00adzani s\u0105 do kul\u00adtu\u00adral\u00adnego za\u00adcho\u00adwa\u00adnia si\u0119, szcze\u00adg\u00f3l\u00adnie w po\u00adrze noc\u00adnej, tj. ta\u00adkiego, kt\u00f3re nie mo\u017ce by\u0107 uci\u0105\u017c\u00adliwe dla os\u00f3b trze\u00adcich po\u00adnad prze\u00adci\u0119tn\u0105 miar\u0119 przy\u00adj\u0119t\u0105 w sto\u00adsun\u00adkach da\u00adnego ro\u00addzaju.<\/li>\n<li><em>Uczestnikom<\/em> za\u00adbra\u00adnia si\u0119 w szcze\u00adg\u00f3l\u00adno\u00ad\u015bci wno\u00adsze\u00adnia na te\u00adren <em>Fe\u00adsti\u00adwalu<\/em> broni lub in\u00adnych nie\u00adbez\u00adpiecz\u00adnych przed\u00admio\u00adt\u00f3w (\u0142uki, ku\u00adsze, proce itp.) oraz ma\u00adte\u00adria\u00ad\u0142\u00f3w wy\u00adbu\u00adcho\u00adwych i wy\u00adro\u00adb\u00f3w pi\u00adro\u00adtech\u00adnicz\u00adnych bez ofi\u00adcjal\u00adnej zgody <em>Or\u00adga\u00adni\u00adza\u00adto\u00adr\u00f3w<\/em>, co nie b\u0119\u00addzie ozna\u00adcza\u0142o prze\u00adj\u0119\u00adcie przez <em>Or\u00adga\u00adni\u00adza\u00adto\u00adr\u00f3w<\/em> od\u00adpo\u00adwie\u00addzial\u00adno\u00ad\u015bci za skutki ich u\u017cy\u00adcia.<\/li>\n<li><em>Uczestnicy<\/em> s\u0105 zo\u00adbo\u00adwi\u0105\u00adzani za\u00adcho\u00adwy\u00adwa\u0107 si\u0119 w spo\u00ads\u00f3b za\u00adpew\u00adnia\u00adj\u0105cy bez\u00adpie\u00adcze\u0144\u00adstwo wszyst\u00adkim <em>Uczest\u00adni\u00adkom<\/em> oraz oso\u00adbom trze\u00adcim.<\/li>\n<li><em>Uczestnicy<\/em> stwa\u00adrza\u00adj\u0105cy za\u00adgro\u00ad\u017ce\u00adnie dla mie\u00adnia, \u017cy\u00adcia i\/lub zdro\u00adwia w\u0142a\u00adsnego lub in\u00adnych <em>Uczest\u00adni\u00adk\u00f3w<\/em> b\u0105d\u017a os\u00f3b trze\u00adcich b\u0119d\u0105 usu\u00adwane z <em>Festiwalu<\/em> bez prawa po\u00adwrotu i bez zwrotu akre\u00addy\u00adta\u00adcji.<\/li>\n<li>Nadu\u017cywanie na\u00adpo\u00adj\u00f3w al\u00adko\u00adho\u00adlo\u00adwych mo\u017ce spo\u00adwo\u00addo\u00adwa\u0107 wy\u00adci\u0105\u00adgni\u0119\u00adcie kon\u00adse\u00adkwen\u00adcji, a\u017c do usu\u00adni\u0119\u00adcia z <em>Festiwalu<\/em> bez zwrotu akre\u00addy\u00adta\u00adcji.<\/li>\n<li>W przy\u00adpadku wy\u00adst\u0105\u00adpie\u00adnia za\u00adgro\u00ad\u017ce\u00adnia prze\u00adciw\u00adpo\u00ad\u017ca\u00adro\u00adwego obo\u00adwi\u0105\u00adzuje za\u00adkaz pa\u00adle\u00adnia z wy\u00adj\u0105t\u00adkiem miej\u00adsca do tego wy\u00adzna\u00adczo\u00adnego.<\/li>\n<li><em>Uczestnicy<\/em> zo\u00adbo\u00adwi\u0105\u00adzani s\u0105 do utrzy\u00adma\u00adnia po\u00adrz\u0105dku i czy\u00adsto\u00ad\u015bci na te\u00adre\u00adnie <em>Fe\u00adsti\u00adwalu<\/em>, w szcze\u00adg\u00f3l\u00adno\u00ad\u015bci w miej\u00adscu bi\u00adwa\u00adko\u00adwa\u00adnia.<\/li>\n<li><em>Uczestnicy<\/em> bio\u00adr\u0105cy udzia\u0142 w grach te\u00adre\u00adno\u00adwych s\u0105 zo\u00adbo\u00adwi\u0105\u00adzani do prze\u00adstrze\u00adga\u00adnia ich\u00a0za\u00adsad.<\/li>\n<li>Podpisanie <em>Li\u00adsty uczest\u00adni\u00adk\u00f3w<\/em>, jest r\u00f3w\u00adno\u00adznaczne z po\u00adtwier\u00addze\u00adniem za\u00adpo\u00adzna\u00adnia si\u0119 z tre\u00ad\u015bci\u0105 <em>Re\u00adgu\u00adla\u00adminu<\/em> i zo\u00adbo\u00adwi\u0105\u00adza\u00adniem do jego bez\u00adwa\u00adrun\u00adko\u00adwego prze\u00adstrze\u00adga\u00adnia.<\/li>\n<li>We wszyst\u00adkich przy\u00adpad\u00adkach nie opisanych tym <em>Regulaminem<\/em>\u00a0obo\u00adwi\u0105\u00adzuj\u0105 od\u00adpo\u00adwied\u00adnie prze\u00adpisy\u00a0prawa.<\/li>\n<li>Nieznajomo\u015b\u0107 lub nie\u00adzro\u00adzu\u00admie\u00adnie po\u00adsta\u00adno\u00adwie\u0144 <em>Re\u00adgu\u00adla\u00adminu<\/em> nie zwal\u00adnia z jego prze\u00adstrze\u00adga\u00adnia.<\/li>\n<li>W spra\u00adwach spor\u00adnych g\u0142os decyduj\u0105cy\u00a0maj\u0105 <em>Or\u00adga\u00adni\u00adza\u00adto\u00adrzy<\/em>.<\/li>\n<\/ol>\n<\/div>\n<\/div>\n<\/div><\/div><\/div><\/div><\/div>","protected":false},"excerpt":{"rendered":"<p>Uczestnikiem jest ka\u017cda osoba, kt\u00f3ra ui\u015bci\u0142a akre\u00addy\u00adta\u00adcj\u0119 i pod\u00adpi\u00adsa\u0142a Li\u00adst\u0119 uczest\u00adni\u00adk\u00f3w. Przez akre\u00addy\u00adta\u00adcj\u0119 na\u00adle\u017cy ro\u00adzu\u00admie\u0107 op\u0142at\u0119 w wy\u00adzna\u00adczo\u00adnej kwo\u00adcie, kt\u00f3ra nie sta\u00adnowi dochodu i kt\u00f3ra w ca\u00ad\u0142o\u00ad\u015bci zo\u00adsta\u00adnie prze\u00adzna\u00adczona na po\u00adkry\u00adcie kosz\u00adt\u00f3w zwi\u0105\u00adza\u00adnych z ob\u00ads\u0142ug\u0105 fe\u00adsti\u00adwalu. Na te\u00adre\u00adnie Fe\u00adsti\u00adwalu mog\u0105 przebywa\u0107 tylko Uczest\u00adnicy\u00a0 i ma\u0142e dzieci pod opiek\u0105 rodzic\u00f3w. Dzieci nie mog\u0105 bra\u0107 udzia\u0142u ani [&hellip;]<\/p>\n","protected":false},"author":1,"featured_media":0,"parent":0,"menu_order":0,"comment_status":"closed","ping_status":"closed","template":"templates\/template-full.php","meta":{"_monsterinsights_skip_tracking":false,"_monsterinsights_sitenote_active":false,"_monsterinsights_sitenote_note":"","_monsterinsights_sitenote_category":0,"jetpack_post_was_ever_published":false,"footnotes":""},"class_list":["post-208","page","type-page","status-publish","hentry","post"],"yoast_head":"<!-- This site is optimized with the Yoast SEO plugin v27.2 - https:\/\/yoast.com\/product\/yoast-seo-wordpress\/ -->\n<title>Regulamin Festiwalu Inspiracji Larpowych Dreamhaven - DreamHaven 2018<\/title>\n<meta name=\"robots\" content=\"index, follow, max-snippet:-1, max-image-preview:large, max-video-preview:-1\" \/>\n<link rel=\"canonical\" href=\"http:\/\/dreamhaven.pl\/2018\/regulamin\/\" \/>\n<meta property=\"og:locale\" content=\"pl_PL\" \/>\n<meta property=\"og:type\" content=\"article\" \/>\n<meta property=\"og:title\" content=\"Regulamin Festiwalu Inspiracji Larpowych Dreamhaven - DreamHaven 2018\" \/>\n<meta property=\"og:description\" content=\"Uczestnikiem jest ka\u017cda osoba, kt\u00f3ra ui\u015bci\u0142a akre\u00addy\u00adta\u00adcj\u0119 i pod\u00adpi\u00adsa\u0142a Li\u00adst\u0119 uczest\u00adni\u00adk\u00f3w. Przez akre\u00addy\u00adta\u00adcj\u0119 na\u00adle\u017cy ro\u00adzu\u00admie\u0107 op\u0142at\u0119 w wy\u00adzna\u00adczo\u00adnej kwo\u00adcie, kt\u00f3ra nie sta\u00adnowi dochodu i kt\u00f3ra w ca\u00ad\u0142o\u00ad\u015bci zo\u00adsta\u00adnie prze\u00adzna\u00adczona na po\u00adkry\u00adcie kosz\u00adt\u00f3w zwi\u0105\u00adza\u00adnych z ob\u00ads\u0142ug\u0105 fe\u00adsti\u00adwalu. Na te\u00adre\u00adnie Fe\u00adsti\u00adwalu mog\u0105 przebywa\u0107 tylko Uczest\u00adnicy\u00a0 i ma\u0142e dzieci pod opiek\u0105 rodzic\u00f3w. Dzieci nie mog\u0105 bra\u0107 udzia\u0142u ani [&hellip;]\" \/>\n<meta property=\"og:url\" content=\"http:\/\/dreamhaven.pl\/2018\/regulamin\/\" \/>\n<meta property=\"og:site_name\" content=\"DreamHaven 2018\" \/>\n<meta property=\"article:modified_time\" content=\"2018-04-19T01:29:40+00:00\" \/>\n<meta name=\"twitter:card\" content=\"summary_large_image\" \/>\n<meta name=\"twitter:label1\" content=\"Szacowany czas czytania\" \/>\n\t<meta name=\"twitter:data1\" content=\"5 minut\" \/>\n<script type=\"application\/ld+json\" class=\"yoast-schema-graph\">{\"@context\":\"https:\/\/schema.org\",\"@graph\":[{\"@type\":\"WebPage\",\"@id\":\"http:\/\/dreamhaven.pl\/2018\/regulamin\/\",\"url\":\"http:\/\/dreamhaven.pl\/2018\/regulamin\/\",\"name\":\"Regulamin Festiwalu Inspiracji Larpowych Dreamhaven - DreamHaven 2018\",\"isPartOf\":{\"@id\":\"https:\/\/dreamhaven.pl\/2018\/#website\"},\"datePublished\":\"2016-02-04T23:51:31+00:00\",\"dateModified\":\"2018-04-19T01:29:40+00:00\",\"breadcrumb\":{\"@id\":\"http:\/\/dreamhaven.pl\/2018\/regulamin\/#breadcrumb\"},\"inLanguage\":\"pl-PL\",\"potentialAction\":[{\"@type\":\"ReadAction\",\"target\":[\"http:\/\/dreamhaven.pl\/2018\/regulamin\/\"]}]},{\"@type\":\"BreadcrumbList\",\"@id\":\"http:\/\/dreamhaven.pl\/2018\/regulamin\/#breadcrumb\",\"itemListElement\":[{\"@type\":\"ListItem\",\"position\":1,\"name\":\"Strona g\u0142\u00f3wna\",\"item\":\"https:\/\/dreamhaven.pl\/2018\/\"},{\"@type\":\"ListItem\",\"position\":2,\"name\":\"Regulamin Festiwalu Inspiracji Larpowych Dreamhaven\"}]},{\"@type\":\"WebSite\",\"@id\":\"https:\/\/dreamhaven.pl\/2018\/#website\",\"url\":\"https:\/\/dreamhaven.pl\/2018\/\",\"name\":\"DreamHaven 2018\",\"description\":\"Festiwal Inspiracji Larpowych\",\"potentialAction\":[{\"@type\":\"SearchAction\",\"target\":{\"@type\":\"EntryPoint\",\"urlTemplate\":\"https:\/\/dreamhaven.pl\/2018\/?s={search_term_string}\"},\"query-input\":{\"@type\":\"PropertyValueSpecification\",\"valueRequired\":true,\"valueName\":\"search_term_string\"}}],\"inLanguage\":\"pl-PL\"}]}<\/script>\n<!-- \/ Yoast SEO plugin. -->","yoast_head_json":{"title":"Regulamin Festiwalu Inspiracji Larpowych Dreamhaven - DreamHaven 2018","robots":{"index":"index","follow":"follow","max-snippet":"max-snippet:-1","max-image-preview":"max-image-preview:large","max-video-preview":"max-video-preview:-1"},"canonical":"http:\/\/dreamhaven.pl\/2018\/regulamin\/","og_locale":"pl_PL","og_type":"article","og_title":"Regulamin Festiwalu Inspiracji Larpowych Dreamhaven - DreamHaven 2018","og_description":"Uczestnikiem jest ka\u017cda osoba, kt\u00f3ra ui\u015bci\u0142a akre\u00addy\u00adta\u00adcj\u0119 i pod\u00adpi\u00adsa\u0142a Li\u00adst\u0119 uczest\u00adni\u00adk\u00f3w. Przez akre\u00addy\u00adta\u00adcj\u0119 na\u00adle\u017cy ro\u00adzu\u00admie\u0107 op\u0142at\u0119 w wy\u00adzna\u00adczo\u00adnej kwo\u00adcie, kt\u00f3ra nie sta\u00adnowi dochodu i kt\u00f3ra w ca\u00ad\u0142o\u00ad\u015bci zo\u00adsta\u00adnie prze\u00adzna\u00adczona na po\u00adkry\u00adcie kosz\u00adt\u00f3w zwi\u0105\u00adza\u00adnych z ob\u00ads\u0142ug\u0105 fe\u00adsti\u00adwalu. Na te\u00adre\u00adnie Fe\u00adsti\u00adwalu mog\u0105 przebywa\u0107 tylko Uczest\u00adnicy\u00a0 i ma\u0142e dzieci pod opiek\u0105 rodzic\u00f3w. Dzieci nie mog\u0105 bra\u0107 udzia\u0142u ani [&hellip;]","og_url":"http:\/\/dreamhaven.pl\/2018\/regulamin\/","og_site_name":"DreamHaven 2018","article_modified_time":"2018-04-19T01:29:40+00:00","twitter_card":"summary_large_image","twitter_misc":{"Szacowany czas czytania":"5 minut"},"schema":{"@context":"https:\/\/schema.org","@graph":[{"@type":"WebPage","@id":"http:\/\/dreamhaven.pl\/2018\/regulamin\/","url":"http:\/\/dreamhaven.pl\/2018\/regulamin\/","name":"Regulamin Festiwalu Inspiracji Larpowych Dreamhaven - DreamHaven 2018","isPartOf":{"@id":"https:\/\/dreamhaven.pl\/2018\/#website"},"datePublished":"2016-02-04T23:51:31+00:00","dateModified":"2018-04-19T01:29:40+00:00","breadcrumb":{"@id":"http:\/\/dreamhaven.pl\/2018\/regulamin\/#breadcrumb"},"inLanguage":"pl-PL","potentialAction":[{"@type":"ReadAction","target":["http:\/\/dreamhaven.pl\/2018\/regulamin\/"]}]},{"@type":"BreadcrumbList","@id":"http:\/\/dreamhaven.pl\/2018\/regulamin\/#breadcrumb","itemListElement":[{"@type":"ListItem","position":1,"name":"Strona g\u0142\u00f3wna","item":"https:\/\/dreamhaven.pl\/2018\/"},{"@type":"ListItem","position":2,"name":"Regulamin Festiwalu Inspiracji Larpowych Dreamhaven"}]},{"@type":"WebSite","@id":"https:\/\/dreamhaven.pl\/2018\/#website","url":"https:\/\/dreamhaven.pl\/2018\/","name":"DreamHaven 2018","description":"Festiwal Inspiracji Larpowych","potentialAction":[{"@type":"SearchAction","target":{"@type":"EntryPoint","urlTemplate":"https:\/\/dreamhaven.pl\/2018\/?s={search_term_string}"},"query-input":{"@type":"PropertyValueSpecification","valueRequired":true,"valueName":"search_term_string"}}],"inLanguage":"pl-PL"}]}},"jetpack_shortlink":"https:\/\/wp.me\/P73K4e-3m","jetpack_sharing_enabled":true,"_links":{"self":[{"href":"http:\/\/dreamhaven.pl\/2018\/wp-json\/wp\/v2\/pages\/208","targetHints":{"allow":["GET"]}}],"collection":[{"href":"http:\/\/dreamhaven.pl\/2018\/wp-json\/wp\/v2\/pages"}],"about":[{"href":"http:\/\/dreamhaven.pl\/2018\/wp-json\/wp\/v2\/types\/page"}],"author":[{"embeddable":true,"href":"http:\/\/dreamhaven.pl\/2018\/wp-json\/wp\/v2\/users\/1"}],"replies":[{"embeddable":true,"href":"http:\/\/dreamhaven.pl\/2018\/wp-json\/wp\/v2\/comments?post=208"}],"version-history":[{"count":13,"href":"http:\/\/dreamhaven.pl\/2018\/wp-json\/wp\/v2\/pages\/208\/revisions"}],"predecessor-version":[{"id":2703,"href":"http:\/\/dreamhaven.pl\/2018\/wp-json\/wp\/v2\/pages\/208\/revisions\/2703"}],"wp:attachment":[{"href":"http:\/\/dreamhaven.pl\/2018\/wp-json\/wp\/v2\/media?parent=208"}],"curies":[{"name":"wp","href":"https:\/\/api.w.org\/{rel}","templated":true}]}}