{"id":21,"date":"2015-12-22T18:45:46","date_gmt":"2015-12-22T17:45:46","guid":{"rendered":"http:\/\/dreamhaven.pl\/2018\/?page_id=21"},"modified":"2018-04-19T03:37:10","modified_gmt":"2018-04-19T01:37:10","slug":"zglaszam-sie","status":"publish","type":"page","link":"http:\/\/dreamhaven.pl\/2018\/zglaszam-sie\/","title":{"rendered":"Zg\u0142aszam si\u0119"},"content":{"rendered":"<div id=\"pl-21\"  class=\"panel-layout\" ><div id=\"pg-21-0\"  class=\"panel-grid panel-has-style\" ><div class=\"middler siteorigin-panels-stretch panel-row-style-full-width panel-row-style panel-row-style-for-21-0\" data-stretch-type=\"full-stretched\" ><div id=\"pgc-21-0-0\"  class=\"panel-grid-cell\" ><div class=\"middlec panel-cell-style panel-cell-style-for-21-0-0\" ><div id=\"panel-21-0-0-0\" class=\"so-panel widget widget_sow-editor panel-first-child panel-last-child\" data-index=\"0\" ><div\n\t\t\t\n\t\t\tclass=\"so-widget-sow-editor so-widget-sow-editor-base\"\n\t\t\t\n\t\t>\n<div class=\"siteorigin-widget-tinymce textwidget\">\n\t<h1>Zg\u0142aszam si\u0119<\/h1>\n<\/div>\n<\/div><\/div><\/div><\/div><\/div><\/div><div id=\"pg-21-1\"  class=\"panel-grid panel-no-style\" ><div id=\"pgc-21-1-0\"  class=\"panel-grid-cell\" ><div id=\"panel-21-1-0-0\" class=\"so-panel widget widget_sow-editor panel-first-child panel-last-child\" data-index=\"1\" ><div\n\t\t\t\n\t\t\tclass=\"so-widget-sow-editor so-widget-sow-editor-base\"\n\t\t\t\n\t\t>\n<div class=\"siteorigin-widget-tinymce textwidget\">\n\t<p style=\"text-align: center\"><a href=\"http:\/\/dreamhaven.pl\/2018\/zglaszam-sie\/rejestracja\/\"><button>Formularz zg\u0142oszeniowy DH 2018<\/button><\/a><\/p>\n<\/div>\n<\/div><\/div><\/div><\/div><div id=\"pg-21-2\"  class=\"panel-grid panel-has-style\" ><div class=\"panel-row-style panel-row-style-for-21-2\" ><div id=\"pgc-21-2-0\"  class=\"panel-grid-cell\" ><div id=\"panel-21-2-0-0\" class=\"so-panel widget widget_sow-editor panel-first-child panel-last-child\" data-index=\"2\" ><div\n\t\t\t\n\t\t\tclass=\"so-widget-sow-editor so-widget-sow-editor-base\"\n\t\t\t\n\t\t><h3 class=\"widget-title\">Czego si\u0119 spodziewa\u0107?<\/h3>\n<div class=\"siteorigin-widget-tinymce textwidget\">\n\t<p>Ka\u017cda z opcji akredytacji obejmuje udzia\u0142 we wszystkich punktach programu, oraz dost\u0119p do Alaska\u0144skich wyg\u00f3d, czyli:<\/p>\n<ul>\n<li>wsp\u00f3lnej kuchni z kuchenk\u0105 gazow\u0105, lod\u00f3wk\u0105 i szafkami (warto zabra\u0107 w\u0142asne garnki, bo czasem jest kolejka),<\/li>\n<li>zimnej wody z kranu w dw\u00f3ch umywalniach oraz ciep\u0142ych prysznic\u00f3w.<\/li>\n<li>porcelanowych toalet klasy miejskiej,<\/li>\n<li>parkingu.<\/li>\n<\/ul>\n<p>Na miejscu jest <strong>sklepik<\/strong>, gdzie mo\u017cna naby\u0107 podstawowe produkty lub <strong>zam\u00f3wi\u0107 na nast\u0119pny dzie\u0144 \u015bwie\u017cy chleb<\/strong>.\u00a0B\u0119dzie r\u00f3wnie\u017c opcja zam\u00f3wienia <strong>gor\u0105cego obiadu<\/strong>.<\/p>\n<p>Dla komfortu Nas wszystkich ilo\u015b\u0107 uczestnik\u00f3w imprezy jest ograniczona do <strong>150 miejsc. <\/strong>Infrastruktura Alaski po prostu nie jest w stanie przyj\u0105\u0107 wi\u0119kszej ilo\u015bci os\u00f3b na raz.<\/p>\n<\/div>\n<\/div><\/div><\/div><\/div><\/div><div id=\"pg-21-3\"  class=\"panel-grid panel-no-style\" ><div id=\"pgc-21-3-0\"  class=\"panel-grid-cell\" ><div id=\"panel-21-3-0-0\" class=\"so-panel widget widget_sow-editor panel-first-child panel-last-child\" data-index=\"3\" ><div\n\t\t\t\n\t\t\tclass=\"so-widget-sow-editor so-widget-sow-editor-base\"\n\t\t\t\n\t\t><h3 class=\"widget-title\">Opcje<\/h3>\n<div class=\"siteorigin-widget-tinymce textwidget\">\n\t<p>Przyje\u017cd\u017cam na Dreamhaven (9 dni) w opcjach:<\/p>\n<ul>\n<li>domek traperski (drewniane domki z \u00a02 pokojami, po 4 \u0142\u00f3\u017cka w ka\u017cdym pokoju g\u0105bkowe materace) \u00a0\u2013 56\u00a0miejsc, 290 z\u0142\/9 dni<\/li>\n<li>pole namiotowe (Trawiaste. Drzewiaste. Cieniste lub s\u0142oneczne. Ot, pole.) \u2013 100 miejsc, 190 z\u0142\/ 9 dni<\/li>\n<\/ul>\n<p>Przyje\u017cd\u017cam na 1-2-3 (tylko pole namiotowe, maksymalnie 3 dni) \u2013 45 z\u0142\/ 1 dzie\u0144<\/p>\n<p>Istnieje te\u017c opcja wykupienia pobytu w jednym z dw\u00f3ch pokoi go\u015bcinnych.<br \/>Cena wynajmu pokoju, w kt\u00f3rym mo\u017ce mieszka\u0107 do dw\u00f3ch os\u00f3b doros\u0142ych to 900 z\u0142 za pok\u00f3j z dzielon\u0105 \u0142azienk\u0105 i 1260 z\u0142 za pok\u00f3j z w\u0142asn\u0105 \u0142azienk\u0105.<br \/> Pierwsze\u0144stwo w dost\u0119pie do tych pokoi b\u0119d\u0105 mieli rodzice z niemowl\u0119tami.<\/p>\n<\/div>\n<\/div><\/div><\/div><div id=\"pgc-21-3-1\"  class=\"panel-grid-cell\" ><div id=\"panel-21-3-1-0\" class=\"so-panel widget widget_sow-editor panel-first-child panel-last-child\" data-index=\"4\" ><div\n\t\t\t\n\t\t\tclass=\"so-widget-sow-editor so-widget-sow-editor-base\"\n\t\t\t\n\t\t><h3 class=\"widget-title\">Zwroty<\/h3>\n<div class=\"siteorigin-widget-tinymce textwidget\">\n\t<p>Wiemy, \u017ce w \u017cyciu r\u00f3\u017cnie bywa \u2013 czasem rzeczy po prostu si\u0119 dziej\u0105.<\/p>\n<p>Polityka zwrot\u00f3w jest prosta i zale\u017cy kiedy zrezygnujesz:<\/p>\n<ul>\n<li>100%\u00a0minus\u00a0koszt przelewu\u00a0 \u2013 do 15 kwietnia.<\/li>\n<li>50% \u2013 do \u00a015 maja.<\/li>\n<li>po 15 maja \u2013 brak zwrot\u00f3w.<\/li>\n<\/ul>\n<p>Do ostatniej chwili mo\u017cliwe jest odst\u0105pienie\/odsprzedanie wej\u015bci\u00f3wki znajomemu.<\/p>\n<\/div>\n<\/div><\/div><\/div><\/div><div id=\"pg-21-4\"  class=\"panel-grid panel-no-style\" ><div id=\"pgc-21-4-0\"  class=\"panel-grid-cell\" ><div id=\"panel-21-4-0-0\" class=\"so-panel widget widget_sow-editor panel-first-child panel-last-child\" data-index=\"5\" ><div\n\t\t\t\n\t\t\tclass=\"so-widget-sow-editor so-widget-sow-editor-base\"\n\t\t\t\n\t\t><h3 class=\"widget-title\">Op\u0142ata<\/h3>\n<div class=\"siteorigin-widget-tinymce textwidget\">\n\t<p>Wp\u0142at\u0119 za udzia\u0142 nale\u017cy wnie\u015b\u0107 przelewem na konto - miejsce jest wst\u0119pnie zarezerwowane przez 7 dni, tyle czekamy a\u017c przelew do nas dotrze. P\u00f3\u017aniej miejsce zostanie zwolnione. Celem przyspieszenia procesu mo\u017cna wys\u0142a\u0107 potwierdzenie przelewu na adres <a href=\"mailto:karolina.zeranska@dreamhaven.pl\">karolina.zeranska@dreamhaven.pl<\/a><\/p>\n<p>Karolina \u017bera\u0144ska<br \/>20 1140 2004 0000 3202 7752 7866 (numer konta)<br \/>(uwaga! dane mog\u0105 ulec zmianie w p\u00f3\u017aniejszym terminie, sprawd\u017acie ka\u017cdorazowo czy s\u0105 poprawne)<\/p>\n<p>W tytule podaj\u0105c: <em>akredytacja DH2018<\/em> oraz <em>imiona i nazwiska<\/em> os\u00f3b za kt\u00f3re p\u0142acicie.<\/p>\n<p>Uwaga! Organizatorzy zastrzegaj\u0105 sobie prawo do zmiany programu imprezy nawet w jej trakcie. Zwrot akredytacji nie b\u0119dzie mo\u017cliwy z powodu nie odbycia si\u0119 jakiego\u015b punktu programu w danym dniu.<\/p>\n<p>W przypadku przyjazdu na 1-2-3 dni prosimy w tytule przelewu i w uwagach w formularzu akredytacyjnym poda\u0107 jakich termin\u00f3w dotyczy akredytacja.<\/p>\n<\/div>\n<\/div><\/div><\/div><\/div><div id=\"pg-21-5\"  class=\"panel-grid panel-has-style\" ><div class=\"middler siteorigin-panels-stretch panel-row-style-full-width panel-row-style panel-row-style-for-21-5\" data-stretch-type=\"full\" ><div id=\"pgc-21-5-0\"  class=\"panel-grid-cell\" ><div class=\"middlec panel-cell-style panel-cell-style-for-21-5-0\" ><div id=\"panel-21-5-0-0\" class=\"so-panel widget widget_sow-editor panel-first-child panel-last-child\" data-index=\"6\" ><div class=\"panel-widget-style panel-widget-style-for-21-5-0-0\" ><div\n\t\t\t\n\t\t\tclass=\"so-widget-sow-editor so-widget-sow-editor-base\"\n\t\t\t\n\t\t>\n<div class=\"siteorigin-widget-tinymce textwidget\">\n\t<h1 style=\"color: #ffffff\">Chcesz si\u0119 zg\u0142osi\u0107?<\/h1>\n<p><a href=\"http:\/\/dreamhaven.pl\/2018\/zglaszam-sie\/rejestracja\/\"><button>Formularz zg\u0142oszeniowy DH 2018<\/button><\/a><\/p>\n<\/div>\n<\/div><\/div><\/div><\/div><\/div><\/div><\/div><\/div>","protected":false},"excerpt":{"rendered":"<p>Zg\u0142aszam si\u0119 Formularz zg\u0142oszeniowy DH 2018<\/p>\n","protected":false},"author":1,"featured_media":0,"parent":0,"menu_order":0,"comment_status":"closed","ping_status":"closed","template":"templates\/template-full-notitle.php","meta":{"_monsterinsights_skip_tracking":false,"_monsterinsights_sitenote_active":false,"_monsterinsights_sitenote_note":"","_monsterinsights_sitenote_category":0,"jetpack_post_was_ever_published":false,"footnotes":""},"class_list":["post-21","page","type-page","status-publish","hentry","post"],"yoast_head":"<!-- This site is optimized with the Yoast SEO plugin v27.2 - https:\/\/yoast.com\/product\/yoast-seo-wordpress\/ -->\n<title>Zg\u0142aszam si\u0119 - DreamHaven 2018<\/title>\n<meta name=\"robots\" content=\"index, follow, max-snippet:-1, max-image-preview:large, max-video-preview:-1\" \/>\n<link rel=\"canonical\" href=\"http:\/\/dreamhaven.pl\/2018\/zglaszam-sie\/\" \/>\n<meta property=\"og:locale\" content=\"pl_PL\" \/>\n<meta property=\"og:type\" content=\"article\" \/>\n<meta property=\"og:title\" content=\"Zg\u0142aszam si\u0119 - DreamHaven 2018\" \/>\n<meta property=\"og:description\" content=\"Zg\u0142aszam si\u0119 Formularz zg\u0142oszeniowy DH 2018\" \/>\n<meta property=\"og:url\" content=\"http:\/\/dreamhaven.pl\/2018\/zglaszam-sie\/\" \/>\n<meta property=\"og:site_name\" content=\"DreamHaven 2018\" \/>\n<meta property=\"article:modified_time\" content=\"2018-04-19T01:37:10+00:00\" \/>\n<meta name=\"twitter:card\" content=\"summary_large_image\" \/>\n<meta name=\"twitter:label1\" content=\"Szacowany czas czytania\" \/>\n\t<meta name=\"twitter:data1\" content=\"2 minuty\" \/>\n<script type=\"application\/ld+json\" class=\"yoast-schema-graph\">{\"@context\":\"https:\/\/schema.org\",\"@graph\":[{\"@type\":\"WebPage\",\"@id\":\"http:\/\/dreamhaven.pl\/2018\/zglaszam-sie\/\",\"url\":\"http:\/\/dreamhaven.pl\/2018\/zglaszam-sie\/\",\"name\":\"Zg\u0142aszam si\u0119 - DreamHaven 2018\",\"isPartOf\":{\"@id\":\"http:\/\/dreamhaven.pl\/2018\/#website\"},\"datePublished\":\"2015-12-22T17:45:46+00:00\",\"dateModified\":\"2018-04-19T01:37:10+00:00\",\"breadcrumb\":{\"@id\":\"http:\/\/dreamhaven.pl\/2018\/zglaszam-sie\/#breadcrumb\"},\"inLanguage\":\"pl-PL\",\"potentialAction\":[{\"@type\":\"ReadAction\",\"target\":[\"http:\/\/dreamhaven.pl\/2018\/zglaszam-sie\/\"]}]},{\"@type\":\"BreadcrumbList\",\"@id\":\"http:\/\/dreamhaven.pl\/2018\/zglaszam-sie\/#breadcrumb\",\"itemListElement\":[{\"@type\":\"ListItem\",\"position\":1,\"name\":\"Strona g\u0142\u00f3wna\",\"item\":\"http:\/\/dreamhaven.pl\/2018\/\"},{\"@type\":\"ListItem\",\"position\":2,\"name\":\"Zg\u0142aszam si\u0119\"}]},{\"@type\":\"WebSite\",\"@id\":\"http:\/\/dreamhaven.pl\/2018\/#website\",\"url\":\"http:\/\/dreamhaven.pl\/2018\/\",\"name\":\"DreamHaven 2018\",\"description\":\"Festiwal Inspiracji Larpowych\",\"potentialAction\":[{\"@type\":\"SearchAction\",\"target\":{\"@type\":\"EntryPoint\",\"urlTemplate\":\"http:\/\/dreamhaven.pl\/2018\/?s={search_term_string}\"},\"query-input\":{\"@type\":\"PropertyValueSpecification\",\"valueRequired\":true,\"valueName\":\"search_term_string\"}}],\"inLanguage\":\"pl-PL\"}]}<\/script>\n<!-- \/ Yoast SEO plugin. -->","yoast_head_json":{"title":"Zg\u0142aszam si\u0119 - DreamHaven 2018","robots":{"index":"index","follow":"follow","max-snippet":"max-snippet:-1","max-image-preview":"max-image-preview:large","max-video-preview":"max-video-preview:-1"},"canonical":"http:\/\/dreamhaven.pl\/2018\/zglaszam-sie\/","og_locale":"pl_PL","og_type":"article","og_title":"Zg\u0142aszam si\u0119 - DreamHaven 2018","og_description":"Zg\u0142aszam si\u0119 Formularz zg\u0142oszeniowy DH 2018","og_url":"http:\/\/dreamhaven.pl\/2018\/zglaszam-sie\/","og_site_name":"DreamHaven 2018","article_modified_time":"2018-04-19T01:37:10+00:00","twitter_card":"summary_large_image","twitter_misc":{"Szacowany czas czytania":"2 minuty"},"schema":{"@context":"https:\/\/schema.org","@graph":[{"@type":"WebPage","@id":"http:\/\/dreamhaven.pl\/2018\/zglaszam-sie\/","url":"http:\/\/dreamhaven.pl\/2018\/zglaszam-sie\/","name":"Zg\u0142aszam si\u0119 - DreamHaven 2018","isPartOf":{"@id":"http:\/\/dreamhaven.pl\/2018\/#website"},"datePublished":"2015-12-22T17:45:46+00:00","dateModified":"2018-04-19T01:37:10+00:00","breadcrumb":{"@id":"http:\/\/dreamhaven.pl\/2018\/zglaszam-sie\/#breadcrumb"},"inLanguage":"pl-PL","potentialAction":[{"@type":"ReadAction","target":["http:\/\/dreamhaven.pl\/2018\/zglaszam-sie\/"]}]},{"@type":"BreadcrumbList","@id":"http:\/\/dreamhaven.pl\/2018\/zglaszam-sie\/#breadcrumb","itemListElement":[{"@type":"ListItem","position":1,"name":"Strona g\u0142\u00f3wna","item":"http:\/\/dreamhaven.pl\/2018\/"},{"@type":"ListItem","position":2,"name":"Zg\u0142aszam si\u0119"}]},{"@type":"WebSite","@id":"http:\/\/dreamhaven.pl\/2018\/#website","url":"http:\/\/dreamhaven.pl\/2018\/","name":"DreamHaven 2018","description":"Festiwal Inspiracji Larpowych","potentialAction":[{"@type":"SearchAction","target":{"@type":"EntryPoint","urlTemplate":"http:\/\/dreamhaven.pl\/2018\/?s={search_term_string}"},"query-input":{"@type":"PropertyValueSpecification","valueRequired":true,"valueName":"search_term_string"}}],"inLanguage":"pl-PL"}]}},"jetpack_shortlink":"https:\/\/wp.me\/P73K4e-l","jetpack_sharing_enabled":true,"_links":{"self":[{"href":"http:\/\/dreamhaven.pl\/2018\/wp-json\/wp\/v2\/pages\/21","targetHints":{"allow":["GET"]}}],"collection":[{"href":"http:\/\/dreamhaven.pl\/2018\/wp-json\/wp\/v2\/pages"}],"about":[{"href":"http:\/\/dreamhaven.pl\/2018\/wp-json\/wp\/v2\/types\/page"}],"author":[{"embeddable":true,"href":"http:\/\/dreamhaven.pl\/2018\/wp-json\/wp\/v2\/users\/1"}],"replies":[{"embeddable":true,"href":"http:\/\/dreamhaven.pl\/2018\/wp-json\/wp\/v2\/comments?post=21"}],"version-history":[{"count":28,"href":"http:\/\/dreamhaven.pl\/2018\/wp-json\/wp\/v2\/pages\/21\/revisions"}],"predecessor-version":[{"id":2709,"href":"http:\/\/dreamhaven.pl\/2018\/wp-json\/wp\/v2\/pages\/21\/revisions\/2709"}],"wp:attachment":[{"href":"http:\/\/dreamhaven.pl\/2018\/wp-json\/wp\/v2\/media?parent=21"}],"curies":[{"name":"wp","href":"https:\/\/api.w.org\/{rel}","templated":true}]}}