{"id":1066,"date":"2015-06-12T23:56:50","date_gmt":"2015-06-12T21:56:50","guid":{"rendered":"http:\/\/dreamhaven.pl\/2015\/?page_id=1066"},"modified":"2017-03-21T02:40:55","modified_gmt":"2017-03-21T01:40:55","slug":"zapisy-na-koszulki","status":"publish","type":"page","link":"https:\/\/dreamhaven.pl\/2015\/zapisy-na-koszulki\/","title":{"rendered":"Zapisy na Koszulki"},"content":{"rendered":"<p>Przyszed\u0142 ten czas roku!<\/p>\n<p>Poni\u017cej znajdziecie formularz w kt\u00f3rym mo\u017cecie zapisa\u0107 si\u0119 je\u017celi na samym festiwalu pragniecie odebra\u0107 jedyn\u0105 i niepowtarzaln\u0105 koszulk\u0119 Dreamhavenu! Zanim jednak zam\u00f3wicie, zastan\u00f3wcie si\u0119 nad rozmiarami i kolorami kt\u00f3rych pragniecie! Poni\u017cej znajdziecie kolejno:<\/p>\n<p>Wymiary i rozmiary koszulek m\u0119skich:\u00a0 <a href=\"http:\/\/tinyurl.com\/pv37yrw\"><b>http:\/\/tinyurl.com\/pv37yrw<\/b><\/a><\/p>\n<p>Wymiary i rozmiary koszulek damskich:\u00a0 <a href=\"http:\/\/tinyurl.com\/nc6x4b6\"><b>http:\/\/tinyurl.com\/nc6x4b6<\/b><\/a><\/p>\n<p>Kolory koszulek m\u0119skich: <a href=\"http:\/\/tinyurl.com\/nmub9cj\"><b>http:\/\/tinyurl.com\/nmub9cj<\/b><\/a><\/p>\n<p>Oraz kolory koszulek damskich: <a href=\"http:\/\/tinyurl.com\/ntp8a4r\"><b>http:\/\/tinyurl.com\/ntp8a4r<\/b><\/a><\/p>\n<p>Ale czekaj! To nie wszystko! Mamy dla was specjaln\u0105, limitowan\u0105 edycj\u0119 koszulek, z nadrukowanym pe\u0142nym logiem i grafik\u0105 DH 2015! Koszulek z edycji limitowanej jest bardzo niewiele, a zam\u00f3wienia b\u0119d\u0105 rozpatrywane w kolejno\u015bci zg\u0142aszania. Koszulki z edycji standardowej wykonywane s\u0105 metod\u0105 sitodruku, a edycja limitowana za pomoc\u0105 nadruku termotransferowego. <strong>Koszt Ka\u017cdej koszulki to 37z\u0142. <\/strong><\/p>\n<p>Op\u0142aty za koszulki prosimy wp\u0142aca\u0107 na konto:<\/p>\n<p>29 1160 2202 0000 0002 3564\u00a08881<\/p>\n<p>Sto\u00adwa\u00adrzy\u00adsze\u00adnie Tw\u00f3r\u00adc\u00f3w Gier &#8222;Fun\u00adreal&#8221;<br \/>\n ul. Legio\u00adn\u00f3w 100B\/76<br \/>\n 81\u2013472 Gdy\u00adnia<\/p>\n<p>W tytule pro\u00adsimy podaj\u00adcie: <br \/>\n Op\u0142ata za koszulk\u0119\/koszulki, oraz Imiona i Nazwiska os\u00f3b za kt\u00f3re p\u0142acicie.<\/p>\n<p>EDIT 15\/07\u00a0 :<\/p>\n<p>Z KOSZULEK LIMITOWANYCH ZOSTA\u0141A DAMSKA M&#8217;ka!<\/p>\n<p>&nbsp;<\/p>\n<figure id=\"attachment_1117\" aria-describedby=\"caption-attachment-1117\" style=\"width: 240px\" class=\"wp-caption alignleft\"><a href=\"https:\/\/i0.wp.com\/dreamhaven.pl\/2015\/wp-content\/uploads\/2015\/06\/Koszulka-Limitowana.jpg\"><img data-recalc-dims=\"1\" loading=\"lazy\" decoding=\"async\" class=\"wp-image-1117 size-medium\" src=\"https:\/\/i0.wp.com\/dreamhaven.pl\/2015\/wp-content\/uploads\/2015\/06\/Koszulka-Limitowana-240x300.jpg?resize=240%2C300\" alt=\"Koszulka Limitowana\" width=\"240\" height=\"300\" \/><\/a><figcaption id=\"caption-attachment-1117\" class=\"wp-caption-text\">Edycja Limitowana<\/figcaption><\/figure> <figure id=\"attachment_1118\" aria-describedby=\"caption-attachment-1118\" style=\"width: 240px\" class=\"wp-caption alignright\"><a href=\"https:\/\/i0.wp.com\/dreamhaven.pl\/2015\/wp-content\/uploads\/2015\/06\/Koszulka-Standard.jpg\"><img data-recalc-dims=\"1\" loading=\"lazy\" decoding=\"async\" class=\"wp-image-1118 size-medium\" src=\"https:\/\/i0.wp.com\/dreamhaven.pl\/2015\/wp-content\/uploads\/2015\/06\/Koszulka-Standard-240x300.jpg?resize=240%2C300\" alt=\"Koszulka Standard\" width=\"240\" height=\"300\" \/><\/a><figcaption id=\"caption-attachment-1118\" class=\"wp-caption-text\">Edycja Standardowa<\/figcaption><\/figure>\n<p>&nbsp;<\/p>\n<p>&nbsp;<\/p>\n<p>&nbsp;<\/p>\n<p>&nbsp;<\/p>\n<p>&nbsp;<\/p>\n<p>&nbsp;<\/p>\n<p>&nbsp;<\/p>\n<p>&nbsp;<\/p>\n<p>&nbsp;<\/p>\n<p>&nbsp;<\/p>\n<p><iframe loading=\"lazy\" src=\"https:\/\/docs.google.com\/forms\/d\/1_AFan91fviAZCP9lCaZoikwQlArGb46yb5h1SyKBQ7o\/viewform?embedded=true\" width=\"1000\" height=\"900\" frameborder=\"0\" marginwidth=\"0\" marginheight=\"0\">Loading&#8230;<\/iframe><\/p>\n","protected":false},"excerpt":{"rendered":"<p>Przyszed\u0142 ten czas roku! Poni\u017cej znajdziecie formularz w kt\u00f3rym mo\u017cecie zapisa\u0107 si\u0119 je\u017celi na samym festiwalu pragniecie odebra\u0107 jedyn\u0105 i niepowtarzaln\u0105 koszulk\u0119 Dreamhavenu! Zanim jednak zam\u00f3wicie, zastan\u00f3wcie si\u0119 nad rozmiarami i kolorami kt\u00f3rych pragniecie! Poni\u017cej znajdziecie kolejno: Wymiary i rozmiary koszulek m\u0119skich:\u00a0 http:\/\/tinyurl.com\/pv37yrw Wymiary i rozmiary koszulek damskich:\u00a0 http:\/\/tinyurl.com\/nc6x4b6 Kolory koszulek m\u0119skich: http:\/\/tinyurl.com\/nmub9cj Oraz kolory &hellip; <a href=\"https:\/\/dreamhaven.pl\/2015\/zapisy-na-koszulki\/\" class=\"more-link\">Czytaj dalej <span class=\"screen-reader-text\">Zapisy na Koszulki<\/span><\/a><\/p>\n","protected":false},"author":2,"featured_media":1067,"parent":0,"menu_order":0,"comment_status":"closed","ping_status":"closed","template":"","meta":{"_monsterinsights_skip_tracking":false,"_monsterinsights_sitenote_active":false,"_monsterinsights_sitenote_note":"","_monsterinsights_sitenote_category":0,"jetpack_post_was_ever_published":false,"footnotes":""},"class_list":["post-1066","page","type-page","status-publish","has-post-thumbnail","hentry"],"yoast_head":"<!-- This site is optimized with the Yoast SEO plugin v27.2 - https:\/\/yoast.com\/product\/yoast-seo-wordpress\/ -->\n<title>Zapisy na Koszulki - DreamHaven 2015<\/title>\n<meta name=\"robots\" content=\"index, follow, max-snippet:-1, max-image-preview:large, max-video-preview:-1\" \/>\n<link rel=\"canonical\" href=\"https:\/\/dreamhaven.pl\/2015\/zapisy-na-koszulki\/\" \/>\n<meta property=\"og:locale\" content=\"pl_PL\" \/>\n<meta property=\"og:type\" content=\"article\" \/>\n<meta property=\"og:title\" content=\"Zapisy na Koszulki - DreamHaven 2015\" \/>\n<meta property=\"og:description\" content=\"Przyszed\u0142 ten czas roku! Poni\u017cej znajdziecie formularz w kt\u00f3rym mo\u017cecie zapisa\u0107 si\u0119 je\u017celi na samym festiwalu pragniecie odebra\u0107 jedyn\u0105 i niepowtarzaln\u0105 koszulk\u0119 Dreamhavenu! Zanim jednak zam\u00f3wicie, zastan\u00f3wcie si\u0119 nad rozmiarami i kolorami kt\u00f3rych pragniecie! Poni\u017cej znajdziecie kolejno: Wymiary i rozmiary koszulek m\u0119skich:\u00a0 http:\/\/tinyurl.com\/pv37yrw Wymiary i rozmiary koszulek damskich:\u00a0 http:\/\/tinyurl.com\/nc6x4b6 Kolory koszulek m\u0119skich: http:\/\/tinyurl.com\/nmub9cj Oraz kolory &hellip; Czytaj dalej Zapisy na Koszulki\" \/>\n<meta property=\"og:url\" content=\"https:\/\/dreamhaven.pl\/2015\/zapisy-na-koszulki\/\" \/>\n<meta property=\"og:site_name\" content=\"DreamHaven 2015\" \/>\n<meta property=\"article:modified_time\" content=\"2017-03-21T01:40:55+00:00\" \/>\n<meta property=\"og:image\" content=\"https:\/\/i0.wp.com\/dreamhaven.pl\/2015\/wp-content\/uploads\/sites\/2\/2015\/06\/11411663_10152951676801279_9187726143603213843_o.jpg?fit=915%2C960&ssl=1\" \/>\n\t<meta property=\"og:image:width\" content=\"915\" \/>\n\t<meta property=\"og:image:height\" content=\"960\" \/>\n\t<meta property=\"og:image:type\" content=\"image\/jpeg\" \/>\n<meta name=\"twitter:card\" content=\"summary_large_image\" \/>\n<meta name=\"twitter:label1\" content=\"Szacowany czas czytania\" \/>\n\t<meta name=\"twitter:data1\" content=\"1 minuta\" \/>\n<script type=\"application\/ld+json\" class=\"yoast-schema-graph\">{\"@context\":\"https:\/\/schema.org\",\"@graph\":[{\"@type\":\"WebPage\",\"@id\":\"https:\/\/dreamhaven.pl\/2015\/zapisy-na-koszulki\/\",\"url\":\"https:\/\/dreamhaven.pl\/2015\/zapisy-na-koszulki\/\",\"name\":\"Zapisy na Koszulki - DreamHaven 2015\",\"isPartOf\":{\"@id\":\"http:\/\/dreamhaven.pl\/2015\/#website\"},\"primaryImageOfPage\":{\"@id\":\"https:\/\/dreamhaven.pl\/2015\/zapisy-na-koszulki\/#primaryimage\"},\"image\":{\"@id\":\"https:\/\/dreamhaven.pl\/2015\/zapisy-na-koszulki\/#primaryimage\"},\"thumbnailUrl\":\"https:\/\/i0.wp.com\/dreamhaven.pl\/2015\/wp-content\/uploads\/sites\/2\/2015\/06\/11411663_10152951676801279_9187726143603213843_o.jpg?fit=915%2C960&ssl=1\",\"datePublished\":\"2015-06-12T21:56:50+00:00\",\"dateModified\":\"2017-03-21T01:40:55+00:00\",\"breadcrumb\":{\"@id\":\"https:\/\/dreamhaven.pl\/2015\/zapisy-na-koszulki\/#breadcrumb\"},\"inLanguage\":\"pl-PL\",\"potentialAction\":[{\"@type\":\"ReadAction\",\"target\":[\"https:\/\/dreamhaven.pl\/2015\/zapisy-na-koszulki\/\"]}]},{\"@type\":\"ImageObject\",\"inLanguage\":\"pl-PL\",\"@id\":\"https:\/\/dreamhaven.pl\/2015\/zapisy-na-koszulki\/#primaryimage\",\"url\":\"https:\/\/i0.wp.com\/dreamhaven.pl\/2015\/wp-content\/uploads\/sites\/2\/2015\/06\/11411663_10152951676801279_9187726143603213843_o.jpg?fit=915%2C960&ssl=1\",\"contentUrl\":\"https:\/\/i0.wp.com\/dreamhaven.pl\/2015\/wp-content\/uploads\/sites\/2\/2015\/06\/11411663_10152951676801279_9187726143603213843_o.jpg?fit=915%2C960&ssl=1\",\"width\":915,\"height\":960},{\"@type\":\"BreadcrumbList\",\"@id\":\"https:\/\/dreamhaven.pl\/2015\/zapisy-na-koszulki\/#breadcrumb\",\"itemListElement\":[{\"@type\":\"ListItem\",\"position\":1,\"name\":\"Home\",\"item\":\"http:\/\/dreamhaven.pl\/2015\/\"},{\"@type\":\"ListItem\",\"position\":2,\"name\":\"Zapisy na Koszulki\"}]},{\"@type\":\"WebSite\",\"@id\":\"http:\/\/dreamhaven.pl\/2015\/#website\",\"url\":\"http:\/\/dreamhaven.pl\/2015\/\",\"name\":\"DreamHaven 2015\",\"description\":\"Festiwal Innowacji Larpowych\",\"potentialAction\":[{\"@type\":\"SearchAction\",\"target\":{\"@type\":\"EntryPoint\",\"urlTemplate\":\"http:\/\/dreamhaven.pl\/2015\/?s={search_term_string}\"},\"query-input\":{\"@type\":\"PropertyValueSpecification\",\"valueRequired\":true,\"valueName\":\"search_term_string\"}}],\"inLanguage\":\"pl-PL\"}]}<\/script>\n<!-- \/ Yoast SEO plugin. -->","yoast_head_json":{"title":"Zapisy na Koszulki - DreamHaven 2015","robots":{"index":"index","follow":"follow","max-snippet":"max-snippet:-1","max-image-preview":"max-image-preview:large","max-video-preview":"max-video-preview:-1"},"canonical":"https:\/\/dreamhaven.pl\/2015\/zapisy-na-koszulki\/","og_locale":"pl_PL","og_type":"article","og_title":"Zapisy na Koszulki - DreamHaven 2015","og_description":"Przyszed\u0142 ten czas roku! Poni\u017cej znajdziecie formularz w kt\u00f3rym mo\u017cecie zapisa\u0107 si\u0119 je\u017celi na samym festiwalu pragniecie odebra\u0107 jedyn\u0105 i niepowtarzaln\u0105 koszulk\u0119 Dreamhavenu! Zanim jednak zam\u00f3wicie, zastan\u00f3wcie si\u0119 nad rozmiarami i kolorami kt\u00f3rych pragniecie! Poni\u017cej znajdziecie kolejno: Wymiary i rozmiary koszulek m\u0119skich:\u00a0 http:\/\/tinyurl.com\/pv37yrw Wymiary i rozmiary koszulek damskich:\u00a0 http:\/\/tinyurl.com\/nc6x4b6 Kolory koszulek m\u0119skich: http:\/\/tinyurl.com\/nmub9cj Oraz kolory &hellip; Czytaj dalej Zapisy na Koszulki","og_url":"https:\/\/dreamhaven.pl\/2015\/zapisy-na-koszulki\/","og_site_name":"DreamHaven 2015","article_modified_time":"2017-03-21T01:40:55+00:00","og_image":[{"width":915,"height":960,"url":"https:\/\/i0.wp.com\/dreamhaven.pl\/2015\/wp-content\/uploads\/sites\/2\/2015\/06\/11411663_10152951676801279_9187726143603213843_o.jpg?fit=915%2C960&ssl=1","type":"image\/jpeg"}],"twitter_card":"summary_large_image","twitter_misc":{"Szacowany czas czytania":"1 minuta"},"schema":{"@context":"https:\/\/schema.org","@graph":[{"@type":"WebPage","@id":"https:\/\/dreamhaven.pl\/2015\/zapisy-na-koszulki\/","url":"https:\/\/dreamhaven.pl\/2015\/zapisy-na-koszulki\/","name":"Zapisy na Koszulki - DreamHaven 2015","isPartOf":{"@id":"http:\/\/dreamhaven.pl\/2015\/#website"},"primaryImageOfPage":{"@id":"https:\/\/dreamhaven.pl\/2015\/zapisy-na-koszulki\/#primaryimage"},"image":{"@id":"https:\/\/dreamhaven.pl\/2015\/zapisy-na-koszulki\/#primaryimage"},"thumbnailUrl":"https:\/\/i0.wp.com\/dreamhaven.pl\/2015\/wp-content\/uploads\/sites\/2\/2015\/06\/11411663_10152951676801279_9187726143603213843_o.jpg?fit=915%2C960&ssl=1","datePublished":"2015-06-12T21:56:50+00:00","dateModified":"2017-03-21T01:40:55+00:00","breadcrumb":{"@id":"https:\/\/dreamhaven.pl\/2015\/zapisy-na-koszulki\/#breadcrumb"},"inLanguage":"pl-PL","potentialAction":[{"@type":"ReadAction","target":["https:\/\/dreamhaven.pl\/2015\/zapisy-na-koszulki\/"]}]},{"@type":"ImageObject","inLanguage":"pl-PL","@id":"https:\/\/dreamhaven.pl\/2015\/zapisy-na-koszulki\/#primaryimage","url":"https:\/\/i0.wp.com\/dreamhaven.pl\/2015\/wp-content\/uploads\/sites\/2\/2015\/06\/11411663_10152951676801279_9187726143603213843_o.jpg?fit=915%2C960&ssl=1","contentUrl":"https:\/\/i0.wp.com\/dreamhaven.pl\/2015\/wp-content\/uploads\/sites\/2\/2015\/06\/11411663_10152951676801279_9187726143603213843_o.jpg?fit=915%2C960&ssl=1","width":915,"height":960},{"@type":"BreadcrumbList","@id":"https:\/\/dreamhaven.pl\/2015\/zapisy-na-koszulki\/#breadcrumb","itemListElement":[{"@type":"ListItem","position":1,"name":"Home","item":"http:\/\/dreamhaven.pl\/2015\/"},{"@type":"ListItem","position":2,"name":"Zapisy na Koszulki"}]},{"@type":"WebSite","@id":"http:\/\/dreamhaven.pl\/2015\/#website","url":"http:\/\/dreamhaven.pl\/2015\/","name":"DreamHaven 2015","description":"Festiwal Innowacji Larpowych","potentialAction":[{"@type":"SearchAction","target":{"@type":"EntryPoint","urlTemplate":"http:\/\/dreamhaven.pl\/2015\/?s={search_term_string}"},"query-input":{"@type":"PropertyValueSpecification","valueRequired":true,"valueName":"search_term_string"}}],"inLanguage":"pl-PL"}]}},"jetpack_sharing_enabled":true,"jetpack_shortlink":"https:\/\/wp.me\/P73JPe-hc","jetpack_likes_enabled":true,"_links":{"self":[{"href":"https:\/\/dreamhaven.pl\/2015\/wp-json\/wp\/v2\/pages\/1066","targetHints":{"allow":["GET"]}}],"collection":[{"href":"https:\/\/dreamhaven.pl\/2015\/wp-json\/wp\/v2\/pages"}],"about":[{"href":"https:\/\/dreamhaven.pl\/2015\/wp-json\/wp\/v2\/types\/page"}],"author":[{"embeddable":true,"href":"https:\/\/dreamhaven.pl\/2015\/wp-json\/wp\/v2\/users\/2"}],"replies":[{"embeddable":true,"href":"https:\/\/dreamhaven.pl\/2015\/wp-json\/wp\/v2\/comments?post=1066"}],"version-history":[{"count":2,"href":"https:\/\/dreamhaven.pl\/2015\/wp-json\/wp\/v2\/pages\/1066\/revisions"}],"predecessor-version":[{"id":1422,"href":"https:\/\/dreamhaven.pl\/2015\/wp-json\/wp\/v2\/pages\/1066\/revisions\/1422"}],"wp:featuredmedia":[{"embeddable":true,"href":"https:\/\/dreamhaven.pl\/2015\/wp-json\/wp\/v2\/media\/1067"}],"wp:attachment":[{"href":"https:\/\/dreamhaven.pl\/2015\/wp-json\/wp\/v2\/media?parent=1066"}],"curies":[{"name":"wp","href":"https:\/\/api.w.org\/{rel}","templated":true}]}}