{"id":1200,"date":"2015-06-22T08:59:39","date_gmt":"2015-06-22T06:59:39","guid":{"rendered":"http:\/\/dreamhaven.pl\/2015\/?page_id=1200"},"modified":"2017-03-21T02:13:45","modified_gmt":"2017-03-21T01:13:45","slug":"yanosik-autostop","status":"publish","type":"page","link":"https:\/\/dreamhaven.pl\/2015\/yanosik-autostop\/","title":{"rendered":"Yanosik autostop"},"content":{"rendered":"<p>Zapraszamy do skorzystania z prostego narz\u0119dzia, kt\u00f3re pomo\u017ce Wam sprawnie znale\u017a\u0107 kompana podr\u00f3\u017cy! Aplikacja nie wymaga zak\u0142adania konta, a ca\u0142y dojazd na konwent mo\u017cesz zorganizowa\u0107 sobie jednym klikni\u0119ciem.<\/p>\n<p>Szukasz kierowcy? Rzu\u0107 okiem na lew\u0105 kolumn\u0119, znajd\u017a Twoje miasto i sprawd\u017a numer telefonu. Nie znalaz\u0142e\u015b\/a\u015b kierowcy? Nic straconego! W prawej kolumnie nadu\u015b &#8222;+&#8221; i dodaj sw\u00f3j numer telefonu.<\/p>\n<p>Je\u015bli jeste\u015b kierowc\u0105 i szukasz pasa\u017cer\u00f3w, przejrzyj praw\u0105 kolumn\u0119 Pasa\u017cerowie. Znalaz\u0142e\u015b kogo\u015b ze swojego miasta lub z miasta na Twojej trasie? Jeden &#8222;klik&#8221; i mo\u017cesz do niego zadzwoni\u0107, aby si\u0119 um\u00f3wi\u0107. Je\u015bli nie ma pasa\u017cer\u00f3w, dodaj siebie jako kierowc\u0119 w lewej kolumnie, u\u017cywaj\u0105c przycisku &#8222;+&#8221;.<\/p>\n<p>Za narz\u0119dzie odpowiada Yanosik AutoStop &#8211; aplikacja s\u0142u\u017c\u0105ca do umawiania si\u0119 na wsp\u00f3lne przejazdy. Je\u015bli chcesz pozna\u0107 wi\u0119cej funkcji aplikacji,\u00a0przejd\u017a na stron\u0119 <a href=\"http:\/\/yanosikautostop.pl\" target=\"_blank\">Yanosik AutoStop<\/a>.<\/p>\n<p><iframe loading=\"lazy\" style=\"overflow: visible;\" src=\"http:\/\/yanosikautostop.pl\/widget\/?eventID=17\" width=\"530\" height=\"300\" frameborder=\"0\" scrolling=\"no\"><\/iframe><\/p>\n","protected":false},"excerpt":{"rendered":"<p>Zapraszamy do skorzystania z prostego narz\u0119dzia, kt\u00f3re pomo\u017ce Wam sprawnie znale\u017a\u0107 kompana podr\u00f3\u017cy! Aplikacja nie wymaga zak\u0142adania konta, a ca\u0142y dojazd na konwent mo\u017cesz zorganizowa\u0107 sobie jednym klikni\u0119ciem. Szukasz kierowcy? Rzu\u0107 okiem na lew\u0105 kolumn\u0119, znajd\u017a Twoje miasto i sprawd\u017a numer telefonu. Nie znalaz\u0142e\u015b\/a\u015b kierowcy? Nic straconego! W prawej kolumnie nadu\u015b &#8222;+&#8221; i dodaj sw\u00f3j &hellip; <a href=\"https:\/\/dreamhaven.pl\/2015\/yanosik-autostop\/\" class=\"more-link\">Czytaj dalej <span class=\"screen-reader-text\">Yanosik autostop<\/span><\/a><\/p>\n","protected":false},"author":2,"featured_media":300,"parent":0,"menu_order":0,"comment_status":"closed","ping_status":"closed","template":"","meta":{"_monsterinsights_skip_tracking":false,"_monsterinsights_sitenote_active":false,"_monsterinsights_sitenote_note":"","_monsterinsights_sitenote_category":0,"jetpack_post_was_ever_published":false,"footnotes":""},"class_list":["post-1200","page","type-page","status-publish","has-post-thumbnail","hentry"],"yoast_head":"<!-- This site is optimized with the Yoast SEO plugin v27.2 - https:\/\/yoast.com\/product\/yoast-seo-wordpress\/ -->\n<title>Yanosik autostop - DreamHaven 2015<\/title>\n<meta name=\"robots\" content=\"index, follow, max-snippet:-1, max-image-preview:large, max-video-preview:-1\" \/>\n<link rel=\"canonical\" href=\"https:\/\/dreamhaven.pl\/2015\/yanosik-autostop\/\" \/>\n<meta property=\"og:locale\" content=\"pl_PL\" \/>\n<meta property=\"og:type\" content=\"article\" \/>\n<meta property=\"og:title\" content=\"Yanosik autostop - DreamHaven 2015\" \/>\n<meta property=\"og:description\" content=\"Zapraszamy do skorzystania z prostego narz\u0119dzia, kt\u00f3re pomo\u017ce Wam sprawnie znale\u017a\u0107 kompana podr\u00f3\u017cy! Aplikacja nie wymaga zak\u0142adania konta, a ca\u0142y dojazd na konwent mo\u017cesz zorganizowa\u0107 sobie jednym klikni\u0119ciem. Szukasz kierowcy? Rzu\u0107 okiem na lew\u0105 kolumn\u0119, znajd\u017a Twoje miasto i sprawd\u017a numer telefonu. Nie znalaz\u0142e\u015b\/a\u015b kierowcy? Nic straconego! W prawej kolumnie nadu\u015b &#8222;+&#8221; i dodaj sw\u00f3j &hellip; Czytaj dalej Yanosik autostop\" \/>\n<meta property=\"og:url\" content=\"https:\/\/dreamhaven.pl\/2015\/yanosik-autostop\/\" \/>\n<meta property=\"og:site_name\" content=\"DreamHaven 2015\" \/>\n<meta property=\"article:modified_time\" content=\"2017-03-21T01:13:45+00:00\" \/>\n<meta property=\"og:image\" content=\"https:\/\/i0.wp.com\/dreamhaven.pl\/2015\/wp-content\/uploads\/sites\/2\/2014\/12\/miejscowka.jpg?fit=1230%2C409&ssl=1\" \/>\n\t<meta property=\"og:image:width\" content=\"1230\" \/>\n\t<meta property=\"og:image:height\" content=\"409\" \/>\n\t<meta property=\"og:image:type\" content=\"image\/jpeg\" \/>\n<meta name=\"twitter:card\" content=\"summary_large_image\" \/>\n<meta name=\"twitter:label1\" content=\"Szacowany czas czytania\" \/>\n\t<meta name=\"twitter:data1\" content=\"1 minuta\" \/>\n<script type=\"application\/ld+json\" class=\"yoast-schema-graph\">{\"@context\":\"https:\/\/schema.org\",\"@graph\":[{\"@type\":\"WebPage\",\"@id\":\"https:\/\/dreamhaven.pl\/2015\/yanosik-autostop\/\",\"url\":\"https:\/\/dreamhaven.pl\/2015\/yanosik-autostop\/\",\"name\":\"Yanosik autostop - DreamHaven 2015\",\"isPartOf\":{\"@id\":\"https:\/\/dreamhaven.pl\/2015\/#website\"},\"primaryImageOfPage\":{\"@id\":\"https:\/\/dreamhaven.pl\/2015\/yanosik-autostop\/#primaryimage\"},\"image\":{\"@id\":\"https:\/\/dreamhaven.pl\/2015\/yanosik-autostop\/#primaryimage\"},\"thumbnailUrl\":\"https:\/\/i0.wp.com\/dreamhaven.pl\/2015\/wp-content\/uploads\/sites\/2\/2014\/12\/miejscowka.jpg?fit=1230%2C409&ssl=1\",\"datePublished\":\"2015-06-22T06:59:39+00:00\",\"dateModified\":\"2017-03-21T01:13:45+00:00\",\"breadcrumb\":{\"@id\":\"https:\/\/dreamhaven.pl\/2015\/yanosik-autostop\/#breadcrumb\"},\"inLanguage\":\"pl-PL\",\"potentialAction\":[{\"@type\":\"ReadAction\",\"target\":[\"https:\/\/dreamhaven.pl\/2015\/yanosik-autostop\/\"]}]},{\"@type\":\"ImageObject\",\"inLanguage\":\"pl-PL\",\"@id\":\"https:\/\/dreamhaven.pl\/2015\/yanosik-autostop\/#primaryimage\",\"url\":\"https:\/\/i0.wp.com\/dreamhaven.pl\/2015\/wp-content\/uploads\/sites\/2\/2014\/12\/miejscowka.jpg?fit=1230%2C409&ssl=1\",\"contentUrl\":\"https:\/\/i0.wp.com\/dreamhaven.pl\/2015\/wp-content\/uploads\/sites\/2\/2014\/12\/miejscowka.jpg?fit=1230%2C409&ssl=1\",\"width\":1230,\"height\":409},{\"@type\":\"BreadcrumbList\",\"@id\":\"https:\/\/dreamhaven.pl\/2015\/yanosik-autostop\/#breadcrumb\",\"itemListElement\":[{\"@type\":\"ListItem\",\"position\":1,\"name\":\"Home\",\"item\":\"https:\/\/dreamhaven.pl\/2015\/\"},{\"@type\":\"ListItem\",\"position\":2,\"name\":\"Yanosik autostop\"}]},{\"@type\":\"WebSite\",\"@id\":\"https:\/\/dreamhaven.pl\/2015\/#website\",\"url\":\"https:\/\/dreamhaven.pl\/2015\/\",\"name\":\"DreamHaven 2015\",\"description\":\"Festiwal Innowacji Larpowych\",\"potentialAction\":[{\"@type\":\"SearchAction\",\"target\":{\"@type\":\"EntryPoint\",\"urlTemplate\":\"https:\/\/dreamhaven.pl\/2015\/?s={search_term_string}\"},\"query-input\":{\"@type\":\"PropertyValueSpecification\",\"valueRequired\":true,\"valueName\":\"search_term_string\"}}],\"inLanguage\":\"pl-PL\"}]}<\/script>\n<!-- \/ Yoast SEO plugin. -->","yoast_head_json":{"title":"Yanosik autostop - DreamHaven 2015","robots":{"index":"index","follow":"follow","max-snippet":"max-snippet:-1","max-image-preview":"max-image-preview:large","max-video-preview":"max-video-preview:-1"},"canonical":"https:\/\/dreamhaven.pl\/2015\/yanosik-autostop\/","og_locale":"pl_PL","og_type":"article","og_title":"Yanosik autostop - DreamHaven 2015","og_description":"Zapraszamy do skorzystania z prostego narz\u0119dzia, kt\u00f3re pomo\u017ce Wam sprawnie znale\u017a\u0107 kompana podr\u00f3\u017cy! Aplikacja nie wymaga zak\u0142adania konta, a ca\u0142y dojazd na konwent mo\u017cesz zorganizowa\u0107 sobie jednym klikni\u0119ciem. Szukasz kierowcy? Rzu\u0107 okiem na lew\u0105 kolumn\u0119, znajd\u017a Twoje miasto i sprawd\u017a numer telefonu. Nie znalaz\u0142e\u015b\/a\u015b kierowcy? Nic straconego! W prawej kolumnie nadu\u015b &#8222;+&#8221; i dodaj sw\u00f3j &hellip; Czytaj dalej Yanosik autostop","og_url":"https:\/\/dreamhaven.pl\/2015\/yanosik-autostop\/","og_site_name":"DreamHaven 2015","article_modified_time":"2017-03-21T01:13:45+00:00","og_image":[{"width":1230,"height":409,"url":"https:\/\/i0.wp.com\/dreamhaven.pl\/2015\/wp-content\/uploads\/sites\/2\/2014\/12\/miejscowka.jpg?fit=1230%2C409&ssl=1","type":"image\/jpeg"}],"twitter_card":"summary_large_image","twitter_misc":{"Szacowany czas czytania":"1 minuta"},"schema":{"@context":"https:\/\/schema.org","@graph":[{"@type":"WebPage","@id":"https:\/\/dreamhaven.pl\/2015\/yanosik-autostop\/","url":"https:\/\/dreamhaven.pl\/2015\/yanosik-autostop\/","name":"Yanosik autostop - DreamHaven 2015","isPartOf":{"@id":"https:\/\/dreamhaven.pl\/2015\/#website"},"primaryImageOfPage":{"@id":"https:\/\/dreamhaven.pl\/2015\/yanosik-autostop\/#primaryimage"},"image":{"@id":"https:\/\/dreamhaven.pl\/2015\/yanosik-autostop\/#primaryimage"},"thumbnailUrl":"https:\/\/i0.wp.com\/dreamhaven.pl\/2015\/wp-content\/uploads\/sites\/2\/2014\/12\/miejscowka.jpg?fit=1230%2C409&ssl=1","datePublished":"2015-06-22T06:59:39+00:00","dateModified":"2017-03-21T01:13:45+00:00","breadcrumb":{"@id":"https:\/\/dreamhaven.pl\/2015\/yanosik-autostop\/#breadcrumb"},"inLanguage":"pl-PL","potentialAction":[{"@type":"ReadAction","target":["https:\/\/dreamhaven.pl\/2015\/yanosik-autostop\/"]}]},{"@type":"ImageObject","inLanguage":"pl-PL","@id":"https:\/\/dreamhaven.pl\/2015\/yanosik-autostop\/#primaryimage","url":"https:\/\/i0.wp.com\/dreamhaven.pl\/2015\/wp-content\/uploads\/sites\/2\/2014\/12\/miejscowka.jpg?fit=1230%2C409&ssl=1","contentUrl":"https:\/\/i0.wp.com\/dreamhaven.pl\/2015\/wp-content\/uploads\/sites\/2\/2014\/12\/miejscowka.jpg?fit=1230%2C409&ssl=1","width":1230,"height":409},{"@type":"BreadcrumbList","@id":"https:\/\/dreamhaven.pl\/2015\/yanosik-autostop\/#breadcrumb","itemListElement":[{"@type":"ListItem","position":1,"name":"Home","item":"https:\/\/dreamhaven.pl\/2015\/"},{"@type":"ListItem","position":2,"name":"Yanosik autostop"}]},{"@type":"WebSite","@id":"https:\/\/dreamhaven.pl\/2015\/#website","url":"https:\/\/dreamhaven.pl\/2015\/","name":"DreamHaven 2015","description":"Festiwal Innowacji Larpowych","potentialAction":[{"@type":"SearchAction","target":{"@type":"EntryPoint","urlTemplate":"https:\/\/dreamhaven.pl\/2015\/?s={search_term_string}"},"query-input":{"@type":"PropertyValueSpecification","valueRequired":true,"valueName":"search_term_string"}}],"inLanguage":"pl-PL"}]}},"jetpack_sharing_enabled":true,"jetpack_shortlink":"https:\/\/wp.me\/P73JPe-jm","jetpack_likes_enabled":true,"_links":{"self":[{"href":"https:\/\/dreamhaven.pl\/2015\/wp-json\/wp\/v2\/pages\/1200","targetHints":{"allow":["GET"]}}],"collection":[{"href":"https:\/\/dreamhaven.pl\/2015\/wp-json\/wp\/v2\/pages"}],"about":[{"href":"https:\/\/dreamhaven.pl\/2015\/wp-json\/wp\/v2\/types\/page"}],"author":[{"embeddable":true,"href":"https:\/\/dreamhaven.pl\/2015\/wp-json\/wp\/v2\/users\/2"}],"replies":[{"embeddable":true,"href":"https:\/\/dreamhaven.pl\/2015\/wp-json\/wp\/v2\/comments?post=1200"}],"version-history":[{"count":4,"href":"https:\/\/dreamhaven.pl\/2015\/wp-json\/wp\/v2\/pages\/1200\/revisions"}],"predecessor-version":[{"id":1407,"href":"https:\/\/dreamhaven.pl\/2015\/wp-json\/wp\/v2\/pages\/1200\/revisions\/1407"}],"wp:featuredmedia":[{"embeddable":true,"href":"https:\/\/dreamhaven.pl\/2015\/wp-json\/wp\/v2\/media\/300"}],"wp:attachment":[{"href":"https:\/\/dreamhaven.pl\/2015\/wp-json\/wp\/v2\/media?parent=1200"}],"curies":[{"name":"wp","href":"https:\/\/api.w.org\/{rel}","templated":true}]}}