{"id":391,"date":"2015-01-12T01:16:30","date_gmt":"2015-01-12T00:16:30","guid":{"rendered":"http:\/\/dreamhaven.pl\/2015\/?page_id=391"},"modified":"2017-03-21T02:38:23","modified_gmt":"2017-03-21T01:38:23","slug":"informacje-techniczne-o-larpie","status":"publish","type":"page","link":"https:\/\/dreamhaven.pl\/2015\/zachod-przebudzenie-opowiesci\/informacje-techniczne-o-larpie\/","title":{"rendered":"Informacje techniczne o larpie"},"content":{"rendered":"<table style=\"width: 100%;\">\n<tbody>\n<tr>\n<td>\n<p><strong>Gatunek: <\/strong><\/p>\n<\/td>\n<td style=\"width: auto;\">larp terenowy<\/td>\n<\/tr>\n<tr>\n<td>\n<p><strong>Setting: <\/strong><\/p>\n<\/td>\n<td>alternatywny Dziki Zach\u00f3d<\/td>\n<\/tr>\n<tr>\n<td>\n<p><strong>GNS:\u00a0<\/strong><\/p>\n<\/td>\n<td>narratywizm<\/td>\n<\/tr>\n<tr>\n<td rowspan=\"2\"><strong>Czas gry:<\/strong>\u00a0<\/td>\n<td>Dzie\u0144 I (09.07.2015) godz. 16:00 &#8211; 03:00<\/td>\n<\/tr>\n<tr>\n<td>Dzie\u0144 II (10.07.2015) godz. 17:00 &#8211; 03:00<\/td>\n<\/tr>\n<tr>\n<td><strong>Czas akcji:<\/strong><\/td>\n<td>luty 1861 r.<\/td>\n<\/tr>\n<tr>\n<td><strong>Miejsce akcji:<\/strong><\/td>\n<td>fikcyjne miasteczko Laketown, Teksas, okolice Big Lake i Caddo Lake na granicy z Luizjan\u0105.<\/td>\n<\/tr>\n<tr>\n<td><strong>O konwencji:<\/strong><\/td>\n<td>Jest to western z elementami nadnaturalnymi. Przez elementy nadnaturalne rozumiemy m.in.. mo\u017cliwo\u015b\u0107 wzi\u0119cia udzia\u0142u w symulowanym seansie medium lub transie szama\u0144skim, jak r\u00f3wnie\u017c istnienie postaci z legend i powie\u015bci groszowych XIX wieku oraz wywodz\u0105cych si\u0119 z narracyjnej spu\u015bcizny kulturowej grup etnicznych zamieszkuj\u0105cych Ameryk\u0119 P\u00f3\u0142nocn\u0105 w okresie wskazanym przez Czas Gry.<\/td>\n<\/tr>\n<\/tbody>\n<\/table>\n","protected":false},"excerpt":{"rendered":"<p>Gatunek: larp terenowy Setting: alternatywny Dziki Zach\u00f3d GNS:\u00a0 narratywizm Czas gry:\u00a0 Dzie\u0144 I (09.07.2015) godz. 16:00 &#8211; 03:00 Dzie\u0144 II (10.07.2015) godz. 17:00 &#8211; 03:00 Czas akcji: luty 1861 r. Miejsce akcji: fikcyjne miasteczko Laketown, Teksas, okolice Big Lake i Caddo Lake na granicy z Luizjan\u0105. O konwencji: Jest to western z elementami nadnaturalnymi. Przez &hellip; <a href=\"https:\/\/dreamhaven.pl\/2015\/zachod-przebudzenie-opowiesci\/informacje-techniczne-o-larpie\/\" class=\"more-link\">Czytaj dalej <span class=\"screen-reader-text\">Informacje techniczne o larpie<\/span><\/a><\/p>\n","protected":false},"author":2,"featured_media":284,"parent":47,"menu_order":2,"comment_status":"closed","ping_status":"closed","template":"","meta":{"_monsterinsights_skip_tracking":false,"_monsterinsights_sitenote_active":false,"_monsterinsights_sitenote_note":"","_monsterinsights_sitenote_category":0,"jetpack_post_was_ever_published":false,"footnotes":""},"class_list":["post-391","page","type-page","status-publish","has-post-thumbnail","hentry"],"yoast_head":"<!-- This site is optimized with the Yoast SEO plugin v27.2 - https:\/\/yoast.com\/product\/yoast-seo-wordpress\/ -->\n<title>Informacje techniczne o larpie - DreamHaven 2015<\/title>\n<meta name=\"robots\" content=\"index, follow, max-snippet:-1, max-image-preview:large, max-video-preview:-1\" \/>\n<link rel=\"canonical\" href=\"http:\/\/dreamhaven.pl\/2015\/zachod-przebudzenie-opowiesci\/informacje-techniczne-o-larpie\/\" \/>\n<meta property=\"og:locale\" content=\"pl_PL\" \/>\n<meta property=\"og:type\" content=\"article\" \/>\n<meta property=\"og:title\" content=\"Informacje techniczne o larpie - DreamHaven 2015\" \/>\n<meta property=\"og:description\" content=\"Gatunek: larp terenowy Setting: alternatywny Dziki Zach\u00f3d GNS:\u00a0 narratywizm Czas gry:\u00a0 Dzie\u0144 I (09.07.2015) godz. 16:00 &#8211; 03:00 Dzie\u0144 II (10.07.2015) godz. 17:00 &#8211; 03:00 Czas akcji: luty 1861 r. Miejsce akcji: fikcyjne miasteczko Laketown, Teksas, okolice Big Lake i Caddo Lake na granicy z Luizjan\u0105. O konwencji: Jest to western z elementami nadnaturalnymi. Przez &hellip; Czytaj dalej Informacje techniczne o larpie\" \/>\n<meta property=\"og:url\" content=\"http:\/\/dreamhaven.pl\/2015\/zachod-przebudzenie-opowiesci\/informacje-techniczne-o-larpie\/\" \/>\n<meta property=\"og:site_name\" content=\"DreamHaven 2015\" \/>\n<meta property=\"article:modified_time\" content=\"2017-03-21T01:38:23+00:00\" \/>\n<meta property=\"og:image\" content=\"https:\/\/i0.wp.com\/dreamhaven.pl\/2015\/wp-content\/uploads\/sites\/2\/2014\/12\/zachod_przebudzenie_opowiesci_2.jpg?fit=1230%2C409\" \/>\n\t<meta property=\"og:image:width\" content=\"1230\" \/>\n\t<meta property=\"og:image:height\" content=\"409\" \/>\n\t<meta property=\"og:image:type\" content=\"image\/jpeg\" \/>\n<meta name=\"twitter:card\" content=\"summary_large_image\" \/>\n<meta name=\"twitter:label1\" content=\"Szacowany czas czytania\" \/>\n\t<meta name=\"twitter:data1\" content=\"1 minuta\" \/>\n<script type=\"application\/ld+json\" class=\"yoast-schema-graph\">{\"@context\":\"https:\/\/schema.org\",\"@graph\":[{\"@type\":\"WebPage\",\"@id\":\"http:\/\/dreamhaven.pl\/2015\/zachod-przebudzenie-opowiesci\/informacje-techniczne-o-larpie\/\",\"url\":\"http:\/\/dreamhaven.pl\/2015\/zachod-przebudzenie-opowiesci\/informacje-techniczne-o-larpie\/\",\"name\":\"Informacje techniczne o larpie - DreamHaven 2015\",\"isPartOf\":{\"@id\":\"http:\/\/dreamhaven.pl\/2015\/#website\"},\"primaryImageOfPage\":{\"@id\":\"http:\/\/dreamhaven.pl\/2015\/zachod-przebudzenie-opowiesci\/informacje-techniczne-o-larpie\/#primaryimage\"},\"image\":{\"@id\":\"http:\/\/dreamhaven.pl\/2015\/zachod-przebudzenie-opowiesci\/informacje-techniczne-o-larpie\/#primaryimage\"},\"thumbnailUrl\":\"https:\/\/i0.wp.com\/dreamhaven.pl\/2015\/wp-content\/uploads\/sites\/2\/2014\/12\/zachod_przebudzenie_opowiesci_2.jpg?fit=1230%2C409&ssl=1\",\"datePublished\":\"2015-01-12T00:16:30+00:00\",\"dateModified\":\"2017-03-21T01:38:23+00:00\",\"breadcrumb\":{\"@id\":\"http:\/\/dreamhaven.pl\/2015\/zachod-przebudzenie-opowiesci\/informacje-techniczne-o-larpie\/#breadcrumb\"},\"inLanguage\":\"pl-PL\",\"potentialAction\":[{\"@type\":\"ReadAction\",\"target\":[\"http:\/\/dreamhaven.pl\/2015\/zachod-przebudzenie-opowiesci\/informacje-techniczne-o-larpie\/\"]}]},{\"@type\":\"ImageObject\",\"inLanguage\":\"pl-PL\",\"@id\":\"http:\/\/dreamhaven.pl\/2015\/zachod-przebudzenie-opowiesci\/informacje-techniczne-o-larpie\/#primaryimage\",\"url\":\"https:\/\/i0.wp.com\/dreamhaven.pl\/2015\/wp-content\/uploads\/sites\/2\/2014\/12\/zachod_przebudzenie_opowiesci_2.jpg?fit=1230%2C409&ssl=1\",\"contentUrl\":\"https:\/\/i0.wp.com\/dreamhaven.pl\/2015\/wp-content\/uploads\/sites\/2\/2014\/12\/zachod_przebudzenie_opowiesci_2.jpg?fit=1230%2C409&ssl=1\",\"width\":1230,\"height\":409},{\"@type\":\"BreadcrumbList\",\"@id\":\"http:\/\/dreamhaven.pl\/2015\/zachod-przebudzenie-opowiesci\/informacje-techniczne-o-larpie\/#breadcrumb\",\"itemListElement\":[{\"@type\":\"ListItem\",\"position\":1,\"name\":\"Home\",\"item\":\"http:\/\/dreamhaven.pl\/2015\/\"},{\"@type\":\"ListItem\",\"position\":2,\"name\":\"Zach\u00f3d: Przebudzenie opowie\u015bci\",\"item\":\"https:\/\/dreamhaven.pl\/2015\/zachod-przebudzenie-opowiesci\/\"},{\"@type\":\"ListItem\",\"position\":3,\"name\":\"Informacje techniczne o larpie\"}]},{\"@type\":\"WebSite\",\"@id\":\"http:\/\/dreamhaven.pl\/2015\/#website\",\"url\":\"http:\/\/dreamhaven.pl\/2015\/\",\"name\":\"DreamHaven 2015\",\"description\":\"Festiwal Innowacji Larpowych\",\"potentialAction\":[{\"@type\":\"SearchAction\",\"target\":{\"@type\":\"EntryPoint\",\"urlTemplate\":\"http:\/\/dreamhaven.pl\/2015\/?s={search_term_string}\"},\"query-input\":{\"@type\":\"PropertyValueSpecification\",\"valueRequired\":true,\"valueName\":\"search_term_string\"}}],\"inLanguage\":\"pl-PL\"}]}<\/script>\n<!-- \/ Yoast SEO plugin. -->","yoast_head_json":{"title":"Informacje techniczne o larpie - DreamHaven 2015","robots":{"index":"index","follow":"follow","max-snippet":"max-snippet:-1","max-image-preview":"max-image-preview:large","max-video-preview":"max-video-preview:-1"},"canonical":"http:\/\/dreamhaven.pl\/2015\/zachod-przebudzenie-opowiesci\/informacje-techniczne-o-larpie\/","og_locale":"pl_PL","og_type":"article","og_title":"Informacje techniczne o larpie - DreamHaven 2015","og_description":"Gatunek: larp terenowy Setting: alternatywny Dziki Zach\u00f3d GNS:\u00a0 narratywizm Czas gry:\u00a0 Dzie\u0144 I (09.07.2015) godz. 16:00 &#8211; 03:00 Dzie\u0144 II (10.07.2015) godz. 17:00 &#8211; 03:00 Czas akcji: luty 1861 r. Miejsce akcji: fikcyjne miasteczko Laketown, Teksas, okolice Big Lake i Caddo Lake na granicy z Luizjan\u0105. O konwencji: Jest to western z elementami nadnaturalnymi. Przez &hellip; Czytaj dalej Informacje techniczne o larpie","og_url":"http:\/\/dreamhaven.pl\/2015\/zachod-przebudzenie-opowiesci\/informacje-techniczne-o-larpie\/","og_site_name":"DreamHaven 2015","article_modified_time":"2017-03-21T01:38:23+00:00","og_image":[{"width":1230,"height":409,"url":"https:\/\/i0.wp.com\/dreamhaven.pl\/2015\/wp-content\/uploads\/sites\/2\/2014\/12\/zachod_przebudzenie_opowiesci_2.jpg?fit=1230%2C409","type":"image\/jpeg"}],"twitter_card":"summary_large_image","twitter_misc":{"Szacowany czas czytania":"1 minuta"},"schema":{"@context":"https:\/\/schema.org","@graph":[{"@type":"WebPage","@id":"http:\/\/dreamhaven.pl\/2015\/zachod-przebudzenie-opowiesci\/informacje-techniczne-o-larpie\/","url":"http:\/\/dreamhaven.pl\/2015\/zachod-przebudzenie-opowiesci\/informacje-techniczne-o-larpie\/","name":"Informacje techniczne o larpie - DreamHaven 2015","isPartOf":{"@id":"http:\/\/dreamhaven.pl\/2015\/#website"},"primaryImageOfPage":{"@id":"http:\/\/dreamhaven.pl\/2015\/zachod-przebudzenie-opowiesci\/informacje-techniczne-o-larpie\/#primaryimage"},"image":{"@id":"http:\/\/dreamhaven.pl\/2015\/zachod-przebudzenie-opowiesci\/informacje-techniczne-o-larpie\/#primaryimage"},"thumbnailUrl":"https:\/\/i0.wp.com\/dreamhaven.pl\/2015\/wp-content\/uploads\/sites\/2\/2014\/12\/zachod_przebudzenie_opowiesci_2.jpg?fit=1230%2C409&ssl=1","datePublished":"2015-01-12T00:16:30+00:00","dateModified":"2017-03-21T01:38:23+00:00","breadcrumb":{"@id":"http:\/\/dreamhaven.pl\/2015\/zachod-przebudzenie-opowiesci\/informacje-techniczne-o-larpie\/#breadcrumb"},"inLanguage":"pl-PL","potentialAction":[{"@type":"ReadAction","target":["http:\/\/dreamhaven.pl\/2015\/zachod-przebudzenie-opowiesci\/informacje-techniczne-o-larpie\/"]}]},{"@type":"ImageObject","inLanguage":"pl-PL","@id":"http:\/\/dreamhaven.pl\/2015\/zachod-przebudzenie-opowiesci\/informacje-techniczne-o-larpie\/#primaryimage","url":"https:\/\/i0.wp.com\/dreamhaven.pl\/2015\/wp-content\/uploads\/sites\/2\/2014\/12\/zachod_przebudzenie_opowiesci_2.jpg?fit=1230%2C409&ssl=1","contentUrl":"https:\/\/i0.wp.com\/dreamhaven.pl\/2015\/wp-content\/uploads\/sites\/2\/2014\/12\/zachod_przebudzenie_opowiesci_2.jpg?fit=1230%2C409&ssl=1","width":1230,"height":409},{"@type":"BreadcrumbList","@id":"http:\/\/dreamhaven.pl\/2015\/zachod-przebudzenie-opowiesci\/informacje-techniczne-o-larpie\/#breadcrumb","itemListElement":[{"@type":"ListItem","position":1,"name":"Home","item":"http:\/\/dreamhaven.pl\/2015\/"},{"@type":"ListItem","position":2,"name":"Zach\u00f3d: Przebudzenie opowie\u015bci","item":"https:\/\/dreamhaven.pl\/2015\/zachod-przebudzenie-opowiesci\/"},{"@type":"ListItem","position":3,"name":"Informacje techniczne o larpie"}]},{"@type":"WebSite","@id":"http:\/\/dreamhaven.pl\/2015\/#website","url":"http:\/\/dreamhaven.pl\/2015\/","name":"DreamHaven 2015","description":"Festiwal Innowacji Larpowych","potentialAction":[{"@type":"SearchAction","target":{"@type":"EntryPoint","urlTemplate":"http:\/\/dreamhaven.pl\/2015\/?s={search_term_string}"},"query-input":{"@type":"PropertyValueSpecification","valueRequired":true,"valueName":"search_term_string"}}],"inLanguage":"pl-PL"}]}},"jetpack_sharing_enabled":true,"jetpack_shortlink":"https:\/\/wp.me\/P73JPe-6j","jetpack_likes_enabled":true,"_links":{"self":[{"href":"https:\/\/dreamhaven.pl\/2015\/wp-json\/wp\/v2\/pages\/391","targetHints":{"allow":["GET"]}}],"collection":[{"href":"https:\/\/dreamhaven.pl\/2015\/wp-json\/wp\/v2\/pages"}],"about":[{"href":"https:\/\/dreamhaven.pl\/2015\/wp-json\/wp\/v2\/types\/page"}],"author":[{"embeddable":true,"href":"https:\/\/dreamhaven.pl\/2015\/wp-json\/wp\/v2\/users\/2"}],"replies":[{"embeddable":true,"href":"https:\/\/dreamhaven.pl\/2015\/wp-json\/wp\/v2\/comments?post=391"}],"version-history":[{"count":6,"href":"https:\/\/dreamhaven.pl\/2015\/wp-json\/wp\/v2\/pages\/391\/revisions"}],"predecessor-version":[{"id":1420,"href":"https:\/\/dreamhaven.pl\/2015\/wp-json\/wp\/v2\/pages\/391\/revisions\/1420"}],"up":[{"embeddable":true,"href":"https:\/\/dreamhaven.pl\/2015\/wp-json\/wp\/v2\/pages\/47"}],"wp:featuredmedia":[{"embeddable":true,"href":"https:\/\/dreamhaven.pl\/2015\/wp-json\/wp\/v2\/media\/284"}],"wp:attachment":[{"href":"https:\/\/dreamhaven.pl\/2015\/wp-json\/wp\/v2\/media?parent=391"}],"curies":[{"name":"wp","href":"https:\/\/api.w.org\/{rel}","templated":true}]}}