{"id":855,"date":"2015-05-07T23:20:52","date_gmt":"2015-05-07T21:20:52","guid":{"rendered":"http:\/\/dreamhaven.pl\/2015\/?page_id=855"},"modified":"2017-03-21T01:47:28","modified_gmt":"2017-03-21T00:47:28","slug":"program-imprezy","status":"publish","type":"page","link":"https:\/\/dreamhaven.pl\/2015\/program-imprezy\/","title":{"rendered":"Program imprezy"},"content":{"rendered":"<p><a href=\"http:\/\/dreamhaven.pl\/2015\/wp-content\/uploads\/2015\/05\/DH-Program-4.0.xlsx\">Program DH<\/a>\u00a0&#8211; program w formie excel&#8217;a, do pobrania<\/p>\n<p>Linki otwieraj\u0105 si\u0119 w nowych oknach. Enjoy!<\/p>\n<table width=\"153\">\n<tbody>\n<tr>\n<td width=\"72\"><strong>03.07.\u00a0\u00a0pi\u0105tek<\/strong><\/td>\n<td width=\"81\">\u00a0<\/td>\n<\/tr>\n<tr>\n<td width=\"72\"><strong>Stodo\u0142a &#8211; g\u00f3ra<\/strong><\/td>\n<td>&nbsp;<\/td>\n<\/tr>\n<tr>\n<td width=\"72\">21:00-01:00 <br \/>\nMega impra z ogniskiem<\/td>\n<td>&nbsp;<\/td>\n<\/tr>\n<\/tbody>\n<\/table>\n<table style=\"height: 706px;\" width=\"708\">\n<tbody>\n<tr>\n<td width=\"72\">\n<p><strong>04.07. <\/strong><\/p>\n<p><strong>sobota<br \/>\n<\/strong><\/p>\n<\/td>\n<td width=\"81\">\u00a0<\/td>\n<td width=\"81\">\u00a0<\/td>\n<td width=\"81\"><strong>\u00a0<\/strong><\/td>\n<td width=\"72\"><strong>\u00a0<\/strong><\/td>\n<td width=\"105\"><strong>\u00a0<\/strong><\/td>\n<td width=\"105\">\u00a0<\/td>\n<\/tr>\n<tr>\n<td width=\"72\"><strong>Stodo\u0142a &#8211; g\u00f3ra<\/strong><\/td>\n<td width=\"81\"><strong>Sto\u0142\u00f3wka<\/strong><\/td>\n<td width=\"81\"><strong>Sala kinowa<\/strong><\/td>\n<td width=\"81\"><strong>Warsztat golem\u00f3w<\/strong><\/td>\n<td width=\"72\"><strong>Zbi\u00f3rka przy totemie<\/strong><\/td>\n<td width=\"105\"><strong>Plac g\u0142\u00f3wny<\/strong><\/td>\n<td width=\"105\"><span class=\"alignleft\"><strong>Sto\u0142y za stodo\u0142\u0105<\/strong><\/span><\/td>\n<\/tr>\n<tr>\n<td width=\"72\">12:00-13:00 OTWARCIE<\/td>\n<td width=\"81\">\u00a0<\/td>\n<td width=\"81\">\u00a0<\/td>\n<td width=\"81\">\u00a0<\/td>\n<td width=\"72\">\u00a0<\/td>\n<td width=\"105\">\u00a0<\/td>\n<td width=\"105\">\u00a0<\/td>\n<\/tr>\n<tr>\n<td width=\"72\"><a href=\"http:\/\/dreamhaven.pl\/2015\/2015\/warsztaty-niespodziewanej-improwizacji\/\" target=\"_blank\">13:00-16:00<br \/>\n Warsztaty niespodziewanej improwizacji<\/a><\/td>\n<td width=\"81\">\u00a0<\/td>\n<td width=\"81\">\u00a0<\/td>\n<td width=\"81\"><a title=\"Warsztaty metaloplastyki i z\u0142otnictwa\" href=\"http:\/\/dreamhaven.pl\/2015\/2015\/warsztaty-metalurgiczne-by-eku\/\" target=\"_blank\">13:00-18:00 <br \/>\nWarsztaty metaloplastyki i z\u0142otnictwa\u00a0<\/a>(part 1)<\/td>\n<td width=\"72\">\u00a0<\/td>\n<td width=\"105\">13:00-15:00 <br \/>\nZabawa integracyjna<\/td>\n<td width=\"105\"><a title=\"Warsztaty: papier, o\u0142\u00f3wek, p\u0119dzelek\" href=\"http:\/\/dreamhaven.pl\/2015\/2015\/warsztaty-papier-olowek-pedzelek\/\" target=\"_blank\">13:00-15:00 <br \/>\nWarsztaty: papier, o\u0142\u00f3wek, p\u0119dzelek<\/a><\/td>\n<\/tr>\n<tr>\n<td><a title=\"Beat City\" href=\"http:\/\/dreamhaven.pl\/2015\/2015\/beat-city\/\" target=\"_blank\">16:00-19:00<br \/>\n Beat City<\/a><\/td>\n<td width=\"81\">16:00-18:00 Uczynki<\/td>\n<td width=\"81\">\u00a0<\/td>\n<td width=\"81\">\u00a0<\/td>\n<td width=\"72\"><a title=\"Warsztaty ta\u0144c\u00f3w celtyckich, ameryka\u0144skich, angielskich i nie\u00a0tylko\" href=\"http:\/\/dreamhaven.pl\/2015\/2015\/warsztaty-tancow-celtyckich-amerykanskich-angielskich-i-nie-tylko\/\" target=\"_blank\">18:00-21:00<br \/>\nWarsztaty ta\u0144c\u00f3w celtyckich, ameryka\u0144skich, angielskich i nie tylko<\/a><\/td>\n<td width=\"105\">15:00-16:00<br \/>\n Assassyn<\/td>\n<td width=\"105\">\u00a0<\/td>\n<\/tr>\n<tr>\n<td width=\"72\">\n<p><a title=\"Klub Kawaler\u00f3w\" href=\"http:\/\/dreamhaven.pl\/2015\/2015\/911\/\" target=\"_blank\">19:00-23:00<br \/>\nKlub Kawaler\u00f3w<\/a><\/p>\n<\/td>\n<td width=\"81\"><a title=\"M\u0119ska rzecz\" href=\"http:\/\/dreamhaven.pl\/2015\/2015\/meska-rzecz\/\" target=\"_blank\">19:00-01:00<\/a><br \/>\n<a title=\"M\u0119ska rzecz\" href=\"http:\/\/dreamhaven.pl\/2015\/2015\/meska-rzecz\/\" target=\"_blank\">M\u0119ska rzecz<\/a><\/td>\n<td width=\"81\"><a href=\"http:\/\/dreamhaven.pl\/2015\/2015\/birdman\/\">19:00-01:00<\/a><br \/>\n<a href=\"http:\/\/dreamhaven.pl\/2015\/2015\/birdman\/\"> Birdman (run1)<\/a><\/td>\n<td width=\"81\">\u00a0<\/td>\n<td width=\"72\">\n<p><a href=\"http:\/\/dreamhaven.pl\/2015\/2015\/fight-night-2-escalation\/\">21:00-22:00<\/a><br \/>\n<a href=\"http:\/\/dreamhaven.pl\/2015\/2015\/fight-night-2-escalation\/\">Spotkanie klubu: Warsztaty Fight Night<\/a><\/p>\n<\/td>\n<td width=\"105\"><a href=\"http:\/\/dreamhaven.pl\/2015\/2015\/whose-line-is-it-anyway-edycja-polska\/\" target=\"_blank\">19:00-22:00 <\/a><br \/>\n<a href=\"http:\/\/dreamhaven.pl\/2015\/2015\/whose-line-is-it-anyway-edycja-polska\/\" target=\"_blank\">Whose Line Is It Anyway edycja polska \ud83d\ude09<\/a><\/td>\n<td width=\"105\">\u00a0<\/td>\n<\/tr>\n<tr>\n<td width=\"72\">\u00a0<\/td>\n<td width=\"81\">\u00a0<\/td>\n<td width=\"81\">\u00a0<\/td>\n<td width=\"81\">\u00a0<\/td>\n<td width=\"72\"><a title=\"Po\u0142awiacze \u015awiat\u0142a\" href=\"http:\/\/dreamhaven.pl\/2015\/2015\/gra-integracyjna-polawiacze-swiatla\/\" target=\"_blank\">23:00-01:00<br \/>\n Po\u0142awiacze \u015bwiat\u0142a (nad jeziorem)<\/a><\/td>\n<td width=\"105\">\u00a0<\/td>\n<td width=\"105\">\u00a0<\/td>\n<\/tr>\n<\/tbody>\n<\/table>\n<table width=\"330\">\n<tbody>\n<tr>\n<td width=\"72\"><strong>niedziela 05.07.<br \/>\n<\/strong><\/td>\n<td width=\"81\">\u00a0<\/td>\n<td width=\"81\">\u00a0<\/td>\n<td width=\"81\"><strong>\u00a0<\/strong><\/td>\n<td width=\"72\"><strong>\u00a0<\/strong><\/td>\n<td width=\"105\"><strong>\u00a0<\/strong><\/td>\n<\/tr>\n<tr>\n<td width=\"72\"><strong>Stodo\u0142a &#8211; g\u00f3ra<\/strong><\/td>\n<td width=\"81\"><strong>Sala kinowa<\/strong><\/td>\n<td width=\"81\"><strong>Sto\u0142y za Stodo\u0142\u0105<\/strong><\/td>\n<td width=\"81\"><strong>Warsztat golem\u00f3w<\/strong><\/td>\n<td width=\"72\"><strong>Zbi\u00f3rka przy totemie<\/strong><\/td>\n<td width=\"105\"><strong>Boisko<\/strong><\/td>\n<\/tr>\n<tr>\n<td width=\"72\"><a href=\"http:\/\/dreamhaven.pl\/2015\/2015\/the-mothers-matki\/\">13:00-17:00 <\/a><br \/>\n<a href=\"http:\/\/dreamhaven.pl\/2015\/2015\/the-mothers-matki\/\">Mothers<\/a><\/td>\n<td width=\"81\">\u00a0<\/td>\n<td width=\"81\"><a title=\"Warsztaty: papier, o\u0142\u00f3wek, p\u0119dzelek\" href=\"http:\/\/dreamhaven.pl\/2015\/2015\/warsztaty-papier-olowek-pedzelek\/\" target=\"_blank\">13:00-17:00 <br \/>\nWarsztaty: papier, o\u0142\u00f3wek, p\u0119dzelek<\/a><\/td>\n<td width=\"81\"><a href=\"http:\/\/dreamhaven.pl\/2015\/2015\/warsztaty-metalurgiczne-by-eku\/\" target=\"_blank\">13:00-18:00 <br \/>\nWarsztaty z metaloplastyki i z\u0142otnictwa\u00a0<\/a>(part 2)<\/td>\n<td width=\"72\"><a title=\"Tylko mnie kochaj 2.0\" href=\"http:\/\/dreamhaven.pl\/2015\/2015\/tylko-mnie-kochaj-2-0\/\" target=\"_blank\">19:00-21:00 <br \/>\nWarsztaty do Tylko mnie kochaj 2.0<\/a><\/td>\n<td width=\"105\"><a href=\"http:\/\/dreamhaven.pl\/2015\/2015\/joga\/\" target=\"_blank\">11:00-12:00 <br \/>\nJoga<\/a><\/td>\n<\/tr>\n<tr>\n<td width=\"72\">\u00a0<\/td>\n<td width=\"81\"><a title=\"Birdman\" href=\"http:\/\/dreamhaven.pl\/2015\/2015\/birdman\/\" target=\"_blank\">19:00-01:00<br \/>\n Birdman (run2)<\/a><\/td>\n<td width=\"81\">\u00a0<\/td>\n<td width=\"81\"><a title=\"Osada\" href=\"http:\/\/dreamhaven.pl\/2015\/2015\/osada\/\">19:00-22:00 <br \/>\nOsada<\/a><\/td>\n<td width=\"72\">\n<p><a href=\"http:\/\/dreamhaven.pl\/2015\/2015\/fight-night-2-escalation\/\">21:00-22:00<\/a><br \/>\n<a href=\"http:\/\/dreamhaven.pl\/2015\/2015\/fight-night-2-escalation\/\">Spotkanie klubu: Warsztaty Fight Night<\/a><\/p>\n<\/td>\n<td width=\"105\"><a title=\"Warsztaty ta\u0144ca orientalnego\" href=\"http:\/\/dreamhaven.pl\/2015\/2015\/warsztaty-tanca-orientalnego\/\" target=\"_blank\">16:00-18:00 <br \/>\nWarsztaty ta\u0144ca orientalnego<\/a><\/td>\n<\/tr>\n<tr>\n<td width=\"72\">\u00a0<\/td>\n<td width=\"81\">\u00a0<\/td>\n<td width=\"81\">\u00a0<\/td>\n<td width=\"81\">\u00a0<\/td>\n<td width=\"72\"><a title=\"Julie m\u00f3wi\u2026\" href=\"http:\/\/dreamhaven.pl\/2015\/2015\/julie-mowi\/\" target=\"_blank\">23:00-03:00 <br \/>\nJulie m\u00f3wi\u2026 (nad jeziorem)<\/a><\/td>\n<td width=\"105\">\u00a0<\/td>\n<\/tr>\n<\/tbody>\n<\/table>\n<table width=\"418\">\n<tbody>\n<tr>\n<td width=\"72\">\n<p><strong>06.07 <\/strong><\/p>\n<p><strong>poniedzia\u0142ek<\/strong><\/p>\n<\/td>\n<td width=\"81\"><strong>\u00a0<\/strong><\/td>\n<td width=\"72\"><strong>\u00a0<\/strong><\/td>\n<td width=\"105\"><strong>\u00a0<\/strong><\/td>\n<td width=\"105\">\u00a0<\/td>\n<td width=\"88\">\u00a0<\/td>\n<\/tr>\n<tr>\n<td width=\"72\"><strong>Stodo\u0142a &#8211; g\u00f3ra<\/strong><\/td>\n<td width=\"81\"><strong>Stodo\u0142a kamienna i Sto\u0142\u00f3wka<\/strong><\/td>\n<td width=\"72\"><strong>Sto\u0142y za stodo\u0142\u0105<br \/>\n<\/strong><\/td>\n<td width=\"105\"><strong>Chata Adama<\/strong><\/td>\n<td width=\"105\"><strong>Zbi\u00f3rka przy totemie<\/strong><\/td>\n<td width=\"88\"><strong>Sala Kinowa<\/strong><\/td>\n<\/tr>\n<tr>\n<td width=\"72\"><a title=\"Inkorporejted\" href=\"http:\/\/dreamhaven.pl\/2015\/2015\/inkorporejted\/\" target=\"_blank\">13:00-17:00 Inkorporejted<\/a><\/td>\n<td width=\"81\">\u00a0<\/td>\n<td width=\"72\">\n<p><a href=\"http:\/\/dreamhaven.pl\/2015\/2015\/warsztaty-papier-olowek-pedzelek\/\" target=\"_blank\">11:00-14:00<\/a><\/p>\n<p><a href=\"http:\/\/dreamhaven.pl\/2015\/2015\/warsztaty-papier-olowek-pedzelek\/\" target=\"_blank\">\u00a0Warsztaty: papier, o\u0142\u00f3wek, p\u0119dzelek<\/a><\/p>\n<\/td>\n<td width=\"105\">\u00a0<\/td>\n<td width=\"105\">\u00a0<\/td>\n<td width=\"88\"><a href=\"http:\/\/dreamhaven.pl\/2015\/2015\/chlopiec-ktory\/\" target=\"_blank\">11:00-24:00<br \/>\n Ch\u0142opiec, kt\u00f3ry&#8230;<\/a><\/td>\n<\/tr>\n<tr>\n<td width=\"72\">\u00a017:00-22:00 Bal na Trzeciej Ziemi<\/td>\n<td width=\"81\"><a title=\"Tylko mnie kochaj 2.0\" href=\"http:\/\/dreamhaven.pl\/2015\/2015\/tylko-mnie-kochaj-2-0\/\">14:00-17:00 Tylko mnie kochaj 2.0<\/a><\/td>\n<td width=\"72\">\u00a0<\/td>\n<td width=\"105\">19:00-21:00 <br \/>\nRose Tattoo<\/td>\n<td width=\"105\">\n<p><a href=\"http:\/\/dreamhaven.pl\/2015\/2015\/fight-night-2-escalation\/\">21:00-22:00<\/a><\/p>\n<p><a href=\"http:\/\/dreamhaven.pl\/2015\/2015\/fight-night-2-escalation\/\">Spotkanie klubu: Warsztaty Fight Night<\/a><\/p>\n<\/td>\n<td width=\"88\">\u00a0<\/td>\n<\/tr>\n<\/tbody>\n<\/table>\n<table width=\"330\">\n<tbody>\n<tr>\n<td width=\"72\">\n<p><strong>07.07.<\/strong><\/p>\n<p><strong> wtorek<br \/>\n<\/strong><\/p>\n<\/td>\n<td width=\"81\">\u00a0<\/td>\n<td width=\"81\">\u00a0<\/td>\n<td width=\"81\"><strong>\u00a0<\/strong><\/td>\n<td width=\"72\"><strong>\u00a0<\/strong><\/td>\n<td width=\"105\"><strong>\u00a0<\/strong><\/td>\n<\/tr>\n<tr>\n<td width=\"72\"><strong>Stodo\u0142a &#8211; g\u00f3ra<\/strong><\/td>\n<td width=\"81\"><strong>Zbi\u00f3rka przy totemie<\/strong><\/td>\n<td width=\"81\"><strong>Chata Adama<\/strong><\/td>\n<td width=\"81\"><strong>Sto\u0142\u00f3wka<\/strong><\/td>\n<td width=\"72\"><strong>Boisko<\/strong><\/td>\n<td width=\"105\"><strong>Sala kinowa<\/strong><\/td>\n<\/tr>\n<tr>\n<td width=\"72\">\u00a0<\/td>\n<td width=\"81\">\u00a0<\/td>\n<td width=\"81\">\u00a0<\/td>\n<td width=\"81\">16:00-18:00 <br \/>\nWarsztaty j\u0119zyka walijskiego<\/td>\n<td width=\"72\"><a href=\"http:\/\/dreamhaven.pl\/2015\/2015\/joga\/\" target=\"_blank\">11:00-12:00 <br \/>\nJoga<\/a><\/td>\n<td width=\"105\"><a title=\"Ch\u0142opiec, kt\u00f3ry\u2026\" href=\"http:\/\/dreamhaven.pl\/2015\/2015\/chlopiec-ktory\/\" target=\"_blank\">00:00-17:00<br \/>\n Ch\u0142opiec, kt\u00f3ry<\/a> (zako\u0144czenie)<\/td>\n<\/tr>\n<tr>\n<td width=\"72\">18:00-23:00<br \/>\n Powr\u00f3t<\/td>\n<td width=\"81\">\u00a0<\/td>\n<td width=\"81\"><a title=\"Mija nas\u00a0czas\" href=\"http:\/\/dreamhaven.pl\/2015\/2015\/mija-nas-czas\/\" target=\"_blank\">19:00-22:00 <br \/>\nMija nas czas<\/a><\/td>\n<td width=\"81\"><a href=\"http:\/\/dreamhaven.pl\/2015\/2015\/switch\/\" target=\"_blank\">19:00-23:00 <\/a><br \/>\n<a href=\"http:\/\/dreamhaven.pl\/2015\/2015\/switch\/\" target=\"_blank\">Switch!<\/a><\/td>\n<td width=\"72\"><a title=\"Warsztaty ta\u0144ca orientalnego\" href=\"http:\/\/dreamhaven.pl\/2015\/2015\/warsztaty-tanca-orientalnego\/\" target=\"_blank\">16:00-18:00 <br \/>\nWarsztaty ta\u0144ca orientalnego<\/a><\/td>\n<td width=\"105\"><a title=\"Czekaj\u0105c na Ksi\u0119cia\" href=\"http:\/\/dreamhaven.pl\/2015\/2015\/czekajac-na-ksiecia\/\" target=\"_blank\">19:00-21:00 <\/a><br \/>\n<a title=\"Czekaj\u0105c na Ksi\u0119cia\" href=\"http:\/\/dreamhaven.pl\/2015\/2015\/czekajac-na-ksiecia\/\" target=\"_blank\">Czekaj\u0105c na ksi\u0119cia<\/a><\/td>\n<\/tr>\n<tr>\n<td width=\"72\">\u00a0<\/td>\n<td width=\"81\"><a title=\"Hyakumonogatari Kaidankai\" href=\"http:\/\/dreamhaven.pl\/2015\/2015\/hyakumonogatari-kaidankai\/\" target=\"_blank\">24:00-03:00 <\/a><br \/>\n<a title=\"Hyakumonogatari Kaidankai\" href=\"http:\/\/dreamhaven.pl\/2015\/2015\/hyakumonogatari-kaidankai\/\" target=\"_blank\">Hyakumonogatari Kaidankai<\/a><\/td>\n<td width=\"81\">\u00a0<\/td>\n<td width=\"81\">\u00a0<\/td>\n<td width=\"72\">\u00a0<\/td>\n<td width=\"105\">\u00a0<\/td>\n<\/tr>\n<\/tbody>\n<\/table>\n<table width=\"153\">\n<tbody>\n<tr>\n<td width=\"72\"><strong>08.-10.07.<\/strong><\/td>\n<td width=\"81\"><strong>11.07.<\/strong><\/td>\n<\/tr>\n<tr>\n<td width=\"72\"><strong>\u015broda &#8211; pi\u0105tek<\/strong><\/td>\n<td width=\"81\"><strong>sobota<\/strong><\/td>\n<\/tr>\n<tr>\n<td width=\"72\">warsztaty<br \/>\n Gra g\u0142\u00f3wna: Zach\u00f3d, Przebudzenie Opowie\u015bci<\/td>\n<td width=\"81\"><strong>Stodo\u0142a &#8211; g\u00f3ra<\/strong><\/td>\n<\/tr>\n<tr>\n<td width=\"72\">\u00a0<\/td>\n<td width=\"81\"><a title=\"Geriatrix\" href=\"http:\/\/dreamhaven.pl\/2015\/2015\/geriatrix\/\" target=\"_blank\">13:00-17:00<br \/>\n Geriatrix<\/a><\/td>\n<\/tr>\n<tr>\n<td width=\"72\">\u00a0<\/td>\n<td width=\"81\"><a href=\"http:\/\/dreamhaven.pl\/2015\/2015\/fight-night-2-escalation\/\">17:00-22:00 <\/a><br \/>\n<a href=\"http:\/\/dreamhaven.pl\/2015\/2015\/fight-night-2-escalation\/\">Fight Night<\/a><\/td>\n<\/tr>\n<tr>\n<td width=\"72\">\u00a0<\/td>\n<td width=\"81\">ZAMKNI\u0118CIE?<\/td>\n<\/tr>\n<\/tbody>\n<\/table>\n","protected":false},"excerpt":{"rendered":"<p>Program DH\u00a0&#8211; program w formie excel&#8217;a, do pobrania Linki otwieraj\u0105 si\u0119 w nowych oknach. Enjoy! 03.07.\u00a0\u00a0pi\u0105tek \u00a0 Stodo\u0142a &#8211; g\u00f3ra &nbsp; 21:00-01:00 Mega impra z ogniskiem &nbsp; 04.07. sobota \u00a0 \u00a0 \u00a0 \u00a0 \u00a0 \u00a0 Stodo\u0142a &#8211; g\u00f3ra Sto\u0142\u00f3wka Sala kinowa Warsztat golem\u00f3w Zbi\u00f3rka przy totemie Plac g\u0142\u00f3wny Sto\u0142y za stodo\u0142\u0105 12:00-13:00 OTWARCIE \u00a0 \u00a0 &hellip; <a href=\"https:\/\/dreamhaven.pl\/2015\/program-imprezy\/\" class=\"more-link\">Czytaj dalej <span class=\"screen-reader-text\">Program imprezy<\/span><\/a><\/p>\n","protected":false},"author":2,"featured_media":303,"parent":0,"menu_order":0,"comment_status":"closed","ping_status":"closed","template":"","meta":{"_monsterinsights_skip_tracking":false,"_monsterinsights_sitenote_active":false,"_monsterinsights_sitenote_note":"","_monsterinsights_sitenote_category":0,"jetpack_post_was_ever_published":false,"footnotes":""},"class_list":["post-855","page","type-page","status-publish","has-post-thumbnail","hentry"],"yoast_head":"<!-- This site is optimized with the Yoast SEO plugin v27.2 - https:\/\/yoast.com\/product\/yoast-seo-wordpress\/ -->\n<title>Program imprezy - DreamHaven 2015<\/title>\n<meta name=\"robots\" content=\"index, follow, max-snippet:-1, max-image-preview:large, max-video-preview:-1\" \/>\n<link rel=\"canonical\" href=\"http:\/\/dreamhaven.pl\/2015\/program-imprezy\/\" \/>\n<meta property=\"og:locale\" content=\"pl_PL\" \/>\n<meta property=\"og:type\" content=\"article\" \/>\n<meta property=\"og:title\" content=\"Program imprezy - DreamHaven 2015\" \/>\n<meta property=\"og:description\" content=\"Program DH\u00a0&#8211; program w formie excel&#8217;a, do pobrania Linki otwieraj\u0105 si\u0119 w nowych oknach. Enjoy! 03.07.\u00a0\u00a0pi\u0105tek \u00a0 Stodo\u0142a &#8211; g\u00f3ra &nbsp; 21:00-01:00 Mega impra z ogniskiem &nbsp; 04.07. sobota \u00a0 \u00a0 \u00a0 \u00a0 \u00a0 \u00a0 Stodo\u0142a &#8211; g\u00f3ra Sto\u0142\u00f3wka Sala kinowa Warsztat golem\u00f3w Zbi\u00f3rka przy totemie Plac g\u0142\u00f3wny Sto\u0142y za stodo\u0142\u0105 12:00-13:00 OTWARCIE \u00a0 \u00a0 &hellip; Czytaj dalej Program imprezy\" \/>\n<meta property=\"og:url\" content=\"http:\/\/dreamhaven.pl\/2015\/program-imprezy\/\" \/>\n<meta property=\"og:site_name\" content=\"DreamHaven 2015\" \/>\n<meta property=\"article:modified_time\" content=\"2017-03-21T00:47:28+00:00\" \/>\n<meta property=\"og:image\" content=\"https:\/\/i0.wp.com\/dreamhaven.pl\/2015\/wp-content\/uploads\/sites\/2\/2014\/12\/program.jpg?fit=1230%2C409\" \/>\n\t<meta property=\"og:image:width\" content=\"1230\" \/>\n\t<meta property=\"og:image:height\" content=\"409\" \/>\n\t<meta property=\"og:image:type\" content=\"image\/jpeg\" \/>\n<meta name=\"twitter:card\" content=\"summary_large_image\" \/>\n<meta name=\"twitter:label1\" content=\"Szacowany czas czytania\" \/>\n\t<meta name=\"twitter:data1\" content=\"2 minuty\" \/>\n<script type=\"application\/ld+json\" class=\"yoast-schema-graph\">{\"@context\":\"https:\/\/schema.org\",\"@graph\":[{\"@type\":\"WebPage\",\"@id\":\"http:\/\/dreamhaven.pl\/2015\/program-imprezy\/\",\"url\":\"http:\/\/dreamhaven.pl\/2015\/program-imprezy\/\",\"name\":\"Program imprezy - DreamHaven 2015\",\"isPartOf\":{\"@id\":\"http:\/\/dreamhaven.pl\/2015\/#website\"},\"primaryImageOfPage\":{\"@id\":\"http:\/\/dreamhaven.pl\/2015\/program-imprezy\/#primaryimage\"},\"image\":{\"@id\":\"http:\/\/dreamhaven.pl\/2015\/program-imprezy\/#primaryimage\"},\"thumbnailUrl\":\"https:\/\/i0.wp.com\/dreamhaven.pl\/2015\/wp-content\/uploads\/sites\/2\/2014\/12\/program.jpg?fit=1230%2C409&ssl=1\",\"datePublished\":\"2015-05-07T21:20:52+00:00\",\"dateModified\":\"2017-03-21T00:47:28+00:00\",\"breadcrumb\":{\"@id\":\"http:\/\/dreamhaven.pl\/2015\/program-imprezy\/#breadcrumb\"},\"inLanguage\":\"pl-PL\",\"potentialAction\":[{\"@type\":\"ReadAction\",\"target\":[\"http:\/\/dreamhaven.pl\/2015\/program-imprezy\/\"]}]},{\"@type\":\"ImageObject\",\"inLanguage\":\"pl-PL\",\"@id\":\"http:\/\/dreamhaven.pl\/2015\/program-imprezy\/#primaryimage\",\"url\":\"https:\/\/i0.wp.com\/dreamhaven.pl\/2015\/wp-content\/uploads\/sites\/2\/2014\/12\/program.jpg?fit=1230%2C409&ssl=1\",\"contentUrl\":\"https:\/\/i0.wp.com\/dreamhaven.pl\/2015\/wp-content\/uploads\/sites\/2\/2014\/12\/program.jpg?fit=1230%2C409&ssl=1\",\"width\":1230,\"height\":409},{\"@type\":\"BreadcrumbList\",\"@id\":\"http:\/\/dreamhaven.pl\/2015\/program-imprezy\/#breadcrumb\",\"itemListElement\":[{\"@type\":\"ListItem\",\"position\":1,\"name\":\"Home\",\"item\":\"http:\/\/dreamhaven.pl\/2015\/\"},{\"@type\":\"ListItem\",\"position\":2,\"name\":\"Program imprezy\"}]},{\"@type\":\"WebSite\",\"@id\":\"http:\/\/dreamhaven.pl\/2015\/#website\",\"url\":\"http:\/\/dreamhaven.pl\/2015\/\",\"name\":\"DreamHaven 2015\",\"description\":\"Festiwal Innowacji Larpowych\",\"potentialAction\":[{\"@type\":\"SearchAction\",\"target\":{\"@type\":\"EntryPoint\",\"urlTemplate\":\"http:\/\/dreamhaven.pl\/2015\/?s={search_term_string}\"},\"query-input\":{\"@type\":\"PropertyValueSpecification\",\"valueRequired\":true,\"valueName\":\"search_term_string\"}}],\"inLanguage\":\"pl-PL\"}]}<\/script>\n<!-- \/ Yoast SEO plugin. -->","yoast_head_json":{"title":"Program imprezy - DreamHaven 2015","robots":{"index":"index","follow":"follow","max-snippet":"max-snippet:-1","max-image-preview":"max-image-preview:large","max-video-preview":"max-video-preview:-1"},"canonical":"http:\/\/dreamhaven.pl\/2015\/program-imprezy\/","og_locale":"pl_PL","og_type":"article","og_title":"Program imprezy - DreamHaven 2015","og_description":"Program DH\u00a0&#8211; program w formie excel&#8217;a, do pobrania Linki otwieraj\u0105 si\u0119 w nowych oknach. Enjoy! 03.07.\u00a0\u00a0pi\u0105tek \u00a0 Stodo\u0142a &#8211; g\u00f3ra &nbsp; 21:00-01:00 Mega impra z ogniskiem &nbsp; 04.07. sobota \u00a0 \u00a0 \u00a0 \u00a0 \u00a0 \u00a0 Stodo\u0142a &#8211; g\u00f3ra Sto\u0142\u00f3wka Sala kinowa Warsztat golem\u00f3w Zbi\u00f3rka przy totemie Plac g\u0142\u00f3wny Sto\u0142y za stodo\u0142\u0105 12:00-13:00 OTWARCIE \u00a0 \u00a0 &hellip; Czytaj dalej Program imprezy","og_url":"http:\/\/dreamhaven.pl\/2015\/program-imprezy\/","og_site_name":"DreamHaven 2015","article_modified_time":"2017-03-21T00:47:28+00:00","og_image":[{"width":1230,"height":409,"url":"https:\/\/i0.wp.com\/dreamhaven.pl\/2015\/wp-content\/uploads\/sites\/2\/2014\/12\/program.jpg?fit=1230%2C409","type":"image\/jpeg"}],"twitter_card":"summary_large_image","twitter_misc":{"Szacowany czas czytania":"2 minuty"},"schema":{"@context":"https:\/\/schema.org","@graph":[{"@type":"WebPage","@id":"http:\/\/dreamhaven.pl\/2015\/program-imprezy\/","url":"http:\/\/dreamhaven.pl\/2015\/program-imprezy\/","name":"Program imprezy - DreamHaven 2015","isPartOf":{"@id":"http:\/\/dreamhaven.pl\/2015\/#website"},"primaryImageOfPage":{"@id":"http:\/\/dreamhaven.pl\/2015\/program-imprezy\/#primaryimage"},"image":{"@id":"http:\/\/dreamhaven.pl\/2015\/program-imprezy\/#primaryimage"},"thumbnailUrl":"https:\/\/i0.wp.com\/dreamhaven.pl\/2015\/wp-content\/uploads\/sites\/2\/2014\/12\/program.jpg?fit=1230%2C409&ssl=1","datePublished":"2015-05-07T21:20:52+00:00","dateModified":"2017-03-21T00:47:28+00:00","breadcrumb":{"@id":"http:\/\/dreamhaven.pl\/2015\/program-imprezy\/#breadcrumb"},"inLanguage":"pl-PL","potentialAction":[{"@type":"ReadAction","target":["http:\/\/dreamhaven.pl\/2015\/program-imprezy\/"]}]},{"@type":"ImageObject","inLanguage":"pl-PL","@id":"http:\/\/dreamhaven.pl\/2015\/program-imprezy\/#primaryimage","url":"https:\/\/i0.wp.com\/dreamhaven.pl\/2015\/wp-content\/uploads\/sites\/2\/2014\/12\/program.jpg?fit=1230%2C409&ssl=1","contentUrl":"https:\/\/i0.wp.com\/dreamhaven.pl\/2015\/wp-content\/uploads\/sites\/2\/2014\/12\/program.jpg?fit=1230%2C409&ssl=1","width":1230,"height":409},{"@type":"BreadcrumbList","@id":"http:\/\/dreamhaven.pl\/2015\/program-imprezy\/#breadcrumb","itemListElement":[{"@type":"ListItem","position":1,"name":"Home","item":"http:\/\/dreamhaven.pl\/2015\/"},{"@type":"ListItem","position":2,"name":"Program imprezy"}]},{"@type":"WebSite","@id":"http:\/\/dreamhaven.pl\/2015\/#website","url":"http:\/\/dreamhaven.pl\/2015\/","name":"DreamHaven 2015","description":"Festiwal Innowacji Larpowych","potentialAction":[{"@type":"SearchAction","target":{"@type":"EntryPoint","urlTemplate":"http:\/\/dreamhaven.pl\/2015\/?s={search_term_string}"},"query-input":{"@type":"PropertyValueSpecification","valueRequired":true,"valueName":"search_term_string"}}],"inLanguage":"pl-PL"}]}},"jetpack_sharing_enabled":true,"jetpack_shortlink":"https:\/\/wp.me\/P73JPe-dN","jetpack_likes_enabled":true,"_links":{"self":[{"href":"https:\/\/dreamhaven.pl\/2015\/wp-json\/wp\/v2\/pages\/855","targetHints":{"allow":["GET"]}}],"collection":[{"href":"https:\/\/dreamhaven.pl\/2015\/wp-json\/wp\/v2\/pages"}],"about":[{"href":"https:\/\/dreamhaven.pl\/2015\/wp-json\/wp\/v2\/types\/page"}],"author":[{"embeddable":true,"href":"https:\/\/dreamhaven.pl\/2015\/wp-json\/wp\/v2\/users\/2"}],"replies":[{"embeddable":true,"href":"https:\/\/dreamhaven.pl\/2015\/wp-json\/wp\/v2\/comments?post=855"}],"version-history":[{"count":1,"href":"https:\/\/dreamhaven.pl\/2015\/wp-json\/wp\/v2\/pages\/855\/revisions"}],"predecessor-version":[{"id":1393,"href":"https:\/\/dreamhaven.pl\/2015\/wp-json\/wp\/v2\/pages\/855\/revisions\/1393"}],"wp:featuredmedia":[{"embeddable":true,"href":"https:\/\/dreamhaven.pl\/2015\/wp-json\/wp\/v2\/media\/303"}],"wp:attachment":[{"href":"https:\/\/dreamhaven.pl\/2015\/wp-json\/wp\/v2\/media?parent=855"}],"curies":[{"name":"wp","href":"https:\/\/api.w.org\/{rel}","templated":true}]}}